{"id":2409,"date":"2023-01-30T20:01:06","date_gmt":"2023-01-30T19:01:06","guid":{"rendered":"https:\/\/fml.com.pl\/ang\/?page_id=2409"},"modified":"2024-07-31T15:33:53","modified_gmt":"2024-07-31T13:33:53","slug":"scandinavian-concrete-mixer-with-telescopic-chute","status":"publish","type":"page","link":"https:\/\/fml.com.pl\/ang\/offer\/concrete-mixers\/scandinavian-concrete-mixer-with-telescopic-chute\/","title":{"rendered":"Scandinavian concrete mixer with telescopic chute"},"content":{"rendered":"<p><iframe loading=\"lazy\" title=\"YouTube video player\" src=\"https:\/\/www.youtube.com\/embed\/d1qo2xdQi3k\" width=\"100%\" height=\"615\" frameborder=\"0\" allowfullscreen=\"allowfullscreen\"><\/iframe><\/p>\n<p><iframe loading=\"lazy\" title=\"YouTube video player\" src=\"https:\/\/www.youtube.com\/embed\/odKoymg9JO4\" width=\"100%\" height=\"450\" frameborder=\"0\" allowfullscreen=\"allowfullscreen\"><\/iframe><\/p>\n<p><iframe loading=\"lazy\" title=\"YouTube video player\" src=\"https:\/\/www.youtube.com\/embed\/C39ljZzCBFE\" width=\"100%\" height=\"450\" frameborder=\"0\" allowfullscreen=\"allowfullscreen\"><\/iframe><\/p>\n<p>Betonomieszarka z rynn\u0105 hydrauliczn\u0105 o d\u0142ugo\u015bci dziewi\u0119ciu metr\u00f3w pozwala na transportowanie mieszanki betonowej na odleg\u0142o\u015b\u0107 do 10 metr\u00f3w bez u\u017cywania maszyn do pompowania betonu. Rynna teleskopowa jest sterowana radiowo. Przy jej pomocy beton mo\u017cna podawa\u0107 na ciasnej, ograniczonej powierzchni, na kt\u00f3rej rozstawienie podp\u00f3r pompy nie by\u0142oby mo\u017cliwe. Rozwi\u0105zanie przynosi w efekcie du\u017ce oszcz\u0119dno\u015bci finansowe, poniewa\u017c istnieje mo\u017cliwo\u015b\u0107 redukcji ilo\u015bci maszyn do pompowania betonu. Mo\u017cna przyj\u0105\u0107, \u017ce wykorzystanie 2 &#8211; 3 betonomieszarek z rynnami teleskopowymi w wytw\u00f3rni betonu oznacza mo\u017cliwo\u015b\u0107 wyeliminowania jednej pompogruszki lub pompy.<\/p>\n<p>Bardzo ciekawym rozwi\u0105zaniem jest sterowanie elektryczno-hydrauliczne opracowane wed\u0142ug w\u0142asnego projektu. S\u0142u\u017cy ono do sterowania rynn\u0105 teleskopow\u0105, kr\u00f3tk\u0105 (pomocnicz\u0105) rynn\u0105 spustow\u0105, lejem zasypowym oraz mieszalnikiem. Rozwi\u0105zanie to cieszy si\u0119 ogromn\u0105 popularno\u015bci\u0105 na rynku skandynawskim. Co wi\u0119cej, kszta\u0142t mieszalnika przypominaj\u0105cy cygaro jest bardzo charakterystyczny dla Skandynawii. Wyd\u0142u\u017cony b\u0119ben potrafi pomie\u015bci\u0107 10 m3 betonu.<\/p>\n","protected":false},"excerpt":{"rendered":"<p>Betonomieszarka z rynn\u0105 hydrauliczn\u0105 o d\u0142ugo\u015bci dziewi\u0119ciu metr\u00f3w pozwala na transportowanie mieszanki betonowej na odleg\u0142o\u015b\u0107 do 10 metr\u00f3w bez u\u017cywania maszyn do pompowania betonu. Rynna teleskopowa jest sterowana radiowo. Przy jej pomocy beton mo\u017cna podawa\u0107 na ciasnej, ograniczonej powierzchni, na&#8230;<\/p>\n","protected":false},"author":1,"featured_media":1070,"parent":36,"menu_order":2,"comment_status":"closed","ping_status":"closed","template":"oferta-betonomieszarki-level-wymiar.php","meta":{"_acf_changed":false,"footnotes":""},"acf":[],"yoast_head":"<!-- This site is optimized with the Yoast SEO plugin v22.0 - https:\/\/yoast.com\/wordpress\/plugins\/seo\/ -->\n<title>Scandinavian concrete mixer with telescopic chute - Fabryka Maszyn Le\u017cajsk<\/title>\n<meta name=\"robots\" content=\"index, follow, max-snippet:-1, max-image-preview:large, max-video-preview:-1\" \/>\n<link rel=\"canonical\" href=\"https:\/\/fml.com.pl\/ang\/offer\/concrete-mixers\/scandinavian-concrete-mixer-with-telescopic-chute\/\" \/>\n<meta property=\"og:locale\" content=\"pl_PL\" \/>\n<meta property=\"og:type\" content=\"article\" \/>\n<meta property=\"og:title\" content=\"Scandinavian concrete mixer with telescopic chute - Fabryka Maszyn Le\u017cajsk\" \/>\n<meta property=\"og:description\" content=\"Betonomieszarka z rynn\u0105 hydrauliczn\u0105 o d\u0142ugo\u015bci dziewi\u0119ciu metr\u00f3w pozwala na transportowanie mieszanki betonowej na odleg\u0142o\u015b\u0107 do 10 metr\u00f3w bez u\u017cywania maszyn do pompowania betonu. Rynna teleskopowa jest sterowana radiowo. Przy jej pomocy beton mo\u017cna podawa\u0107 na ciasnej, ograniczonej powierzchni, na...\" \/>\n<meta property=\"og:url\" content=\"https:\/\/fml.com.pl\/ang\/offer\/concrete-mixers\/scandinavian-concrete-mixer-with-telescopic-chute\/\" \/>\n<meta property=\"og:site_name\" content=\"Fabryka Maszyn Le\u017cajsk\" \/>\n<meta property=\"article:modified_time\" content=\"2024-07-31T13:33:53+00:00\" \/>\n<meta property=\"og:image\" content=\"https:\/\/fml.com.pl\/ang\/wp-content\/uploads\/2022\/11\/BETONOMIESZARKA-SKANDYNAWSKA-Z-RYNNA-TELESKOPOWA-1024x683.png\" \/>\n\t<meta property=\"og:image:width\" content=\"1024\" \/>\n\t<meta property=\"og:image:height\" content=\"683\" \/>\n\t<meta property=\"og:image:type\" content=\"image\/png\" \/>\n<meta name=\"twitter:card\" content=\"summary_large_image\" \/>\n<meta name=\"twitter:label1\" content=\"Szacowany czas czytania\" \/>\n\t<meta name=\"twitter:data1\" content=\"2 minuty\" \/>\n<script type=\"application\/ld+json\" class=\"yoast-schema-graph\">{\"@context\":\"https:\/\/schema.org\",\"@graph\":[{\"@type\":\"WebPage\",\"@id\":\"https:\/\/fml.com.pl\/ang\/offer\/concrete-mixers\/scandinavian-concrete-mixer-with-telescopic-chute\/\",\"url\":\"https:\/\/fml.com.pl\/ang\/offer\/concrete-mixers\/scandinavian-concrete-mixer-with-telescopic-chute\/\",\"name\":\"Scandinavian concrete mixer with telescopic chute - Fabryka Maszyn Le\u017cajsk\",\"isPartOf\":{\"@id\":\"https:\/\/fml.com.pl\/ang\/#website\"},\"datePublished\":\"2023-01-30T19:01:06+00:00\",\"dateModified\":\"2024-07-31T13:33:53+00:00\",\"breadcrumb\":{\"@id\":\"https:\/\/fml.com.pl\/ang\/offer\/concrete-mixers\/scandinavian-concrete-mixer-with-telescopic-chute\/#breadcrumb\"},\"inLanguage\":\"pl-PL\",\"potentialAction\":[{\"@type\":\"ReadAction\",\"target\":[\"https:\/\/fml.com.pl\/ang\/offer\/concrete-mixers\/scandinavian-concrete-mixer-with-telescopic-chute\/\"]}]},{\"@type\":\"BreadcrumbList\",\"@id\":\"https:\/\/fml.com.pl\/ang\/offer\/concrete-mixers\/scandinavian-concrete-mixer-with-telescopic-chute\/#breadcrumb\",\"itemListElement\":[{\"@type\":\"ListItem\",\"position\":1,\"name\":\"Home\",\"item\":\"https:\/\/fml.com.pl\/ang\/\"},{\"@type\":\"ListItem\",\"position\":2,\"name\":\"Offer\",\"item\":\"https:\/\/fml.com.pl\/ang\/offer\/\"},{\"@type\":\"ListItem\",\"position\":3,\"name\":\"Concrete mixers\",\"item\":\"https:\/\/fml.com.pl\/ang\/offer\/concrete-mixers\/\"},{\"@type\":\"ListItem\",\"position\":4,\"name\":\"Scandinavian concrete mixer with telescopic chute\"}]},{\"@type\":\"WebSite\",\"@id\":\"https:\/\/fml.com.pl\/ang\/#website\",\"url\":\"https:\/\/fml.com.pl\/ang\/\",\"name\":\"Fabryka Maszyn Le\u017cajsk\",\"description\":\"\",\"potentialAction\":[{\"@type\":\"SearchAction\",\"target\":{\"@type\":\"EntryPoint\",\"urlTemplate\":\"https:\/\/fml.com.pl\/ang\/?s={search_term_string}\"},\"query-input\":\"required name=search_term_string\"}],\"inLanguage\":\"pl-PL\"}]}<\/script>\n<!-- \/ Yoast SEO plugin. -->","yoast_head_json":{"title":"Scandinavian concrete mixer with telescopic chute - Fabryka Maszyn Le\u017cajsk","robots":{"index":"index","follow":"follow","max-snippet":"max-snippet:-1","max-image-preview":"max-image-preview:large","max-video-preview":"max-video-preview:-1"},"canonical":"https:\/\/fml.com.pl\/ang\/offer\/concrete-mixers\/scandinavian-concrete-mixer-with-telescopic-chute\/","og_locale":"pl_PL","og_type":"article","og_title":"Scandinavian concrete mixer with telescopic chute - Fabryka Maszyn Le\u017cajsk","og_description":"Betonomieszarka z rynn\u0105 hydrauliczn\u0105 o d\u0142ugo\u015bci dziewi\u0119ciu metr\u00f3w pozwala na transportowanie mieszanki betonowej na odleg\u0142o\u015b\u0107 do 10 metr\u00f3w bez u\u017cywania maszyn do pompowania betonu. Rynna teleskopowa jest sterowana radiowo. Przy jej pomocy beton mo\u017cna podawa\u0107 na ciasnej, ograniczonej powierzchni, na...","og_url":"https:\/\/fml.com.pl\/ang\/offer\/concrete-mixers\/scandinavian-concrete-mixer-with-telescopic-chute\/","og_site_name":"Fabryka Maszyn Le\u017cajsk","article_modified_time":"2024-07-31T13:33:53+00:00","og_image":[{"width":1024,"height":683,"url":"https:\/\/fml.com.pl\/ang\/wp-content\/uploads\/2022\/11\/BETONOMIESZARKA-SKANDYNAWSKA-Z-RYNNA-TELESKOPOWA-1024x683.png","type":"image\/png"}],"twitter_card":"summary_large_image","twitter_misc":{"Szacowany czas czytania":"2 minuty"},"schema":{"@context":"https:\/\/schema.org","@graph":[{"@type":"WebPage","@id":"https:\/\/fml.com.pl\/ang\/offer\/concrete-mixers\/scandinavian-concrete-mixer-with-telescopic-chute\/","url":"https:\/\/fml.com.pl\/ang\/offer\/concrete-mixers\/scandinavian-concrete-mixer-with-telescopic-chute\/","name":"Scandinavian concrete mixer with telescopic chute - Fabryka Maszyn Le\u017cajsk","isPartOf":{"@id":"https:\/\/fml.com.pl\/ang\/#website"},"datePublished":"2023-01-30T19:01:06+00:00","dateModified":"2024-07-31T13:33:53+00:00","breadcrumb":{"@id":"https:\/\/fml.com.pl\/ang\/offer\/concrete-mixers\/scandinavian-concrete-mixer-with-telescopic-chute\/#breadcrumb"},"inLanguage":"pl-PL","potentialAction":[{"@type":"ReadAction","target":["https:\/\/fml.com.pl\/ang\/offer\/concrete-mixers\/scandinavian-concrete-mixer-with-telescopic-chute\/"]}]},{"@type":"BreadcrumbList","@id":"https:\/\/fml.com.pl\/ang\/offer\/concrete-mixers\/scandinavian-concrete-mixer-with-telescopic-chute\/#breadcrumb","itemListElement":[{"@type":"ListItem","position":1,"name":"Home","item":"https:\/\/fml.com.pl\/ang\/"},{"@type":"ListItem","position":2,"name":"Offer","item":"https:\/\/fml.com.pl\/ang\/offer\/"},{"@type":"ListItem","position":3,"name":"Concrete mixers","item":"https:\/\/fml.com.pl\/ang\/offer\/concrete-mixers\/"},{"@type":"ListItem","position":4,"name":"Scandinavian concrete mixer with telescopic chute"}]},{"@type":"WebSite","@id":"https:\/\/fml.com.pl\/ang\/#website","url":"https:\/\/fml.com.pl\/ang\/","name":"Fabryka Maszyn Le\u017cajsk","description":"","potentialAction":[{"@type":"SearchAction","target":{"@type":"EntryPoint","urlTemplate":"https:\/\/fml.com.pl\/ang\/?s={search_term_string}"},"query-input":"required name=search_term_string"}],"inLanguage":"pl-PL"}]}},"_links":{"self":[{"href":"https:\/\/fml.com.pl\/ang\/wp-json\/wp\/v2\/pages\/2409"}],"collection":[{"href":"https:\/\/fml.com.pl\/ang\/wp-json\/wp\/v2\/pages"}],"about":[{"href":"https:\/\/fml.com.pl\/ang\/wp-json\/wp\/v2\/types\/page"}],"author":[{"embeddable":true,"href":"https:\/\/fml.com.pl\/ang\/wp-json\/wp\/v2\/users\/1"}],"replies":[{"embeddable":true,"href":"https:\/\/fml.com.pl\/ang\/wp-json\/wp\/v2\/comments?post=2409"}],"version-history":[{"count":5,"href":"https:\/\/fml.com.pl\/ang\/wp-json\/wp\/v2\/pages\/2409\/revisions"}],"predecessor-version":[{"id":3632,"href":"https:\/\/fml.com.pl\/ang\/wp-json\/wp\/v2\/pages\/2409\/revisions\/3632"}],"up":[{"embeddable":true,"href":"https:\/\/fml.com.pl\/ang\/wp-json\/wp\/v2\/pages\/36"}],"wp:featuredmedia":[{"embeddable":true,"href":"https:\/\/fml.com.pl\/ang\/wp-json\/wp\/v2\/media\/1070"}],"wp:attachment":[{"href":"https:\/\/fml.com.pl\/ang\/wp-json\/wp\/v2\/media?parent=2409"}],"curies":[{"name":"wp","href":"https:\/\/api.w.org\/{rel}","templated":true}]}}