{"id":10,"date":"2021-07-10T13:08:29","date_gmt":"2021-07-10T11:08:29","guid":{"rendered":"https:\/\/fml.com.pl\/de\/?page_id=10"},"modified":"2024-11-29T18:27:38","modified_gmt":"2024-11-29T17:27:38","slug":"uber-uns","status":"publish","type":"page","link":"https:\/\/fml.com.pl\/de\/uber-uns\/","title":{"rendered":"\u00dcber uns"},"content":{"rendered":"<p>Das FML-Werk, einzigartig in Polen, z\u00f6hlt als gr\u00f6\u00dfter Hersteller mobiler hydroulischer Betonmischer in der Region Osteuropa und ist ein f\u00fchrender Hersteller von Botterielastwagen und -troktoren.<br \/>\nFML wurde inn Mai 1970 als eine Niederlassung von Huta Stalowo Wom, dem gr\u00f6\u00dften polnischen Hersteller von Boumoschinen, gegr\u00fcndet. Inn Jahr 1978 erfolgte die Abspaltung des Unternehmens aIs unabh\u00f6ngiges Werk aus der Struktur von HSW.<\/p>\n<p>Nach mehr als 50 Jahren sind die drei S\u00f6ulen des Fabrikbetriebs unver\u00f6ndert geblieben:<\/p>\n<ul>\n<li>Ort, an dem Betonmischer und Batterielastwagen produziert werden \u2014 das Werk ist fest in der Landschaft und Geschichte der Stadt Le\u017cajsk verankert.<\/li>\n<li>Mitarbeiter \u2014 professionell, erfahren und zuverl\u00f6ssig \u2014 Prozesse und Methoden, die zur Herstellung zuverl\u00f6ssiger und langlebiger Ausr\u00fcstung notwendig sind, werden \u00fcber die Generationen weitergegeben.<\/li>\n<li>Hohe Qualit\u00f6t und lange Lebensdauer \u2014 sind im Laufe der Jahre zum Markenzeichen von FML.<\/li>\n<\/ul>\n","protected":false},"excerpt":{"rendered":"<p><iframe loading=\"lazy\" width=\"100%\" height=\"505\" src=\"https:\/\/www.youtube.com\/embed\/wql2xpjH9eQ?si=GwmtnmKtaqIrQ3GB\" title=\"YouTube video player\" frameborder=\"0\" allow=\"accelerometer; autoplay; clipboard-write; encrypted-media; gyroscope; picture-in-picture; web-share\" referrerpolicy=\"strict-origin-when-cross-origin\" allowfullscreen><\/iframe><\/p>\n","protected":false},"author":1,"featured_media":1280,"parent":0,"menu_order":0,"comment_status":"closed","ping_status":"closed","template":"o-firmie.php","meta":{"_acf_changed":false,"footnotes":""},"class_list":["post-10","page","type-page","status-publish","has-post-thumbnail","hentry"],"acf":[],"yoast_head":"<!-- This site is optimized with the Yoast SEO plugin v23.4 - https:\/\/yoast.com\/wordpress\/plugins\/seo\/ -->\n<title>\u00dcber uns - Fabryka Maszyn Le\u017cajsk<\/title>\n<meta name=\"robots\" content=\"index, follow, max-snippet:-1, max-image-preview:large, max-video-preview:-1\" \/>\n<link rel=\"canonical\" href=\"https:\/\/fml.com.pl\/de\/uber-uns\/\" \/>\n<meta property=\"og:locale\" content=\"pl_PL\" \/>\n<meta property=\"og:type\" content=\"article\" \/>\n<meta property=\"og:title\" content=\"\u00dcber uns - Fabryka Maszyn Le\u017cajsk\" \/>\n<meta property=\"og:url\" content=\"https:\/\/fml.com.pl\/de\/uber-uns\/\" \/>\n<meta property=\"og:site_name\" content=\"Fabryka Maszyn Le\u017cajsk\" \/>\n<meta property=\"article:modified_time\" content=\"2024-11-29T17:27:38+00:00\" \/>\n<meta property=\"og:image\" content=\"https:\/\/fml.com.pl\/de\/wp-content\/uploads\/2022\/11\/o-firmie-fml-lezajsk.png\" \/>\n\t<meta property=\"og:image:width\" content=\"995\" \/>\n\t<meta property=\"og:image:height\" content=\"735\" \/>\n\t<meta property=\"og:image:type\" content=\"image\/png\" \/>\n<meta name=\"twitter:card\" content=\"summary_large_image\" \/>\n<meta name=\"twitter:label1\" content=\"Szacowany czas czytania\" \/>\n\t<meta name=\"twitter:data1\" content=\"1 minuta\" \/>\n<script type=\"application\/ld+json\" class=\"yoast-schema-graph\">{\"@context\":\"https:\/\/schema.org\",\"@graph\":[{\"@type\":\"WebPage\",\"@id\":\"https:\/\/fml.com.pl\/de\/uber-uns\/\",\"url\":\"https:\/\/fml.com.pl\/de\/uber-uns\/\",\"name\":\"\u00dcber uns - Fabryka Maszyn Le\u017cajsk\",\"isPartOf\":{\"@id\":\"https:\/\/fml.com.pl\/de\/#website\"},\"primaryImageOfPage\":{\"@id\":\"https:\/\/fml.com.pl\/de\/uber-uns\/#primaryimage\"},\"image\":{\"@id\":\"https:\/\/fml.com.pl\/de\/uber-uns\/#primaryimage\"},\"thumbnailUrl\":\"https:\/\/fml.com.pl\/de\/wp-content\/uploads\/2022\/11\/o-firmie-fml-lezajsk.png\",\"datePublished\":\"2021-07-10T11:08:29+00:00\",\"dateModified\":\"2024-11-29T17:27:38+00:00\",\"inLanguage\":\"pl-PL\",\"potentialAction\":[{\"@type\":\"ReadAction\",\"target\":[\"https:\/\/fml.com.pl\/de\/uber-uns\/\"]}]},{\"@type\":\"ImageObject\",\"inLanguage\":\"pl-PL\",\"@id\":\"https:\/\/fml.com.pl\/de\/uber-uns\/#primaryimage\",\"url\":\"https:\/\/fml.com.pl\/de\/wp-content\/uploads\/2022\/11\/o-firmie-fml-lezajsk.png\",\"contentUrl\":\"https:\/\/fml.com.pl\/de\/wp-content\/uploads\/2022\/11\/o-firmie-fml-lezajsk.png\",\"width\":995,\"height\":735},{\"@type\":\"WebSite\",\"@id\":\"https:\/\/fml.com.pl\/de\/#website\",\"url\":\"https:\/\/fml.com.pl\/de\/\",\"name\":\"Fabryka Maszyn Le\u017cajsk\",\"description\":\"\",\"potentialAction\":[{\"@type\":\"SearchAction\",\"target\":{\"@type\":\"EntryPoint\",\"urlTemplate\":\"https:\/\/fml.com.pl\/de\/?s={search_term_string}\"},\"query-input\":{\"@type\":\"PropertyValueSpecification\",\"valueRequired\":true,\"valueName\":\"search_term_string\"}}],\"inLanguage\":\"pl-PL\"}]}<\/script>\n<!-- \/ Yoast SEO plugin. -->","yoast_head_json":{"title":"\u00dcber uns - Fabryka Maszyn Le\u017cajsk","robots":{"index":"index","follow":"follow","max-snippet":"max-snippet:-1","max-image-preview":"max-image-preview:large","max-video-preview":"max-video-preview:-1"},"canonical":"https:\/\/fml.com.pl\/de\/uber-uns\/","og_locale":"pl_PL","og_type":"article","og_title":"\u00dcber uns - Fabryka Maszyn Le\u017cajsk","og_url":"https:\/\/fml.com.pl\/de\/uber-uns\/","og_site_name":"Fabryka Maszyn Le\u017cajsk","article_modified_time":"2024-11-29T17:27:38+00:00","og_image":[{"width":995,"height":735,"url":"https:\/\/fml.com.pl\/de\/wp-content\/uploads\/2022\/11\/o-firmie-fml-lezajsk.png","type":"image\/png"}],"twitter_card":"summary_large_image","twitter_misc":{"Szacowany czas czytania":"1 minuta"},"schema":{"@context":"https:\/\/schema.org","@graph":[{"@type":"WebPage","@id":"https:\/\/fml.com.pl\/de\/uber-uns\/","url":"https:\/\/fml.com.pl\/de\/uber-uns\/","name":"\u00dcber uns - Fabryka Maszyn Le\u017cajsk","isPartOf":{"@id":"https:\/\/fml.com.pl\/de\/#website"},"primaryImageOfPage":{"@id":"https:\/\/fml.com.pl\/de\/uber-uns\/#primaryimage"},"image":{"@id":"https:\/\/fml.com.pl\/de\/uber-uns\/#primaryimage"},"thumbnailUrl":"https:\/\/fml.com.pl\/de\/wp-content\/uploads\/2022\/11\/o-firmie-fml-lezajsk.png","datePublished":"2021-07-10T11:08:29+00:00","dateModified":"2024-11-29T17:27:38+00:00","inLanguage":"pl-PL","potentialAction":[{"@type":"ReadAction","target":["https:\/\/fml.com.pl\/de\/uber-uns\/"]}]},{"@type":"ImageObject","inLanguage":"pl-PL","@id":"https:\/\/fml.com.pl\/de\/uber-uns\/#primaryimage","url":"https:\/\/fml.com.pl\/de\/wp-content\/uploads\/2022\/11\/o-firmie-fml-lezajsk.png","contentUrl":"https:\/\/fml.com.pl\/de\/wp-content\/uploads\/2022\/11\/o-firmie-fml-lezajsk.png","width":995,"height":735},{"@type":"WebSite","@id":"https:\/\/fml.com.pl\/de\/#website","url":"https:\/\/fml.com.pl\/de\/","name":"Fabryka Maszyn Le\u017cajsk","description":"","potentialAction":[{"@type":"SearchAction","target":{"@type":"EntryPoint","urlTemplate":"https:\/\/fml.com.pl\/de\/?s={search_term_string}"},"query-input":{"@type":"PropertyValueSpecification","valueRequired":true,"valueName":"search_term_string"}}],"inLanguage":"pl-PL"}]}},"_links":{"self":[{"href":"https:\/\/fml.com.pl\/de\/wp-json\/wp\/v2\/pages\/10"}],"collection":[{"href":"https:\/\/fml.com.pl\/de\/wp-json\/wp\/v2\/pages"}],"about":[{"href":"https:\/\/fml.com.pl\/de\/wp-json\/wp\/v2\/types\/page"}],"author":[{"embeddable":true,"href":"https:\/\/fml.com.pl\/de\/wp-json\/wp\/v2\/users\/1"}],"replies":[{"embeddable":true,"href":"https:\/\/fml.com.pl\/de\/wp-json\/wp\/v2\/comments?post=10"}],"version-history":[{"count":26,"href":"https:\/\/fml.com.pl\/de\/wp-json\/wp\/v2\/pages\/10\/revisions"}],"predecessor-version":[{"id":3762,"href":"https:\/\/fml.com.pl\/de\/wp-json\/wp\/v2\/pages\/10\/revisions\/3762"}],"wp:featuredmedia":[{"embeddable":true,"href":"https:\/\/fml.com.pl\/de\/wp-json\/wp\/v2\/media\/1280"}],"wp:attachment":[{"href":"https:\/\/fml.com.pl\/de\/wp-json\/wp\/v2\/media?parent=10"}],"curies":[{"name":"wp","href":"https:\/\/api.w.org\/{rel}","templated":true}]}}