{"id":12,"date":"2021-07-10T13:08:37","date_gmt":"2021-07-10T11:08:37","guid":{"rendered":"https:\/\/fml.com.pl\/de\/?page_id=12"},"modified":"2025-07-10T07:45:09","modified_gmt":"2025-07-10T05:45:09","slug":"angebot","status":"publish","type":"page","link":"https:\/\/fml.com.pl\/de\/angebot\/","title":{"rendered":"Angebot"},"content":{"rendered":"<p><img loading=\"lazy\" decoding=\"async\" class=\"alignnone size-full wp-image-188\" src=\"https:\/\/fml.com.pl\/de\/wp-content\/uploads\/2021\/08\/oferta-fabyka-maszyn.jpg\" alt=\"oferta-fabyka-maszyn\" width=\"1526\" height=\"1013\" srcset=\"https:\/\/fml.com.pl\/de\/wp-content\/uploads\/2021\/08\/oferta-fabyka-maszyn.jpg 1526w, https:\/\/fml.com.pl\/de\/wp-content\/uploads\/2021\/08\/oferta-fabyka-maszyn-300x199.jpg 300w, https:\/\/fml.com.pl\/de\/wp-content\/uploads\/2021\/08\/oferta-fabyka-maszyn-1024x680.jpg 1024w, https:\/\/fml.com.pl\/de\/wp-content\/uploads\/2021\/08\/oferta-fabyka-maszyn-768x510.jpg 768w\" sizes=\"(max-width: 1526px) 100vw, 1526px\" \/><\/p>\n<p>Unser Angebot umfasst sowohl <strong>Betonmischer<\/strong> mit einem Fassungsverm\u00f6gen von 4-12 m3 aus S355-, Strenx- und Hardox-Stahl, als auch mit einem breiten Einsatzspektrum und &lt; station\u00e4re Mischer zum Mischen von losen, trockenen oder halbfl\u00fcssigen Materialien. Dar\u00fcber hinaus fertigen wir Mischer aller Art nach Sonderauftrag des Kunden. Wir f\u00fchren umfassende Renovierungen von Betonmischern und Batteriefahrzeugen durch. Wir fertigen auch Aufbauten f\u00fcr den Einbau in ein Wechselsystem mit Kipper.<\/p>\n","protected":false},"excerpt":{"rendered":"<p>breite Palette von Produkten<\/p>\n","protected":false},"author":1,"featured_media":0,"parent":0,"menu_order":0,"comment_status":"closed","ping_status":"closed","template":"oferta.php","meta":{"_acf_changed":false,"footnotes":""},"class_list":["post-12","page","type-page","status-publish","hentry"],"acf":[],"yoast_head":"<!-- This site is optimized with the Yoast SEO plugin v23.4 - https:\/\/yoast.com\/wordpress\/plugins\/seo\/ -->\n<title>Angebot - Fabryka Maszyn Le\u017cajsk<\/title>\n<meta name=\"description\" content=\"Unser Angebot: Betonmischer, Elektrofahrzeuge, Reparaturen von Batteriestaplern und Betonmischern. Kontaktiere uns.\" \/>\n<meta name=\"robots\" content=\"index, follow, max-snippet:-1, max-image-preview:large, max-video-preview:-1\" \/>\n<link rel=\"canonical\" href=\"https:\/\/fml.com.pl\/de\/angebot\/\" \/>\n<meta property=\"og:locale\" content=\"pl_PL\" \/>\n<meta property=\"og:type\" content=\"article\" \/>\n<meta property=\"og:title\" content=\"Angebot - Fabryka Maszyn Le\u017cajsk\" \/>\n<meta property=\"og:description\" content=\"Unser Angebot: Betonmischer, Elektrofahrzeuge, Reparaturen von Batteriestaplern und Betonmischern. Kontaktiere uns.\" \/>\n<meta property=\"og:url\" content=\"https:\/\/fml.com.pl\/de\/angebot\/\" \/>\n<meta property=\"og:site_name\" content=\"Fabryka Maszyn Le\u017cajsk\" \/>\n<meta property=\"article:modified_time\" content=\"2025-07-10T05:45:09+00:00\" \/>\n<meta property=\"og:image\" content=\"https:\/\/fml.com.pl\/de\/wp-content\/uploads\/2021\/08\/oferta-fabyka-maszyn.jpg\" \/>\n<meta name=\"twitter:card\" content=\"summary_large_image\" \/>\n<meta name=\"twitter:label1\" content=\"Szacowany czas czytania\" \/>\n\t<meta name=\"twitter:data1\" content=\"1 minuta\" \/>\n<script type=\"application\/ld+json\" class=\"yoast-schema-graph\">{\"@context\":\"https:\/\/schema.org\",\"@graph\":[{\"@type\":\"WebPage\",\"@id\":\"https:\/\/fml.com.pl\/de\/angebot\/\",\"url\":\"https:\/\/fml.com.pl\/de\/angebot\/\",\"name\":\"Angebot - Fabryka Maszyn Le\u017cajsk\",\"isPartOf\":{\"@id\":\"https:\/\/fml.com.pl\/de\/#website\"},\"primaryImageOfPage\":{\"@id\":\"https:\/\/fml.com.pl\/de\/angebot\/#primaryimage\"},\"image\":{\"@id\":\"https:\/\/fml.com.pl\/de\/angebot\/#primaryimage\"},\"thumbnailUrl\":\"https:\/\/fml.com.pl\/de\/wp-content\/uploads\/2021\/08\/oferta-fabyka-maszyn.jpg\",\"datePublished\":\"2021-07-10T11:08:37+00:00\",\"dateModified\":\"2025-07-10T05:45:09+00:00\",\"description\":\"Unser Angebot: Betonmischer, Elektrofahrzeuge, Reparaturen von Batteriestaplern und Betonmischern. Kontaktiere uns.\",\"inLanguage\":\"pl-PL\",\"potentialAction\":[{\"@type\":\"ReadAction\",\"target\":[\"https:\/\/fml.com.pl\/de\/angebot\/\"]}]},{\"@type\":\"ImageObject\",\"inLanguage\":\"pl-PL\",\"@id\":\"https:\/\/fml.com.pl\/de\/angebot\/#primaryimage\",\"url\":\"https:\/\/fml.com.pl\/de\/wp-content\/uploads\/2021\/08\/oferta-fabyka-maszyn.jpg\",\"contentUrl\":\"https:\/\/fml.com.pl\/de\/wp-content\/uploads\/2021\/08\/oferta-fabyka-maszyn.jpg\",\"width\":1526,\"height\":1013,\"caption\":\"oferta-fabyka-maszyn\"},{\"@type\":\"WebSite\",\"@id\":\"https:\/\/fml.com.pl\/de\/#website\",\"url\":\"https:\/\/fml.com.pl\/de\/\",\"name\":\"Fabryka Maszyn Le\u017cajsk\",\"description\":\"\",\"potentialAction\":[{\"@type\":\"SearchAction\",\"target\":{\"@type\":\"EntryPoint\",\"urlTemplate\":\"https:\/\/fml.com.pl\/de\/?s={search_term_string}\"},\"query-input\":{\"@type\":\"PropertyValueSpecification\",\"valueRequired\":true,\"valueName\":\"search_term_string\"}}],\"inLanguage\":\"pl-PL\"}]}<\/script>\n<!-- \/ Yoast SEO plugin. -->","yoast_head_json":{"title":"Angebot - Fabryka Maszyn Le\u017cajsk","description":"Unser Angebot: Betonmischer, Elektrofahrzeuge, Reparaturen von Batteriestaplern und Betonmischern. Kontaktiere uns.","robots":{"index":"index","follow":"follow","max-snippet":"max-snippet:-1","max-image-preview":"max-image-preview:large","max-video-preview":"max-video-preview:-1"},"canonical":"https:\/\/fml.com.pl\/de\/angebot\/","og_locale":"pl_PL","og_type":"article","og_title":"Angebot - Fabryka Maszyn Le\u017cajsk","og_description":"Unser Angebot: Betonmischer, Elektrofahrzeuge, Reparaturen von Batteriestaplern und Betonmischern. Kontaktiere uns.","og_url":"https:\/\/fml.com.pl\/de\/angebot\/","og_site_name":"Fabryka Maszyn Le\u017cajsk","article_modified_time":"2025-07-10T05:45:09+00:00","og_image":[{"url":"https:\/\/fml.com.pl\/de\/wp-content\/uploads\/2021\/08\/oferta-fabyka-maszyn.jpg"}],"twitter_card":"summary_large_image","twitter_misc":{"Szacowany czas czytania":"1 minuta"},"schema":{"@context":"https:\/\/schema.org","@graph":[{"@type":"WebPage","@id":"https:\/\/fml.com.pl\/de\/angebot\/","url":"https:\/\/fml.com.pl\/de\/angebot\/","name":"Angebot - Fabryka Maszyn Le\u017cajsk","isPartOf":{"@id":"https:\/\/fml.com.pl\/de\/#website"},"primaryImageOfPage":{"@id":"https:\/\/fml.com.pl\/de\/angebot\/#primaryimage"},"image":{"@id":"https:\/\/fml.com.pl\/de\/angebot\/#primaryimage"},"thumbnailUrl":"https:\/\/fml.com.pl\/de\/wp-content\/uploads\/2021\/08\/oferta-fabyka-maszyn.jpg","datePublished":"2021-07-10T11:08:37+00:00","dateModified":"2025-07-10T05:45:09+00:00","description":"Unser Angebot: Betonmischer, Elektrofahrzeuge, Reparaturen von Batteriestaplern und Betonmischern. Kontaktiere uns.","inLanguage":"pl-PL","potentialAction":[{"@type":"ReadAction","target":["https:\/\/fml.com.pl\/de\/angebot\/"]}]},{"@type":"ImageObject","inLanguage":"pl-PL","@id":"https:\/\/fml.com.pl\/de\/angebot\/#primaryimage","url":"https:\/\/fml.com.pl\/de\/wp-content\/uploads\/2021\/08\/oferta-fabyka-maszyn.jpg","contentUrl":"https:\/\/fml.com.pl\/de\/wp-content\/uploads\/2021\/08\/oferta-fabyka-maszyn.jpg","width":1526,"height":1013,"caption":"oferta-fabyka-maszyn"},{"@type":"WebSite","@id":"https:\/\/fml.com.pl\/de\/#website","url":"https:\/\/fml.com.pl\/de\/","name":"Fabryka Maszyn Le\u017cajsk","description":"","potentialAction":[{"@type":"SearchAction","target":{"@type":"EntryPoint","urlTemplate":"https:\/\/fml.com.pl\/de\/?s={search_term_string}"},"query-input":{"@type":"PropertyValueSpecification","valueRequired":true,"valueName":"search_term_string"}}],"inLanguage":"pl-PL"}]}},"_links":{"self":[{"href":"https:\/\/fml.com.pl\/de\/wp-json\/wp\/v2\/pages\/12"}],"collection":[{"href":"https:\/\/fml.com.pl\/de\/wp-json\/wp\/v2\/pages"}],"about":[{"href":"https:\/\/fml.com.pl\/de\/wp-json\/wp\/v2\/types\/page"}],"author":[{"embeddable":true,"href":"https:\/\/fml.com.pl\/de\/wp-json\/wp\/v2\/users\/1"}],"replies":[{"embeddable":true,"href":"https:\/\/fml.com.pl\/de\/wp-json\/wp\/v2\/comments?post=12"}],"version-history":[{"count":16,"href":"https:\/\/fml.com.pl\/de\/wp-json\/wp\/v2\/pages\/12\/revisions"}],"predecessor-version":[{"id":3784,"href":"https:\/\/fml.com.pl\/de\/wp-json\/wp\/v2\/pages\/12\/revisions\/3784"}],"wp:attachment":[{"href":"https:\/\/fml.com.pl\/de\/wp-json\/wp\/v2\/media?parent=12"}],"curies":[{"name":"wp","href":"https:\/\/api.w.org\/{rel}","templated":true}]}}