{"id":18,"date":"2021-07-10T13:11:33","date_gmt":"2021-07-10T11:11:33","guid":{"rendered":"https:\/\/fml.com.pl\/de\/?page_id=18"},"modified":"2024-07-19T23:38:26","modified_gmt":"2024-07-19T21:38:26","slug":"news","status":"publish","type":"page","link":"https:\/\/fml.com.pl\/de\/news\/","title":{"rendered":"News"},"content":{"rendered":"","protected":false},"excerpt":{"rendered":"","protected":false},"author":1,"featured_media":0,"parent":0,"menu_order":0,"comment_status":"closed","ping_status":"closed","template":"aktualnosci.php","meta":{"_acf_changed":false,"footnotes":""},"class_list":["post-18","page","type-page","status-publish","hentry"],"acf":[],"yoast_head":"<!-- This site is optimized with the Yoast SEO plugin v23.4 - https:\/\/yoast.com\/wordpress\/plugins\/seo\/ -->\n<title>News - Fabryka Maszyn Le\u017cajsk<\/title>\n<meta name=\"description\" content=\"Fabryka Maszyn Le\u017cajsk ist der einzige Hersteller von hydraulischen Stra\u00dfenbetonmischern in Polen und gleichzeitig der gr\u00f6\u00dfte in diesem Teil Europas.\" \/>\n<meta name=\"robots\" content=\"index, follow, max-snippet:-1, max-image-preview:large, max-video-preview:-1\" \/>\n<link rel=\"canonical\" href=\"https:\/\/fml.com.pl\/de\/news\/\" \/>\n<meta property=\"og:locale\" content=\"pl_PL\" \/>\n<meta property=\"og:type\" content=\"article\" \/>\n<meta property=\"og:title\" content=\"News - Fabryka Maszyn Le\u017cajsk\" \/>\n<meta property=\"og:description\" content=\"Fabryka Maszyn Le\u017cajsk ist der einzige Hersteller von hydraulischen Stra\u00dfenbetonmischern in Polen und gleichzeitig der gr\u00f6\u00dfte in diesem Teil Europas.\" \/>\n<meta property=\"og:url\" content=\"https:\/\/fml.com.pl\/de\/news\/\" \/>\n<meta property=\"og:site_name\" content=\"Fabryka Maszyn Le\u017cajsk\" \/>\n<meta property=\"article:modified_time\" content=\"2024-07-19T21:38:26+00:00\" \/>\n<meta name=\"twitter:card\" content=\"summary_large_image\" \/>\n<script type=\"application\/ld+json\" class=\"yoast-schema-graph\">{\"@context\":\"https:\/\/schema.org\",\"@graph\":[{\"@type\":\"WebPage\",\"@id\":\"https:\/\/fml.com.pl\/de\/news\/\",\"url\":\"https:\/\/fml.com.pl\/de\/news\/\",\"name\":\"News - Fabryka Maszyn Le\u017cajsk\",\"isPartOf\":{\"@id\":\"https:\/\/fml.com.pl\/de\/#website\"},\"datePublished\":\"2021-07-10T11:11:33+00:00\",\"dateModified\":\"2024-07-19T21:38:26+00:00\",\"description\":\"Fabryka Maszyn Le\u017cajsk ist der einzige Hersteller von hydraulischen Stra\u00dfenbetonmischern in Polen und gleichzeitig der gr\u00f6\u00dfte in diesem Teil Europas.\",\"inLanguage\":\"pl-PL\",\"potentialAction\":[{\"@type\":\"ReadAction\",\"target\":[\"https:\/\/fml.com.pl\/de\/news\/\"]}]},{\"@type\":\"WebSite\",\"@id\":\"https:\/\/fml.com.pl\/de\/#website\",\"url\":\"https:\/\/fml.com.pl\/de\/\",\"name\":\"Fabryka Maszyn Le\u017cajsk\",\"description\":\"\",\"potentialAction\":[{\"@type\":\"SearchAction\",\"target\":{\"@type\":\"EntryPoint\",\"urlTemplate\":\"https:\/\/fml.com.pl\/de\/?s={search_term_string}\"},\"query-input\":{\"@type\":\"PropertyValueSpecification\",\"valueRequired\":true,\"valueName\":\"search_term_string\"}}],\"inLanguage\":\"pl-PL\"}]}<\/script>\n<!-- \/ Yoast SEO plugin. -->","yoast_head_json":{"title":"News - Fabryka Maszyn Le\u017cajsk","description":"Fabryka Maszyn Le\u017cajsk ist der einzige Hersteller von hydraulischen Stra\u00dfenbetonmischern in Polen und gleichzeitig der gr\u00f6\u00dfte in diesem Teil Europas.","robots":{"index":"index","follow":"follow","max-snippet":"max-snippet:-1","max-image-preview":"max-image-preview:large","max-video-preview":"max-video-preview:-1"},"canonical":"https:\/\/fml.com.pl\/de\/news\/","og_locale":"pl_PL","og_type":"article","og_title":"News - Fabryka Maszyn Le\u017cajsk","og_description":"Fabryka Maszyn Le\u017cajsk ist der einzige Hersteller von hydraulischen Stra\u00dfenbetonmischern in Polen und gleichzeitig der gr\u00f6\u00dfte in diesem Teil Europas.","og_url":"https:\/\/fml.com.pl\/de\/news\/","og_site_name":"Fabryka Maszyn Le\u017cajsk","article_modified_time":"2024-07-19T21:38:26+00:00","twitter_card":"summary_large_image","schema":{"@context":"https:\/\/schema.org","@graph":[{"@type":"WebPage","@id":"https:\/\/fml.com.pl\/de\/news\/","url":"https:\/\/fml.com.pl\/de\/news\/","name":"News - Fabryka Maszyn Le\u017cajsk","isPartOf":{"@id":"https:\/\/fml.com.pl\/de\/#website"},"datePublished":"2021-07-10T11:11:33+00:00","dateModified":"2024-07-19T21:38:26+00:00","description":"Fabryka Maszyn Le\u017cajsk ist der einzige Hersteller von hydraulischen Stra\u00dfenbetonmischern in Polen und gleichzeitig der gr\u00f6\u00dfte in diesem Teil Europas.","inLanguage":"pl-PL","potentialAction":[{"@type":"ReadAction","target":["https:\/\/fml.com.pl\/de\/news\/"]}]},{"@type":"WebSite","@id":"https:\/\/fml.com.pl\/de\/#website","url":"https:\/\/fml.com.pl\/de\/","name":"Fabryka Maszyn Le\u017cajsk","description":"","potentialAction":[{"@type":"SearchAction","target":{"@type":"EntryPoint","urlTemplate":"https:\/\/fml.com.pl\/de\/?s={search_term_string}"},"query-input":{"@type":"PropertyValueSpecification","valueRequired":true,"valueName":"search_term_string"}}],"inLanguage":"pl-PL"}]}},"_links":{"self":[{"href":"https:\/\/fml.com.pl\/de\/wp-json\/wp\/v2\/pages\/18"}],"collection":[{"href":"https:\/\/fml.com.pl\/de\/wp-json\/wp\/v2\/pages"}],"about":[{"href":"https:\/\/fml.com.pl\/de\/wp-json\/wp\/v2\/types\/page"}],"author":[{"embeddable":true,"href":"https:\/\/fml.com.pl\/de\/wp-json\/wp\/v2\/users\/1"}],"replies":[{"embeddable":true,"href":"https:\/\/fml.com.pl\/de\/wp-json\/wp\/v2\/comments?post=18"}],"version-history":[{"count":3,"href":"https:\/\/fml.com.pl\/de\/wp-json\/wp\/v2\/pages\/18\/revisions"}],"predecessor-version":[{"id":3338,"href":"https:\/\/fml.com.pl\/de\/wp-json\/wp\/v2\/pages\/18\/revisions\/3338"}],"wp:attachment":[{"href":"https:\/\/fml.com.pl\/de\/wp-json\/wp\/v2\/media?parent=18"}],"curies":[{"name":"wp","href":"https:\/\/api.w.org\/{rel}","templated":true}]}}