{"id":904,"date":"2022-11-16T12:59:43","date_gmt":"2022-11-16T11:59:43","guid":{"rendered":"https:\/\/fml.com.pl\/de\/?page_id=904"},"modified":"2024-07-18T23:14:34","modified_gmt":"2024-07-18T21:14:34","slug":"pumpwagen","status":"publish","type":"page","link":"https:\/\/fml.com.pl\/de\/angebot\/pumpwagen\/","title":{"rendered":"Pumpwagen"},"content":{"rendered":"<p><strong>Pumpbetonmischer<\/strong> sind Maschinen, die bis zu 9 m3 Beton transportieren k\u00f6nnen und allgemein als Pumpbetonmischer bezeichnet werden,<br \/>\nsowie die Beschickung mit einer Auslegerpumpe bis zu einer H\u00f6he von 32 Metern.<\/p>\n<p>Der Einsatz dieser Maschinen ist vielseitig: vom Einfamilienhaus bis zur Gro\u00dfbaustelle.<br \/>\nF\u00fcr einige Unternehmen in der Betonindustrie ist er eine sehr gute Alternative zur klassischen Betonpumpe und zum Betonmischer.<br \/>\nMit Hilfe eines Pumpwagens kann ein einziger Fahrer mehrere Projekte abwickeln, indem er gleichzeitig Beton anliefert und an den gew\u00fcnschten Ort auf der Baustelle bringt.<\/p>\n<p>Das Portfolio von FML umfasst kompakte und leistungsstarke Pumpen mit 26 m oder 32 m Ausladung, mit leistungsstarken Aggregaten und 81 bar Arbeitsdruck. Jede dieser Maschinen ist mit Komponenten von Top-Lieferanten wie Bosch REXROTH-Arbeitspumpen, HAWE-Hydraulik, HETRONIC-Steuerung und SSAB STRENX-Strukturplatten ausgestattet. Die Standardausf\u00fchrung umfasst eine Endschlauchklemme und einen Hochdruckreiniger.<\/p>\n<p>&nbsp;<\/p>\n<style type=\"text\/css\">\r\n\t#foogallery-gallery-2017 .fg-image {\r\n        width: 350px;\r\n    }\r\n<\/style>\r\n\t\t\t\t<div class=\"foogallery foogallery-container foogallery-default foogallery-lightbox-foobox fg-gutter-10 fg-center fg-default fg-light fg-loading-default fg-loaded-fade-in fg-caption-hover fg-hover-fade fg-hover-zoom fg-ready\" id=\"foogallery-gallery-2017\" data-foogallery=\"{&quot;item&quot;:{&quot;showCaptionTitle&quot;:true,&quot;showCaptionDescription&quot;:true},&quot;lazy&quot;:true}\" >\r\n\t<div class=\"fg-item fg-type-image fg-idle\"><figure class=\"fg-item-inner\"><a href=\"https:\/\/fml.com.pl\/de\/wp-content\/uploads\/2023\/01\/ALLSTAR-H32-1.jpeg\" data-attachment-id=\"2018\" data-type=\"image\" class=\"fg-thumb\"><span class=\"fg-image-wrap\"><img fetchpriority=\"high\" decoding=\"async\" width=\"350\" height=\"350\" class=\"skip-lazy fg-image\" data-src-fg=\"https:\/\/fml.com.pl\/de\/wp-content\/uploads\/cache\/2023\/01\/ALLSTAR-H32-1\/2262525265.jpeg\" src=\"data:image\/svg+xml,%3Csvg%20xmlns%3D%22http%3A%2F%2Fwww.w3.org%2F2000%2Fsvg%22%20width%3D%22350%22%20height%3D%22350%22%20viewBox%3D%220%200%20350%20350%22%3E%3C%2Fsvg%3E\" loading=\"eager\"><\/span><span class=\"fg-image-overlay\"><\/span><\/a><figcaption class=\"fg-caption\"><div class=\"fg-caption-inner\"><\/div><\/figcaption><\/figure><div class=\"fg-loader\"><\/div><\/div><div class=\"fg-item fg-type-image fg-idle\"><figure class=\"fg-item-inner\"><a href=\"https:\/\/fml.com.pl\/de\/wp-content\/uploads\/2023\/01\/ALLSTAR-H32-2.jpeg\" data-attachment-id=\"2019\" data-type=\"image\" class=\"fg-thumb\"><span class=\"fg-image-wrap\"><img decoding=\"async\" width=\"350\" height=\"350\" class=\"skip-lazy fg-image\" data-src-fg=\"https:\/\/fml.com.pl\/de\/wp-content\/uploads\/cache\/2023\/01\/ALLSTAR-H32-2\/106396169.jpeg\" src=\"data:image\/svg+xml,%3Csvg%20xmlns%3D%22http%3A%2F%2Fwww.w3.org%2F2000%2Fsvg%22%20width%3D%22350%22%20height%3D%22350%22%20viewBox%3D%220%200%20350%20350%22%3E%3C%2Fsvg%3E\" loading=\"eager\"><\/span><span class=\"fg-image-overlay\"><\/span><\/a><figcaption class=\"fg-caption\"><div class=\"fg-caption-inner\"><\/div><\/figcaption><\/figure><div class=\"fg-loader\"><\/div><\/div><div class=\"fg-item fg-type-image fg-idle\"><figure class=\"fg-item-inner\"><a href=\"https:\/\/fml.com.pl\/de\/wp-content\/uploads\/2023\/01\/ALLSTAR-H32-3.jpeg\" data-attachment-id=\"2020\" data-type=\"image\" class=\"fg-thumb\"><span class=\"fg-image-wrap\"><img decoding=\"async\" width=\"350\" height=\"350\" class=\"skip-lazy fg-image\" data-src-fg=\"https:\/\/fml.com.pl\/de\/wp-content\/uploads\/cache\/2023\/01\/ALLSTAR-H32-3\/688551895.jpeg\" src=\"data:image\/svg+xml,%3Csvg%20xmlns%3D%22http%3A%2F%2Fwww.w3.org%2F2000%2Fsvg%22%20width%3D%22350%22%20height%3D%22350%22%20viewBox%3D%220%200%20350%20350%22%3E%3C%2Fsvg%3E\" loading=\"eager\"><\/span><span class=\"fg-image-overlay\"><\/span><\/a><figcaption class=\"fg-caption\"><div class=\"fg-caption-inner\"><\/div><\/figcaption><\/figure><div class=\"fg-loader\"><\/div><\/div><div class=\"fg-item fg-type-image fg-idle\"><figure class=\"fg-item-inner\"><a href=\"https:\/\/fml.com.pl\/de\/wp-content\/uploads\/2023\/01\/ALLSTAR-H32-4.jpeg\" data-attachment-id=\"2021\" data-type=\"image\" class=\"fg-thumb\"><span class=\"fg-image-wrap\"><img decoding=\"async\" width=\"350\" height=\"350\" class=\"skip-lazy fg-image\" data-src-fg=\"https:\/\/fml.com.pl\/de\/wp-content\/uploads\/cache\/2023\/01\/ALLSTAR-H32-4\/4100602243.jpeg\" src=\"data:image\/svg+xml,%3Csvg%20xmlns%3D%22http%3A%2F%2Fwww.w3.org%2F2000%2Fsvg%22%20width%3D%22350%22%20height%3D%22350%22%20viewBox%3D%220%200%20350%20350%22%3E%3C%2Fsvg%3E\" loading=\"eager\"><\/span><span class=\"fg-image-overlay\"><\/span><\/a><figcaption class=\"fg-caption\"><div class=\"fg-caption-inner\"><\/div><\/figcaption><\/figure><div class=\"fg-loader\"><\/div><\/div><div class=\"fg-item fg-type-image fg-idle\"><figure class=\"fg-item-inner\"><a href=\"https:\/\/fml.com.pl\/de\/wp-content\/uploads\/2023\/01\/ALLSTAR-H32-5.jpeg\" data-attachment-id=\"2022\" data-type=\"image\" class=\"fg-thumb\"><span class=\"fg-image-wrap\"><img decoding=\"async\" width=\"350\" height=\"350\" class=\"skip-lazy fg-image\" data-src-fg=\"https:\/\/fml.com.pl\/de\/wp-content\/uploads\/cache\/2023\/01\/ALLSTAR-H32-5\/4083371814.jpeg\" src=\"data:image\/svg+xml,%3Csvg%20xmlns%3D%22http%3A%2F%2Fwww.w3.org%2F2000%2Fsvg%22%20width%3D%22350%22%20height%3D%22350%22%20viewBox%3D%220%200%20350%20350%22%3E%3C%2Fsvg%3E\" loading=\"eager\"><\/span><span class=\"fg-image-overlay\"><\/span><\/a><figcaption class=\"fg-caption\"><div class=\"fg-caption-inner\"><\/div><\/figcaption><\/figure><div class=\"fg-loader\"><\/div><\/div><\/div>\r\n\n","protected":false},"excerpt":{"rendered":"<p>Pumpbetonmischer sind Maschinen, die bis zu 9 m3 Beton transportieren k\u00f6nnen und allgemein als Pumpbetonmischer bezeichnet werden, sowie die Beschickung mit einer Auslegerpumpe bis zu einer H\u00f6he von 32 Metern. Der Einsatz dieser Maschinen ist vielseitig: vom Einfamilienhaus bis zur&#8230;<\/p>\n","protected":false},"author":1,"featured_media":1051,"parent":12,"menu_order":4,"comment_status":"closed","ping_status":"closed","template":"oferta-pompogruszki.php","meta":{"_acf_changed":false,"footnotes":""},"class_list":["post-904","page","type-page","status-publish","has-post-thumbnail","hentry"],"acf":[],"yoast_head":"<!-- This site is optimized with the Yoast SEO plugin v23.4 - https:\/\/yoast.com\/wordpress\/plugins\/seo\/ -->\n<title>Pumpwagen - Fabryka Maszyn Le\u017cajsk<\/title>\n<meta name=\"robots\" content=\"index, follow, max-snippet:-1, max-image-preview:large, max-video-preview:-1\" \/>\n<link rel=\"canonical\" href=\"https:\/\/fml.com.pl\/de\/angebot\/pumpwagen\/\" \/>\n<meta property=\"og:locale\" content=\"pl_PL\" \/>\n<meta property=\"og:type\" content=\"article\" \/>\n<meta property=\"og:title\" content=\"Pumpwagen - Fabryka Maszyn Le\u017cajsk\" \/>\n<meta property=\"og:description\" content=\"Pumpbetonmischer sind Maschinen, die bis zu 9 m3 Beton transportieren k\u00f6nnen und allgemein als Pumpbetonmischer bezeichnet werden, sowie die Beschickung mit einer Auslegerpumpe bis zu einer H\u00f6he von 32 Metern. Der Einsatz dieser Maschinen ist vielseitig: vom Einfamilienhaus bis zur...\" \/>\n<meta property=\"og:url\" content=\"https:\/\/fml.com.pl\/de\/angebot\/pumpwagen\/\" \/>\n<meta property=\"og:site_name\" content=\"Fabryka Maszyn Le\u017cajsk\" \/>\n<meta property=\"article:modified_time\" content=\"2024-07-18T21:14:34+00:00\" \/>\n<meta property=\"og:image\" content=\"https:\/\/fml.com.pl\/de\/wp-content\/uploads\/2022\/11\/POMPOGRUSZKI-1024x768.png\" \/>\n\t<meta property=\"og:image:width\" content=\"1024\" \/>\n\t<meta property=\"og:image:height\" content=\"768\" \/>\n\t<meta property=\"og:image:type\" content=\"image\/png\" \/>\n<meta name=\"twitter:card\" content=\"summary_large_image\" \/>\n<meta name=\"twitter:label1\" content=\"Szacowany czas czytania\" \/>\n\t<meta name=\"twitter:data1\" content=\"2 minuty\" \/>\n<script type=\"application\/ld+json\" class=\"yoast-schema-graph\">{\"@context\":\"https:\/\/schema.org\",\"@graph\":[{\"@type\":\"WebPage\",\"@id\":\"https:\/\/fml.com.pl\/de\/angebot\/pumpwagen\/\",\"url\":\"https:\/\/fml.com.pl\/de\/angebot\/pumpwagen\/\",\"name\":\"Pumpwagen - Fabryka Maszyn Le\u017cajsk\",\"isPartOf\":{\"@id\":\"https:\/\/fml.com.pl\/de\/#website\"},\"primaryImageOfPage\":{\"@id\":\"https:\/\/fml.com.pl\/de\/angebot\/pumpwagen\/#primaryimage\"},\"image\":{\"@id\":\"https:\/\/fml.com.pl\/de\/angebot\/pumpwagen\/#primaryimage\"},\"thumbnailUrl\":\"https:\/\/fml.com.pl\/de\/wp-content\/uploads\/2022\/11\/POMPOGRUSZKI.png\",\"datePublished\":\"2022-11-16T11:59:43+00:00\",\"dateModified\":\"2024-07-18T21:14:34+00:00\",\"breadcrumb\":{\"@id\":\"https:\/\/fml.com.pl\/de\/angebot\/pumpwagen\/#breadcrumb\"},\"inLanguage\":\"pl-PL\",\"potentialAction\":[{\"@type\":\"ReadAction\",\"target\":[\"https:\/\/fml.com.pl\/de\/angebot\/pumpwagen\/\"]}]},{\"@type\":\"ImageObject\",\"inLanguage\":\"pl-PL\",\"@id\":\"https:\/\/fml.com.pl\/de\/angebot\/pumpwagen\/#primaryimage\",\"url\":\"https:\/\/fml.com.pl\/de\/wp-content\/uploads\/2022\/11\/POMPOGRUSZKI.png\",\"contentUrl\":\"https:\/\/fml.com.pl\/de\/wp-content\/uploads\/2022\/11\/POMPOGRUSZKI.png\",\"width\":2880,\"height\":2160,\"caption\":\"POMPOGRUSZKI\"},{\"@type\":\"BreadcrumbList\",\"@id\":\"https:\/\/fml.com.pl\/de\/angebot\/pumpwagen\/#breadcrumb\",\"itemListElement\":[{\"@type\":\"ListItem\",\"position\":1,\"name\":\"Angebot\",\"item\":\"https:\/\/fml.com.pl\/de\/angebot\/\"},{\"@type\":\"ListItem\",\"position\":2,\"name\":\"Pumpwagen\"}]},{\"@type\":\"WebSite\",\"@id\":\"https:\/\/fml.com.pl\/de\/#website\",\"url\":\"https:\/\/fml.com.pl\/de\/\",\"name\":\"Fabryka Maszyn Le\u017cajsk\",\"description\":\"\",\"potentialAction\":[{\"@type\":\"SearchAction\",\"target\":{\"@type\":\"EntryPoint\",\"urlTemplate\":\"https:\/\/fml.com.pl\/de\/?s={search_term_string}\"},\"query-input\":{\"@type\":\"PropertyValueSpecification\",\"valueRequired\":true,\"valueName\":\"search_term_string\"}}],\"inLanguage\":\"pl-PL\"}]}<\/script>\n<!-- \/ Yoast SEO plugin. -->","yoast_head_json":{"title":"Pumpwagen - Fabryka Maszyn Le\u017cajsk","robots":{"index":"index","follow":"follow","max-snippet":"max-snippet:-1","max-image-preview":"max-image-preview:large","max-video-preview":"max-video-preview:-1"},"canonical":"https:\/\/fml.com.pl\/de\/angebot\/pumpwagen\/","og_locale":"pl_PL","og_type":"article","og_title":"Pumpwagen - Fabryka Maszyn Le\u017cajsk","og_description":"Pumpbetonmischer sind Maschinen, die bis zu 9 m3 Beton transportieren k\u00f6nnen und allgemein als Pumpbetonmischer bezeichnet werden, sowie die Beschickung mit einer Auslegerpumpe bis zu einer H\u00f6he von 32 Metern. Der Einsatz dieser Maschinen ist vielseitig: vom Einfamilienhaus bis zur...","og_url":"https:\/\/fml.com.pl\/de\/angebot\/pumpwagen\/","og_site_name":"Fabryka Maszyn Le\u017cajsk","article_modified_time":"2024-07-18T21:14:34+00:00","og_image":[{"width":1024,"height":768,"url":"https:\/\/fml.com.pl\/de\/wp-content\/uploads\/2022\/11\/POMPOGRUSZKI-1024x768.png","type":"image\/png"}],"twitter_card":"summary_large_image","twitter_misc":{"Szacowany czas czytania":"2 minuty"},"schema":{"@context":"https:\/\/schema.org","@graph":[{"@type":"WebPage","@id":"https:\/\/fml.com.pl\/de\/angebot\/pumpwagen\/","url":"https:\/\/fml.com.pl\/de\/angebot\/pumpwagen\/","name":"Pumpwagen - Fabryka Maszyn Le\u017cajsk","isPartOf":{"@id":"https:\/\/fml.com.pl\/de\/#website"},"primaryImageOfPage":{"@id":"https:\/\/fml.com.pl\/de\/angebot\/pumpwagen\/#primaryimage"},"image":{"@id":"https:\/\/fml.com.pl\/de\/angebot\/pumpwagen\/#primaryimage"},"thumbnailUrl":"https:\/\/fml.com.pl\/de\/wp-content\/uploads\/2022\/11\/POMPOGRUSZKI.png","datePublished":"2022-11-16T11:59:43+00:00","dateModified":"2024-07-18T21:14:34+00:00","breadcrumb":{"@id":"https:\/\/fml.com.pl\/de\/angebot\/pumpwagen\/#breadcrumb"},"inLanguage":"pl-PL","potentialAction":[{"@type":"ReadAction","target":["https:\/\/fml.com.pl\/de\/angebot\/pumpwagen\/"]}]},{"@type":"ImageObject","inLanguage":"pl-PL","@id":"https:\/\/fml.com.pl\/de\/angebot\/pumpwagen\/#primaryimage","url":"https:\/\/fml.com.pl\/de\/wp-content\/uploads\/2022\/11\/POMPOGRUSZKI.png","contentUrl":"https:\/\/fml.com.pl\/de\/wp-content\/uploads\/2022\/11\/POMPOGRUSZKI.png","width":2880,"height":2160,"caption":"POMPOGRUSZKI"},{"@type":"BreadcrumbList","@id":"https:\/\/fml.com.pl\/de\/angebot\/pumpwagen\/#breadcrumb","itemListElement":[{"@type":"ListItem","position":1,"name":"Angebot","item":"https:\/\/fml.com.pl\/de\/angebot\/"},{"@type":"ListItem","position":2,"name":"Pumpwagen"}]},{"@type":"WebSite","@id":"https:\/\/fml.com.pl\/de\/#website","url":"https:\/\/fml.com.pl\/de\/","name":"Fabryka Maszyn Le\u017cajsk","description":"","potentialAction":[{"@type":"SearchAction","target":{"@type":"EntryPoint","urlTemplate":"https:\/\/fml.com.pl\/de\/?s={search_term_string}"},"query-input":{"@type":"PropertyValueSpecification","valueRequired":true,"valueName":"search_term_string"}}],"inLanguage":"pl-PL"}]}},"_links":{"self":[{"href":"https:\/\/fml.com.pl\/de\/wp-json\/wp\/v2\/pages\/904"}],"collection":[{"href":"https:\/\/fml.com.pl\/de\/wp-json\/wp\/v2\/pages"}],"about":[{"href":"https:\/\/fml.com.pl\/de\/wp-json\/wp\/v2\/types\/page"}],"author":[{"embeddable":true,"href":"https:\/\/fml.com.pl\/de\/wp-json\/wp\/v2\/users\/1"}],"replies":[{"embeddable":true,"href":"https:\/\/fml.com.pl\/de\/wp-json\/wp\/v2\/comments?post=904"}],"version-history":[{"count":40,"href":"https:\/\/fml.com.pl\/de\/wp-json\/wp\/v2\/pages\/904\/revisions"}],"predecessor-version":[{"id":3491,"href":"https:\/\/fml.com.pl\/de\/wp-json\/wp\/v2\/pages\/904\/revisions\/3491"}],"up":[{"embeddable":true,"href":"https:\/\/fml.com.pl\/de\/wp-json\/wp\/v2\/pages\/12"}],"wp:featuredmedia":[{"embeddable":true,"href":"https:\/\/fml.com.pl\/de\/wp-json\/wp\/v2\/media\/1051"}],"wp:attachment":[{"href":"https:\/\/fml.com.pl\/de\/wp-json\/wp\/v2\/media?parent=904"}],"curies":[{"name":"wp","href":"https:\/\/api.w.org\/{rel}","templated":true}]}}