{"id":910,"date":"2022-11-16T13:12:48","date_gmt":"2022-11-16T12:12:48","guid":{"rendered":"https:\/\/fml.com.pl\/de\/?page_id=910"},"modified":"2024-07-19T23:05:00","modified_gmt":"2024-07-19T21:05:00","slug":"kipper-mit-kranen","status":"publish","type":"page","link":"https:\/\/fml.com.pl\/de\/angebot\/kipper-mit-kranen\/","title":{"rendered":"Kipper mit Kr\u00e4nen"},"content":{"rendered":"<p>FML bietet auch brandneue Fahrzeuge mit Kipper und HDS an. Der zuverl\u00e4ssige Hydraulikkran, der mit einer Schaufel ausgestattet werden kann, kombiniert mit einem Dreiseitenkipper, macht dieses Fahrzeug vielseitig einsetzbar. Diese Fahrzeuge werden u. a. in der Wasser-, Energie-, Stra\u00dfen- und Kommunalwirtschaft h\u00e4ufig eingesetzt.<\/p>\n<style type=\"text\/css\">\r\n\t#foogallery-gallery-2925 .fg-image {\r\n        width: 150px;\r\n    }\r\n<\/style>\r\n\t\t\t\t<div class=\"foogallery foogallery-container foogallery-default foogallery-lightbox-foobox fg-gutter-10 fg-center fg-default fg-light fg-border-thin fg-shadow-outline fg-loading-default fg-loaded-fade-in fg-caption-hover fg-hover-fade fg-hover-zoom fg-ready\" id=\"foogallery-gallery-2925\" data-foogallery=\"{&quot;item&quot;:{&quot;showCaptionTitle&quot;:true,&quot;showCaptionDescription&quot;:true},&quot;lazy&quot;:true}\" >\r\n\t<div class=\"fg-item fg-type-image fg-idle\"><figure class=\"fg-item-inner\"><a href=\"https:\/\/fml.com.pl\/de\/wp-content\/uploads\/2023\/05\/IMG_0911.jpg\" data-attachment-id=\"2926\" data-type=\"image\" class=\"fg-thumb\"><span class=\"fg-image-wrap\"><img decoding=\"async\" width=\"150\" height=\"150\" class=\"skip-lazy fg-image\" data-src-fg=\"https:\/\/fml.com.pl\/de\/wp-content\/uploads\/cache\/2023\/05\/IMG_0911\/2227141296.jpg\" src=\"data:image\/svg+xml,%3Csvg%20xmlns%3D%22http%3A%2F%2Fwww.w3.org%2F2000%2Fsvg%22%20width%3D%22150%22%20height%3D%22150%22%20viewBox%3D%220%200%20150%20150%22%3E%3C%2Fsvg%3E\" loading=\"eager\"><\/span><span class=\"fg-image-overlay\"><\/span><\/a><figcaption class=\"fg-caption\"><div class=\"fg-caption-inner\"><\/div><\/figcaption><\/figure><div class=\"fg-loader\"><\/div><\/div><div class=\"fg-item fg-type-image fg-idle\"><figure class=\"fg-item-inner\"><a href=\"https:\/\/fml.com.pl\/de\/wp-content\/uploads\/2023\/05\/IMG_0912.jpg\" data-attachment-id=\"2927\" data-type=\"image\" class=\"fg-thumb\"><span class=\"fg-image-wrap\"><img decoding=\"async\" width=\"150\" height=\"150\" class=\"skip-lazy fg-image\" data-src-fg=\"https:\/\/fml.com.pl\/de\/wp-content\/uploads\/cache\/2023\/05\/IMG_0912\/3581995823.jpg\" src=\"data:image\/svg+xml,%3Csvg%20xmlns%3D%22http%3A%2F%2Fwww.w3.org%2F2000%2Fsvg%22%20width%3D%22150%22%20height%3D%22150%22%20viewBox%3D%220%200%20150%20150%22%3E%3C%2Fsvg%3E\" loading=\"eager\"><\/span><span class=\"fg-image-overlay\"><\/span><\/a><figcaption class=\"fg-caption\"><div class=\"fg-caption-inner\"><\/div><\/figcaption><\/figure><div class=\"fg-loader\"><\/div><\/div><div class=\"fg-item fg-type-image fg-idle\"><figure class=\"fg-item-inner\"><a href=\"https:\/\/fml.com.pl\/de\/wp-content\/uploads\/2023\/05\/IMG_0917.jpg\" data-attachment-id=\"2928\" data-type=\"image\" class=\"fg-thumb\"><span class=\"fg-image-wrap\"><img decoding=\"async\" width=\"150\" height=\"150\" class=\"skip-lazy fg-image\" data-src-fg=\"https:\/\/fml.com.pl\/de\/wp-content\/uploads\/cache\/2023\/05\/IMG_0917\/2781978713.jpg\" src=\"data:image\/svg+xml,%3Csvg%20xmlns%3D%22http%3A%2F%2Fwww.w3.org%2F2000%2Fsvg%22%20width%3D%22150%22%20height%3D%22150%22%20viewBox%3D%220%200%20150%20150%22%3E%3C%2Fsvg%3E\" loading=\"eager\"><\/span><span class=\"fg-image-overlay\"><\/span><\/a><figcaption class=\"fg-caption\"><div class=\"fg-caption-inner\"><\/div><\/figcaption><\/figure><div class=\"fg-loader\"><\/div><\/div><div class=\"fg-item fg-type-image fg-idle\"><figure class=\"fg-item-inner\"><a href=\"https:\/\/fml.com.pl\/de\/wp-content\/uploads\/2023\/05\/IMG_0918.jpg\" data-attachment-id=\"2929\" data-type=\"image\" class=\"fg-thumb\"><span class=\"fg-image-wrap\"><img decoding=\"async\" width=\"150\" height=\"150\" class=\"skip-lazy fg-image\" data-src-fg=\"https:\/\/fml.com.pl\/de\/wp-content\/uploads\/cache\/2023\/05\/IMG_0918\/2738955401.jpg\" src=\"data:image\/svg+xml,%3Csvg%20xmlns%3D%22http%3A%2F%2Fwww.w3.org%2F2000%2Fsvg%22%20width%3D%22150%22%20height%3D%22150%22%20viewBox%3D%220%200%20150%20150%22%3E%3C%2Fsvg%3E\" loading=\"eager\"><\/span><span class=\"fg-image-overlay\"><\/span><\/a><figcaption class=\"fg-caption\"><div class=\"fg-caption-inner\"><\/div><\/figcaption><\/figure><div class=\"fg-loader\"><\/div><\/div><div class=\"fg-item fg-type-image fg-idle\"><figure class=\"fg-item-inner\"><a href=\"https:\/\/fml.com.pl\/de\/wp-content\/uploads\/2023\/05\/IMG_0923.jpg\" data-attachment-id=\"2930\" data-type=\"image\" class=\"fg-thumb\"><span class=\"fg-image-wrap\"><img decoding=\"async\" width=\"150\" height=\"150\" class=\"skip-lazy fg-image\" data-src-fg=\"https:\/\/fml.com.pl\/de\/wp-content\/uploads\/cache\/2023\/05\/IMG_0923\/172733250.jpg\" src=\"data:image\/svg+xml,%3Csvg%20xmlns%3D%22http%3A%2F%2Fwww.w3.org%2F2000%2Fsvg%22%20width%3D%22150%22%20height%3D%22150%22%20viewBox%3D%220%200%20150%20150%22%3E%3C%2Fsvg%3E\" loading=\"eager\"><\/span><span class=\"fg-image-overlay\"><\/span><\/a><figcaption class=\"fg-caption\"><div class=\"fg-caption-inner\"><\/div><\/figcaption><\/figure><div class=\"fg-loader\"><\/div><\/div><div class=\"fg-item fg-type-image fg-idle\"><figure class=\"fg-item-inner\"><a href=\"https:\/\/fml.com.pl\/de\/wp-content\/uploads\/2023\/05\/IMG_0924.jpg\" data-attachment-id=\"2931\" data-type=\"image\" class=\"fg-thumb\"><span class=\"fg-image-wrap\"><img decoding=\"async\" width=\"150\" height=\"150\" class=\"skip-lazy fg-image\" data-src-fg=\"https:\/\/fml.com.pl\/de\/wp-content\/uploads\/cache\/2023\/05\/IMG_0924\/3745393703.jpg\" src=\"data:image\/svg+xml,%3Csvg%20xmlns%3D%22http%3A%2F%2Fwww.w3.org%2F2000%2Fsvg%22%20width%3D%22150%22%20height%3D%22150%22%20viewBox%3D%220%200%20150%20150%22%3E%3C%2Fsvg%3E\" loading=\"eager\"><\/span><span class=\"fg-image-overlay\"><\/span><\/a><figcaption class=\"fg-caption\"><div class=\"fg-caption-inner\"><\/div><\/figcaption><\/figure><div class=\"fg-loader\"><\/div><\/div><div class=\"fg-item fg-type-image fg-idle\"><figure class=\"fg-item-inner\"><a href=\"https:\/\/fml.com.pl\/de\/wp-content\/uploads\/2023\/05\/IMG_0925.jpg\" data-attachment-id=\"2932\" data-type=\"image\" class=\"fg-thumb\"><span class=\"fg-image-wrap\"><img decoding=\"async\" width=\"150\" height=\"150\" class=\"skip-lazy fg-image\" data-src-fg=\"https:\/\/fml.com.pl\/de\/wp-content\/uploads\/cache\/2023\/05\/IMG_0925\/2822017148.jpg\" src=\"data:image\/svg+xml,%3Csvg%20xmlns%3D%22http%3A%2F%2Fwww.w3.org%2F2000%2Fsvg%22%20width%3D%22150%22%20height%3D%22150%22%20viewBox%3D%220%200%20150%20150%22%3E%3C%2Fsvg%3E\" loading=\"eager\"><\/span><span class=\"fg-image-overlay\"><\/span><\/a><figcaption class=\"fg-caption\"><div class=\"fg-caption-inner\"><\/div><\/figcaption><\/figure><div class=\"fg-loader\"><\/div><\/div><div class=\"fg-item fg-type-image fg-idle\"><figure class=\"fg-item-inner\"><a href=\"https:\/\/fml.com.pl\/de\/wp-content\/uploads\/2023\/05\/IMG_0926.jpg\" data-attachment-id=\"2933\" data-type=\"image\" class=\"fg-thumb\"><span class=\"fg-image-wrap\"><img decoding=\"async\" width=\"150\" height=\"150\" class=\"skip-lazy fg-image\" data-src-fg=\"https:\/\/fml.com.pl\/de\/wp-content\/uploads\/cache\/2023\/05\/IMG_0926\/4178248163.jpg\" src=\"data:image\/svg+xml,%3Csvg%20xmlns%3D%22http%3A%2F%2Fwww.w3.org%2F2000%2Fsvg%22%20width%3D%22150%22%20height%3D%22150%22%20viewBox%3D%220%200%20150%20150%22%3E%3C%2Fsvg%3E\" loading=\"eager\"><\/span><span class=\"fg-image-overlay\"><\/span><\/a><figcaption class=\"fg-caption\"><div class=\"fg-caption-inner\"><\/div><\/figcaption><\/figure><div class=\"fg-loader\"><\/div><\/div><div class=\"fg-item fg-type-image fg-idle\"><figure class=\"fg-item-inner\"><a href=\"https:\/\/fml.com.pl\/de\/wp-content\/uploads\/2023\/05\/IMG_0929.jpg\" data-attachment-id=\"2934\" data-type=\"image\" class=\"fg-thumb\"><span class=\"fg-image-wrap\"><img decoding=\"async\" width=\"150\" height=\"150\" class=\"skip-lazy fg-image\" data-src-fg=\"https:\/\/fml.com.pl\/de\/wp-content\/uploads\/cache\/2023\/05\/IMG_0929\/1403779832.jpg\" src=\"data:image\/svg+xml,%3Csvg%20xmlns%3D%22http%3A%2F%2Fwww.w3.org%2F2000%2Fsvg%22%20width%3D%22150%22%20height%3D%22150%22%20viewBox%3D%220%200%20150%20150%22%3E%3C%2Fsvg%3E\" loading=\"eager\"><\/span><span class=\"fg-image-overlay\"><\/span><\/a><figcaption class=\"fg-caption\"><div class=\"fg-caption-inner\"><\/div><\/figcaption><\/figure><div class=\"fg-loader\"><\/div><\/div><div class=\"fg-item fg-type-image fg-idle\"><figure class=\"fg-item-inner\"><a href=\"https:\/\/fml.com.pl\/de\/wp-content\/uploads\/2023\/05\/IMG_0930.jpg\" data-attachment-id=\"2935\" data-type=\"image\" class=\"fg-thumb\"><span class=\"fg-image-wrap\"><img decoding=\"async\" width=\"150\" height=\"150\" class=\"skip-lazy fg-image\" data-src-fg=\"https:\/\/fml.com.pl\/de\/wp-content\/uploads\/cache\/2023\/05\/IMG_0930\/2217698284.jpg\" src=\"data:image\/svg+xml,%3Csvg%20xmlns%3D%22http%3A%2F%2Fwww.w3.org%2F2000%2Fsvg%22%20width%3D%22150%22%20height%3D%22150%22%20viewBox%3D%220%200%20150%20150%22%3E%3C%2Fsvg%3E\" loading=\"eager\"><\/span><span class=\"fg-image-overlay\"><\/span><\/a><figcaption class=\"fg-caption\"><div class=\"fg-caption-inner\"><\/div><\/figcaption><\/figure><div class=\"fg-loader\"><\/div><\/div><div class=\"fg-item fg-type-image fg-idle\"><figure class=\"fg-item-inner\"><a href=\"https:\/\/fml.com.pl\/de\/wp-content\/uploads\/2023\/05\/IMG_1744.jpg\" data-attachment-id=\"2936\" data-type=\"image\" class=\"fg-thumb\"><span class=\"fg-image-wrap\"><img decoding=\"async\" width=\"150\" height=\"150\" class=\"skip-lazy fg-image\" data-src-fg=\"https:\/\/fml.com.pl\/de\/wp-content\/uploads\/cache\/2023\/05\/IMG_1744\/14898025.jpg\" src=\"data:image\/svg+xml,%3Csvg%20xmlns%3D%22http%3A%2F%2Fwww.w3.org%2F2000%2Fsvg%22%20width%3D%22150%22%20height%3D%22150%22%20viewBox%3D%220%200%20150%20150%22%3E%3C%2Fsvg%3E\" loading=\"eager\"><\/span><span class=\"fg-image-overlay\"><\/span><\/a><figcaption class=\"fg-caption\"><div class=\"fg-caption-inner\"><\/div><\/figcaption><\/figure><div class=\"fg-loader\"><\/div><\/div><div class=\"fg-item fg-type-image fg-idle\"><figure class=\"fg-item-inner\"><a href=\"https:\/\/fml.com.pl\/de\/wp-content\/uploads\/2023\/05\/IMG_1745.jpg\" data-attachment-id=\"2937\" data-type=\"image\" class=\"fg-thumb\"><span class=\"fg-image-wrap\"><img decoding=\"async\" width=\"150\" height=\"150\" class=\"skip-lazy fg-image\" data-src-fg=\"https:\/\/fml.com.pl\/de\/wp-content\/uploads\/cache\/2023\/05\/IMG_1745\/335136139.jpg\" src=\"data:image\/svg+xml,%3Csvg%20xmlns%3D%22http%3A%2F%2Fwww.w3.org%2F2000%2Fsvg%22%20width%3D%22150%22%20height%3D%22150%22%20viewBox%3D%220%200%20150%20150%22%3E%3C%2Fsvg%3E\" loading=\"eager\"><\/span><span class=\"fg-image-overlay\"><\/span><\/a><figcaption class=\"fg-caption\"><div class=\"fg-caption-inner\"><\/div><\/figcaption><\/figure><div class=\"fg-loader\"><\/div><\/div><div class=\"fg-item fg-type-image fg-idle\"><figure class=\"fg-item-inner\"><a href=\"https:\/\/fml.com.pl\/de\/wp-content\/uploads\/2023\/05\/IMG_1746.jpg\" data-attachment-id=\"2938\" data-type=\"image\" class=\"fg-thumb\"><span class=\"fg-image-wrap\"><img decoding=\"async\" width=\"150\" height=\"150\" class=\"skip-lazy fg-image\" data-src-fg=\"https:\/\/fml.com.pl\/de\/wp-content\/uploads\/cache\/2023\/05\/IMG_1746\/2781316986.jpg\" src=\"data:image\/svg+xml,%3Csvg%20xmlns%3D%22http%3A%2F%2Fwww.w3.org%2F2000%2Fsvg%22%20width%3D%22150%22%20height%3D%22150%22%20viewBox%3D%220%200%20150%20150%22%3E%3C%2Fsvg%3E\" loading=\"eager\"><\/span><span class=\"fg-image-overlay\"><\/span><\/a><figcaption class=\"fg-caption\"><div class=\"fg-caption-inner\"><\/div><\/figcaption><\/figure><div class=\"fg-loader\"><\/div><\/div><div class=\"fg-item fg-type-image fg-idle\"><figure class=\"fg-item-inner\"><a href=\"https:\/\/fml.com.pl\/de\/wp-content\/uploads\/2023\/05\/IMG_1747.jpg\" data-attachment-id=\"2939\" data-type=\"image\" class=\"fg-thumb\"><span class=\"fg-image-wrap\"><img decoding=\"async\" width=\"150\" height=\"150\" class=\"skip-lazy fg-image\" data-src-fg=\"https:\/\/fml.com.pl\/de\/wp-content\/uploads\/cache\/2023\/05\/IMG_1747\/3067941272.jpg\" src=\"data:image\/svg+xml,%3Csvg%20xmlns%3D%22http%3A%2F%2Fwww.w3.org%2F2000%2Fsvg%22%20width%3D%22150%22%20height%3D%22150%22%20viewBox%3D%220%200%20150%20150%22%3E%3C%2Fsvg%3E\" loading=\"eager\"><\/span><span class=\"fg-image-overlay\"><\/span><\/a><figcaption class=\"fg-caption\"><div class=\"fg-caption-inner\"><\/div><\/figcaption><\/figure><div class=\"fg-loader\"><\/div><\/div><div class=\"fg-item fg-type-image fg-idle\"><figure class=\"fg-item-inner\"><a href=\"https:\/\/fml.com.pl\/de\/wp-content\/uploads\/2023\/05\/IMG_1748.jpg\" data-attachment-id=\"2940\" data-type=\"image\" class=\"fg-thumb\"><span class=\"fg-image-wrap\"><img decoding=\"async\" width=\"150\" height=\"150\" class=\"skip-lazy fg-image\" data-src-fg=\"https:\/\/fml.com.pl\/de\/wp-content\/uploads\/cache\/2023\/05\/IMG_1748\/2919931691.jpg\" src=\"data:image\/svg+xml,%3Csvg%20xmlns%3D%22http%3A%2F%2Fwww.w3.org%2F2000%2Fsvg%22%20width%3D%22150%22%20height%3D%22150%22%20viewBox%3D%220%200%20150%20150%22%3E%3C%2Fsvg%3E\" loading=\"eager\"><\/span><span class=\"fg-image-overlay\"><\/span><\/a><figcaption class=\"fg-caption\"><div class=\"fg-caption-inner\"><\/div><\/figcaption><\/figure><div class=\"fg-loader\"><\/div><\/div><div class=\"fg-item fg-type-image fg-idle\"><figure class=\"fg-item-inner\"><a href=\"https:\/\/fml.com.pl\/de\/wp-content\/uploads\/2023\/05\/IMG_1749.jpg\" data-attachment-id=\"2941\" data-type=\"image\" class=\"fg-thumb\"><span class=\"fg-image-wrap\"><img decoding=\"async\" width=\"150\" height=\"150\" class=\"skip-lazy fg-image\" data-src-fg=\"https:\/\/fml.com.pl\/de\/wp-content\/uploads\/cache\/2023\/05\/IMG_1749\/3171944905.jpg\" src=\"data:image\/svg+xml,%3Csvg%20xmlns%3D%22http%3A%2F%2Fwww.w3.org%2F2000%2Fsvg%22%20width%3D%22150%22%20height%3D%22150%22%20viewBox%3D%220%200%20150%20150%22%3E%3C%2Fsvg%3E\" loading=\"eager\"><\/span><span class=\"fg-image-overlay\"><\/span><\/a><figcaption class=\"fg-caption\"><div class=\"fg-caption-inner\"><\/div><\/figcaption><\/figure><div class=\"fg-loader\"><\/div><\/div><div class=\"fg-item fg-type-image fg-idle\"><figure class=\"fg-item-inner\"><a href=\"https:\/\/fml.com.pl\/de\/wp-content\/uploads\/2023\/05\/IMG_1750.jpg\" data-attachment-id=\"2942\" data-type=\"image\" class=\"fg-thumb\"><span class=\"fg-image-wrap\"><img decoding=\"async\" width=\"150\" height=\"150\" class=\"skip-lazy fg-image\" data-src-fg=\"https:\/\/fml.com.pl\/de\/wp-content\/uploads\/cache\/2023\/05\/IMG_1750\/243579492.jpg\" src=\"data:image\/svg+xml,%3Csvg%20xmlns%3D%22http%3A%2F%2Fwww.w3.org%2F2000%2Fsvg%22%20width%3D%22150%22%20height%3D%22150%22%20viewBox%3D%220%200%20150%20150%22%3E%3C%2Fsvg%3E\" loading=\"eager\"><\/span><span class=\"fg-image-overlay\"><\/span><\/a><figcaption class=\"fg-caption\"><div class=\"fg-caption-inner\"><\/div><\/figcaption><\/figure><div class=\"fg-loader\"><\/div><\/div><div class=\"fg-item fg-type-image fg-idle\"><figure class=\"fg-item-inner\"><a href=\"https:\/\/fml.com.pl\/de\/wp-content\/uploads\/2023\/05\/IMG_1751.jpg\" data-attachment-id=\"2943\" data-type=\"image\" class=\"fg-thumb\"><span class=\"fg-image-wrap\"><img decoding=\"async\" width=\"150\" height=\"150\" class=\"skip-lazy fg-image\" data-src-fg=\"https:\/\/fml.com.pl\/de\/wp-content\/uploads\/cache\/2023\/05\/IMG_1751\/496905350.jpg\" src=\"data:image\/svg+xml,%3Csvg%20xmlns%3D%22http%3A%2F%2Fwww.w3.org%2F2000%2Fsvg%22%20width%3D%22150%22%20height%3D%22150%22%20viewBox%3D%220%200%20150%20150%22%3E%3C%2Fsvg%3E\" loading=\"eager\"><\/span><span class=\"fg-image-overlay\"><\/span><\/a><figcaption class=\"fg-caption\"><div class=\"fg-caption-inner\"><\/div><\/figcaption><\/figure><div class=\"fg-loader\"><\/div><\/div><\/div>\r\n\n","protected":false},"excerpt":{"rendered":"<p>FML bietet auch brandneue Fahrzeuge mit Kipper und HDS an. Der zuverl\u00e4ssige Hydraulikkran, der mit einer Schaufel ausgestattet werden kann, kombiniert mit einem Dreiseitenkipper, macht dieses Fahrzeug vielseitig einsetzbar. Diese Fahrzeuge werden u. a. in der Wasser-, Energie-, Stra\u00dfen- und&#8230;<\/p>\n","protected":false},"author":1,"featured_media":2926,"parent":12,"menu_order":7,"comment_status":"closed","ping_status":"closed","template":"","meta":{"_acf_changed":false,"footnotes":""},"class_list":["post-910","page","type-page","status-publish","has-post-thumbnail","hentry"],"acf":[],"yoast_head":"<!-- This site is optimized with the Yoast SEO plugin v23.4 - https:\/\/yoast.com\/wordpress\/plugins\/seo\/ -->\n<title>Kipper mit Kr\u00e4nen - Fabryka Maszyn Le\u017cajsk<\/title>\n<meta name=\"robots\" content=\"index, follow, max-snippet:-1, max-image-preview:large, max-video-preview:-1\" \/>\n<link rel=\"canonical\" href=\"https:\/\/fml.com.pl\/de\/angebot\/kipper-mit-kranen\/\" \/>\n<meta property=\"og:locale\" content=\"pl_PL\" \/>\n<meta property=\"og:type\" content=\"article\" \/>\n<meta property=\"og:title\" content=\"Kipper mit Kr\u00e4nen - Fabryka Maszyn Le\u017cajsk\" \/>\n<meta property=\"og:description\" content=\"FML bietet auch brandneue Fahrzeuge mit Kipper und HDS an. Der zuverl\u00e4ssige Hydraulikkran, der mit einer Schaufel ausgestattet werden kann, kombiniert mit einem Dreiseitenkipper, macht dieses Fahrzeug vielseitig einsetzbar. Diese Fahrzeuge werden u. a. in der Wasser-, Energie-, Stra\u00dfen- und...\" \/>\n<meta property=\"og:url\" content=\"https:\/\/fml.com.pl\/de\/angebot\/kipper-mit-kranen\/\" \/>\n<meta property=\"og:site_name\" content=\"Fabryka Maszyn Le\u017cajsk\" \/>\n<meta property=\"article:modified_time\" content=\"2024-07-19T21:05:00+00:00\" \/>\n<meta property=\"og:image\" content=\"https:\/\/fml.com.pl\/de\/wp-content\/uploads\/2023\/05\/IMG_0911.jpg\" \/>\n\t<meta property=\"og:image:width\" content=\"1280\" \/>\n\t<meta property=\"og:image:height\" content=\"960\" \/>\n\t<meta property=\"og:image:type\" content=\"image\/jpeg\" \/>\n<meta name=\"twitter:card\" content=\"summary_large_image\" \/>\n<meta name=\"twitter:label1\" content=\"Szacowany czas czytania\" \/>\n\t<meta name=\"twitter:data1\" content=\"1 minuta\" \/>\n<script type=\"application\/ld+json\" class=\"yoast-schema-graph\">{\"@context\":\"https:\/\/schema.org\",\"@graph\":[{\"@type\":\"WebPage\",\"@id\":\"https:\/\/fml.com.pl\/de\/angebot\/kipper-mit-kranen\/\",\"url\":\"https:\/\/fml.com.pl\/de\/angebot\/kipper-mit-kranen\/\",\"name\":\"Kipper mit Kr\u00e4nen - Fabryka Maszyn Le\u017cajsk\",\"isPartOf\":{\"@id\":\"https:\/\/fml.com.pl\/de\/#website\"},\"primaryImageOfPage\":{\"@id\":\"https:\/\/fml.com.pl\/de\/angebot\/kipper-mit-kranen\/#primaryimage\"},\"image\":{\"@id\":\"https:\/\/fml.com.pl\/de\/angebot\/kipper-mit-kranen\/#primaryimage\"},\"thumbnailUrl\":\"https:\/\/fml.com.pl\/de\/wp-content\/uploads\/2023\/05\/IMG_0911.jpg\",\"datePublished\":\"2022-11-16T12:12:48+00:00\",\"dateModified\":\"2024-07-19T21:05:00+00:00\",\"breadcrumb\":{\"@id\":\"https:\/\/fml.com.pl\/de\/angebot\/kipper-mit-kranen\/#breadcrumb\"},\"inLanguage\":\"pl-PL\",\"potentialAction\":[{\"@type\":\"ReadAction\",\"target\":[\"https:\/\/fml.com.pl\/de\/angebot\/kipper-mit-kranen\/\"]}]},{\"@type\":\"ImageObject\",\"inLanguage\":\"pl-PL\",\"@id\":\"https:\/\/fml.com.pl\/de\/angebot\/kipper-mit-kranen\/#primaryimage\",\"url\":\"https:\/\/fml.com.pl\/de\/wp-content\/uploads\/2023\/05\/IMG_0911.jpg\",\"contentUrl\":\"https:\/\/fml.com.pl\/de\/wp-content\/uploads\/2023\/05\/IMG_0911.jpg\",\"width\":1280,\"height\":960},{\"@type\":\"BreadcrumbList\",\"@id\":\"https:\/\/fml.com.pl\/de\/angebot\/kipper-mit-kranen\/#breadcrumb\",\"itemListElement\":[{\"@type\":\"ListItem\",\"position\":1,\"name\":\"Angebot\",\"item\":\"https:\/\/fml.com.pl\/de\/angebot\/\"},{\"@type\":\"ListItem\",\"position\":2,\"name\":\"Kipper mit Kr\u00e4nen\"}]},{\"@type\":\"WebSite\",\"@id\":\"https:\/\/fml.com.pl\/de\/#website\",\"url\":\"https:\/\/fml.com.pl\/de\/\",\"name\":\"Fabryka Maszyn Le\u017cajsk\",\"description\":\"\",\"potentialAction\":[{\"@type\":\"SearchAction\",\"target\":{\"@type\":\"EntryPoint\",\"urlTemplate\":\"https:\/\/fml.com.pl\/de\/?s={search_term_string}\"},\"query-input\":{\"@type\":\"PropertyValueSpecification\",\"valueRequired\":true,\"valueName\":\"search_term_string\"}}],\"inLanguage\":\"pl-PL\"}]}<\/script>\n<!-- \/ Yoast SEO plugin. -->","yoast_head_json":{"title":"Kipper mit Kr\u00e4nen - Fabryka Maszyn Le\u017cajsk","robots":{"index":"index","follow":"follow","max-snippet":"max-snippet:-1","max-image-preview":"max-image-preview:large","max-video-preview":"max-video-preview:-1"},"canonical":"https:\/\/fml.com.pl\/de\/angebot\/kipper-mit-kranen\/","og_locale":"pl_PL","og_type":"article","og_title":"Kipper mit Kr\u00e4nen - Fabryka Maszyn Le\u017cajsk","og_description":"FML bietet auch brandneue Fahrzeuge mit Kipper und HDS an. Der zuverl\u00e4ssige Hydraulikkran, der mit einer Schaufel ausgestattet werden kann, kombiniert mit einem Dreiseitenkipper, macht dieses Fahrzeug vielseitig einsetzbar. Diese Fahrzeuge werden u. a. in der Wasser-, Energie-, Stra\u00dfen- und...","og_url":"https:\/\/fml.com.pl\/de\/angebot\/kipper-mit-kranen\/","og_site_name":"Fabryka Maszyn Le\u017cajsk","article_modified_time":"2024-07-19T21:05:00+00:00","og_image":[{"width":1280,"height":960,"url":"https:\/\/fml.com.pl\/de\/wp-content\/uploads\/2023\/05\/IMG_0911.jpg","type":"image\/jpeg"}],"twitter_card":"summary_large_image","twitter_misc":{"Szacowany czas czytania":"1 minuta"},"schema":{"@context":"https:\/\/schema.org","@graph":[{"@type":"WebPage","@id":"https:\/\/fml.com.pl\/de\/angebot\/kipper-mit-kranen\/","url":"https:\/\/fml.com.pl\/de\/angebot\/kipper-mit-kranen\/","name":"Kipper mit Kr\u00e4nen - Fabryka Maszyn Le\u017cajsk","isPartOf":{"@id":"https:\/\/fml.com.pl\/de\/#website"},"primaryImageOfPage":{"@id":"https:\/\/fml.com.pl\/de\/angebot\/kipper-mit-kranen\/#primaryimage"},"image":{"@id":"https:\/\/fml.com.pl\/de\/angebot\/kipper-mit-kranen\/#primaryimage"},"thumbnailUrl":"https:\/\/fml.com.pl\/de\/wp-content\/uploads\/2023\/05\/IMG_0911.jpg","datePublished":"2022-11-16T12:12:48+00:00","dateModified":"2024-07-19T21:05:00+00:00","breadcrumb":{"@id":"https:\/\/fml.com.pl\/de\/angebot\/kipper-mit-kranen\/#breadcrumb"},"inLanguage":"pl-PL","potentialAction":[{"@type":"ReadAction","target":["https:\/\/fml.com.pl\/de\/angebot\/kipper-mit-kranen\/"]}]},{"@type":"ImageObject","inLanguage":"pl-PL","@id":"https:\/\/fml.com.pl\/de\/angebot\/kipper-mit-kranen\/#primaryimage","url":"https:\/\/fml.com.pl\/de\/wp-content\/uploads\/2023\/05\/IMG_0911.jpg","contentUrl":"https:\/\/fml.com.pl\/de\/wp-content\/uploads\/2023\/05\/IMG_0911.jpg","width":1280,"height":960},{"@type":"BreadcrumbList","@id":"https:\/\/fml.com.pl\/de\/angebot\/kipper-mit-kranen\/#breadcrumb","itemListElement":[{"@type":"ListItem","position":1,"name":"Angebot","item":"https:\/\/fml.com.pl\/de\/angebot\/"},{"@type":"ListItem","position":2,"name":"Kipper mit Kr\u00e4nen"}]},{"@type":"WebSite","@id":"https:\/\/fml.com.pl\/de\/#website","url":"https:\/\/fml.com.pl\/de\/","name":"Fabryka Maszyn Le\u017cajsk","description":"","potentialAction":[{"@type":"SearchAction","target":{"@type":"EntryPoint","urlTemplate":"https:\/\/fml.com.pl\/de\/?s={search_term_string}"},"query-input":{"@type":"PropertyValueSpecification","valueRequired":true,"valueName":"search_term_string"}}],"inLanguage":"pl-PL"}]}},"_links":{"self":[{"href":"https:\/\/fml.com.pl\/de\/wp-json\/wp\/v2\/pages\/910"}],"collection":[{"href":"https:\/\/fml.com.pl\/de\/wp-json\/wp\/v2\/pages"}],"about":[{"href":"https:\/\/fml.com.pl\/de\/wp-json\/wp\/v2\/types\/page"}],"author":[{"embeddable":true,"href":"https:\/\/fml.com.pl\/de\/wp-json\/wp\/v2\/users\/1"}],"replies":[{"embeddable":true,"href":"https:\/\/fml.com.pl\/de\/wp-json\/wp\/v2\/comments?post=910"}],"version-history":[{"count":4,"href":"https:\/\/fml.com.pl\/de\/wp-json\/wp\/v2\/pages\/910\/revisions"}],"predecessor-version":[{"id":3536,"href":"https:\/\/fml.com.pl\/de\/wp-json\/wp\/v2\/pages\/910\/revisions\/3536"}],"up":[{"embeddable":true,"href":"https:\/\/fml.com.pl\/de\/wp-json\/wp\/v2\/pages\/12"}],"wp:featuredmedia":[{"embeddable":true,"href":"https:\/\/fml.com.pl\/de\/wp-json\/wp\/v2\/media\/2926"}],"wp:attachment":[{"href":"https:\/\/fml.com.pl\/de\/wp-json\/wp\/v2\/media?parent=910"}],"curies":[{"name":"wp","href":"https:\/\/api.w.org\/{rel}","templated":true}]}}