{"id":916,"date":"2022-11-16T13:15:47","date_gmt":"2022-11-16T12:15:47","guid":{"rendered":"https:\/\/fml.com.pl\/de\/?page_id=916"},"modified":"2024-07-19T23:19:04","modified_gmt":"2024-07-19T21:19:04","slug":"renovierungsarbeiten","status":"publish","type":"page","link":"https:\/\/fml.com.pl\/de\/angebot\/renovierungsarbeiten\/","title":{"rendered":"Renovierungsarbeiten"},"content":{"rendered":"<p>Sowohl Betonmischer als auch Elektrostapler sind durch ihren Einsatz einem Verschlei\u00df unterworfen. Um den Erwartungen unserer Kunden gerecht zu werden, m\u00f6chten wir unsere Dienstleistungen im Bereich der General\u00fcberholung anbieten, f\u00fcr die wir eine Garantie \u00fcbernehmen.<\/p>\n<p>Wir bieten Ihnen die M\u00f6glichkeit einer kompletten \u00dcberholung Ihrer Fahrzeuge durch den R\u00fcckkauf von Gebrauchtteilen. Bei den Betonmischern haben wir neue Mischer zu einem attraktiven Preis im Angebot. Auf Wunsch des Kunden nehmen wir individuelle Messungen der Mischer vor.<\/p>\n<style type=\"text\/css\">\r\n\t#foogallery-gallery-1092 .fg-image {\r\n        width: 350px;\r\n    }\r\n<\/style>\r\n\t\t\t\t<div class=\"foogallery foogallery-container foogallery-default foogallery-lightbox-foobox fg-gutter-10 fg-center fg-default fg-light fg-loading-default fg-loaded-fade-in fg-caption-hover fg-hover-fade fg-hover-zoom fg-ready\" id=\"foogallery-gallery-1092\" data-foogallery=\"{&quot;item&quot;:{&quot;showCaptionTitle&quot;:true,&quot;showCaptionDescription&quot;:true},&quot;lazy&quot;:true}\" >\r\n\t<div class=\"fg-item fg-type-image fg-idle\"><figure class=\"fg-item-inner\"><a href=\"https:\/\/fml.com.pl\/de\/wp-content\/uploads\/2022\/11\/IMG_20180620_120031-scaled.jpg\" data-attachment-id=\"2096\" data-type=\"image\" class=\"fg-thumb\"><span class=\"fg-image-wrap\"><img fetchpriority=\"high\" decoding=\"async\" width=\"350\" height=\"350\" class=\"skip-lazy fg-image\" data-src-fg=\"https:\/\/fml.com.pl\/de\/wp-content\/uploads\/cache\/2022\/11\/IMG_20180620_120031-scaled\/3696594244.jpg\" src=\"data:image\/svg+xml,%3Csvg%20xmlns%3D%22http%3A%2F%2Fwww.w3.org%2F2000%2Fsvg%22%20width%3D%22350%22%20height%3D%22350%22%20viewBox%3D%220%200%20350%20350%22%3E%3C%2Fsvg%3E\" loading=\"eager\"><\/span><span class=\"fg-image-overlay\"><\/span><\/a><figcaption class=\"fg-caption\"><div class=\"fg-caption-inner\"><\/div><\/figcaption><\/figure><div class=\"fg-loader\"><\/div><\/div><div class=\"fg-item fg-type-image fg-idle\"><figure class=\"fg-item-inner\"><a href=\"https:\/\/fml.com.pl\/de\/wp-content\/uploads\/2022\/11\/IMG_20180905_110923-scaled.jpg\" data-attachment-id=\"1090\" data-type=\"image\" class=\"fg-thumb\"><span class=\"fg-image-wrap\"><img decoding=\"async\" width=\"350\" height=\"350\" class=\"skip-lazy fg-image\" data-src-fg=\"https:\/\/fml.com.pl\/de\/wp-content\/uploads\/cache\/2022\/11\/IMG_20180905_110923-scaled\/2838093237.jpg\" src=\"data:image\/svg+xml,%3Csvg%20xmlns%3D%22http%3A%2F%2Fwww.w3.org%2F2000%2Fsvg%22%20width%3D%22350%22%20height%3D%22350%22%20viewBox%3D%220%200%20350%20350%22%3E%3C%2Fsvg%3E\" loading=\"eager\"><\/span><span class=\"fg-image-overlay\"><\/span><\/a><figcaption class=\"fg-caption\"><div class=\"fg-caption-inner\"><\/div><\/figcaption><\/figure><div class=\"fg-loader\"><\/div><\/div><div class=\"fg-item fg-type-image fg-idle\"><figure class=\"fg-item-inner\"><a href=\"https:\/\/fml.com.pl\/de\/wp-content\/uploads\/2022\/11\/DSC_3734-scaled.jpg\" data-attachment-id=\"2092\" data-type=\"image\" class=\"fg-thumb\"><span class=\"fg-image-wrap\"><img decoding=\"async\" width=\"350\" height=\"350\" class=\"skip-lazy fg-image\" data-src-fg=\"https:\/\/fml.com.pl\/de\/wp-content\/uploads\/cache\/2022\/11\/DSC_3734-scaled\/2023540179.jpg\" src=\"data:image\/svg+xml,%3Csvg%20xmlns%3D%22http%3A%2F%2Fwww.w3.org%2F2000%2Fsvg%22%20width%3D%22350%22%20height%3D%22350%22%20viewBox%3D%220%200%20350%20350%22%3E%3C%2Fsvg%3E\" loading=\"eager\"><\/span><span class=\"fg-image-overlay\"><\/span><\/a><figcaption class=\"fg-caption\"><div class=\"fg-caption-inner\"><\/div><\/figcaption><\/figure><div class=\"fg-loader\"><\/div><\/div><div class=\"fg-item fg-type-image fg-idle\"><figure class=\"fg-item-inner\"><a href=\"https:\/\/fml.com.pl\/de\/wp-content\/uploads\/2022\/11\/IMG_20180829_131202-scaled.jpg\" data-attachment-id=\"1089\" data-type=\"image\" class=\"fg-thumb\"><span class=\"fg-image-wrap\"><img decoding=\"async\" width=\"350\" height=\"350\" class=\"skip-lazy fg-image\" data-src-fg=\"https:\/\/fml.com.pl\/de\/wp-content\/uploads\/cache\/2022\/11\/IMG_20180829_131202-scaled\/4212793395.jpg\" src=\"data:image\/svg+xml,%3Csvg%20xmlns%3D%22http%3A%2F%2Fwww.w3.org%2F2000%2Fsvg%22%20width%3D%22350%22%20height%3D%22350%22%20viewBox%3D%220%200%20350%20350%22%3E%3C%2Fsvg%3E\" loading=\"eager\"><\/span><span class=\"fg-image-overlay\"><\/span><\/a><figcaption class=\"fg-caption\"><div class=\"fg-caption-inner\"><\/div><\/figcaption><\/figure><div class=\"fg-loader\"><\/div><\/div><div class=\"fg-item fg-type-image fg-idle\"><figure class=\"fg-item-inner\"><a href=\"https:\/\/fml.com.pl\/de\/wp-content\/uploads\/2022\/11\/DSC_3738-scaled.jpg\" data-attachment-id=\"2093\" data-type=\"image\" class=\"fg-thumb\"><span class=\"fg-image-wrap\"><img decoding=\"async\" width=\"350\" height=\"350\" class=\"skip-lazy fg-image\" data-src-fg=\"https:\/\/fml.com.pl\/de\/wp-content\/uploads\/cache\/2022\/11\/DSC_3738-scaled\/3010364141.jpg\" src=\"data:image\/svg+xml,%3Csvg%20xmlns%3D%22http%3A%2F%2Fwww.w3.org%2F2000%2Fsvg%22%20width%3D%22350%22%20height%3D%22350%22%20viewBox%3D%220%200%20350%20350%22%3E%3C%2Fsvg%3E\" loading=\"eager\"><\/span><span class=\"fg-image-overlay\"><\/span><\/a><figcaption class=\"fg-caption\"><div class=\"fg-caption-inner\"><\/div><\/figcaption><\/figure><div class=\"fg-loader\"><\/div><\/div><div class=\"fg-item fg-type-image fg-idle\"><figure class=\"fg-item-inner\"><a href=\"https:\/\/fml.com.pl\/de\/wp-content\/uploads\/2022\/11\/BETONOMIESZARKA-SKANDYNAWSKA-Z-RYNNA-TELESKOPOWA.png\" data-attachment-id=\"1070\" data-type=\"image\" class=\"fg-thumb\"><span class=\"fg-image-wrap\"><img decoding=\"async\" width=\"350\" height=\"350\" class=\"skip-lazy fg-image\" data-src-fg=\"https:\/\/fml.com.pl\/de\/wp-content\/uploads\/cache\/2022\/11\/BETONOMIESZARKA-SKANDYNAWSKA-Z-RYNNA-TELESKOPOWA\/1921544576.png\" src=\"data:image\/svg+xml,%3Csvg%20xmlns%3D%22http%3A%2F%2Fwww.w3.org%2F2000%2Fsvg%22%20width%3D%22350%22%20height%3D%22350%22%20viewBox%3D%220%200%20350%20350%22%3E%3C%2Fsvg%3E\" loading=\"eager\"><\/span><span class=\"fg-image-overlay\"><\/span><\/a><figcaption class=\"fg-caption\"><div class=\"fg-caption-inner\"><\/div><\/figcaption><\/figure><div class=\"fg-loader\"><\/div><\/div><div class=\"fg-item fg-type-image fg-idle\"><figure class=\"fg-item-inner\"><a href=\"https:\/\/fml.com.pl\/de\/wp-content\/uploads\/2022\/11\/DSC_3487-scaled.jpg\" data-attachment-id=\"2094\" data-type=\"image\" class=\"fg-thumb\"><span class=\"fg-image-wrap\"><img decoding=\"async\" width=\"350\" height=\"350\" class=\"skip-lazy fg-image\" data-src-fg=\"https:\/\/fml.com.pl\/de\/wp-content\/uploads\/cache\/2022\/11\/DSC_3487-scaled\/4065506765.jpg\" src=\"data:image\/svg+xml,%3Csvg%20xmlns%3D%22http%3A%2F%2Fwww.w3.org%2F2000%2Fsvg%22%20width%3D%22350%22%20height%3D%22350%22%20viewBox%3D%220%200%20350%20350%22%3E%3C%2Fsvg%3E\" loading=\"eager\"><\/span><span class=\"fg-image-overlay\"><\/span><\/a><figcaption class=\"fg-caption\"><div class=\"fg-caption-inner\"><\/div><\/figcaption><\/figure><div class=\"fg-loader\"><\/div><\/div><div class=\"fg-item fg-type-image fg-idle\"><figure class=\"fg-item-inner\"><a href=\"https:\/\/fml.com.pl\/de\/wp-content\/uploads\/2022\/11\/USLUGI-REMONTOWE-tymczasowe-zrobie-nowe-przy-ladniejszej-pogodzie.png\" data-attachment-id=\"1056\" data-type=\"image\" class=\"fg-thumb\"><span class=\"fg-image-wrap\"><img decoding=\"async\" width=\"350\" height=\"350\" class=\"skip-lazy fg-image\" data-src-fg=\"https:\/\/fml.com.pl\/de\/wp-content\/uploads\/cache\/2022\/11\/USLUGI-REMONTOWE-tymczasowe-zrobie-nowe-przy-ladniejszej-pogodzie\/3415372605.png\" src=\"data:image\/svg+xml,%3Csvg%20xmlns%3D%22http%3A%2F%2Fwww.w3.org%2F2000%2Fsvg%22%20width%3D%22350%22%20height%3D%22350%22%20viewBox%3D%220%200%20350%20350%22%3E%3C%2Fsvg%3E\" loading=\"eager\"><\/span><span class=\"fg-image-overlay\"><\/span><\/a><figcaption class=\"fg-caption\"><div class=\"fg-caption-inner\"><\/div><\/figcaption><\/figure><div class=\"fg-loader\"><\/div><\/div><\/div>\r\n\n","protected":false},"excerpt":{"rendered":"<p>Sowohl Betonmischer als auch Elektrostapler sind durch ihren Einsatz einem Verschlei\u00df unterworfen. Um den Erwartungen unserer Kunden gerecht zu werden, m\u00f6chten wir unsere Dienstleistungen im Bereich der General\u00fcberholung anbieten, f\u00fcr die wir eine Garantie \u00fcbernehmen. Wir bieten Ihnen die M\u00f6glichkeit&#8230;<\/p>\n","protected":false},"author":1,"featured_media":1331,"parent":12,"menu_order":10,"comment_status":"closed","ping_status":"closed","template":"","meta":{"_acf_changed":false,"footnotes":""},"class_list":["post-916","page","type-page","status-publish","has-post-thumbnail","hentry"],"acf":[],"yoast_head":"<!-- This site is optimized with the Yoast SEO plugin v23.4 - https:\/\/yoast.com\/wordpress\/plugins\/seo\/ -->\n<title>Renovierungsarbeiten - Fabryka Maszyn Le\u017cajsk<\/title>\n<meta name=\"robots\" content=\"index, follow, max-snippet:-1, max-image-preview:large, max-video-preview:-1\" \/>\n<link rel=\"canonical\" href=\"https:\/\/fml.com.pl\/de\/angebot\/renovierungsarbeiten\/\" \/>\n<meta property=\"og:locale\" content=\"pl_PL\" \/>\n<meta property=\"og:type\" content=\"article\" \/>\n<meta property=\"og:title\" content=\"Renovierungsarbeiten - Fabryka Maszyn Le\u017cajsk\" \/>\n<meta property=\"og:description\" content=\"Sowohl Betonmischer als auch Elektrostapler sind durch ihren Einsatz einem Verschlei\u00df unterworfen. Um den Erwartungen unserer Kunden gerecht zu werden, m\u00f6chten wir unsere Dienstleistungen im Bereich der General\u00fcberholung anbieten, f\u00fcr die wir eine Garantie \u00fcbernehmen. Wir bieten Ihnen die M\u00f6glichkeit...\" \/>\n<meta property=\"og:url\" content=\"https:\/\/fml.com.pl\/de\/angebot\/renovierungsarbeiten\/\" \/>\n<meta property=\"og:site_name\" content=\"Fabryka Maszyn Le\u017cajsk\" \/>\n<meta property=\"article:modified_time\" content=\"2024-07-19T21:19:04+00:00\" \/>\n<meta property=\"og:image\" content=\"https:\/\/fml.com.pl\/de\/wp-content\/uploads\/2022\/11\/welding-2819145_1280.jpg\" \/>\n\t<meta property=\"og:image:width\" content=\"1280\" \/>\n\t<meta property=\"og:image:height\" content=\"853\" \/>\n\t<meta property=\"og:image:type\" content=\"image\/jpeg\" \/>\n<meta name=\"twitter:card\" content=\"summary_large_image\" \/>\n<meta name=\"twitter:label1\" content=\"Szacowany czas czytania\" \/>\n\t<meta name=\"twitter:data1\" content=\"1 minuta\" \/>\n<script type=\"application\/ld+json\" class=\"yoast-schema-graph\">{\"@context\":\"https:\/\/schema.org\",\"@graph\":[{\"@type\":\"WebPage\",\"@id\":\"https:\/\/fml.com.pl\/de\/angebot\/renovierungsarbeiten\/\",\"url\":\"https:\/\/fml.com.pl\/de\/angebot\/renovierungsarbeiten\/\",\"name\":\"Renovierungsarbeiten - Fabryka Maszyn Le\u017cajsk\",\"isPartOf\":{\"@id\":\"https:\/\/fml.com.pl\/de\/#website\"},\"primaryImageOfPage\":{\"@id\":\"https:\/\/fml.com.pl\/de\/angebot\/renovierungsarbeiten\/#primaryimage\"},\"image\":{\"@id\":\"https:\/\/fml.com.pl\/de\/angebot\/renovierungsarbeiten\/#primaryimage\"},\"thumbnailUrl\":\"https:\/\/fml.com.pl\/de\/wp-content\/uploads\/2022\/11\/welding-2819145_1280.jpg\",\"datePublished\":\"2022-11-16T12:15:47+00:00\",\"dateModified\":\"2024-07-19T21:19:04+00:00\",\"breadcrumb\":{\"@id\":\"https:\/\/fml.com.pl\/de\/angebot\/renovierungsarbeiten\/#breadcrumb\"},\"inLanguage\":\"pl-PL\",\"potentialAction\":[{\"@type\":\"ReadAction\",\"target\":[\"https:\/\/fml.com.pl\/de\/angebot\/renovierungsarbeiten\/\"]}]},{\"@type\":\"ImageObject\",\"inLanguage\":\"pl-PL\",\"@id\":\"https:\/\/fml.com.pl\/de\/angebot\/renovierungsarbeiten\/#primaryimage\",\"url\":\"https:\/\/fml.com.pl\/de\/wp-content\/uploads\/2022\/11\/welding-2819145_1280.jpg\",\"contentUrl\":\"https:\/\/fml.com.pl\/de\/wp-content\/uploads\/2022\/11\/welding-2819145_1280.jpg\",\"width\":1280,\"height\":853},{\"@type\":\"BreadcrumbList\",\"@id\":\"https:\/\/fml.com.pl\/de\/angebot\/renovierungsarbeiten\/#breadcrumb\",\"itemListElement\":[{\"@type\":\"ListItem\",\"position\":1,\"name\":\"Angebot\",\"item\":\"https:\/\/fml.com.pl\/de\/angebot\/\"},{\"@type\":\"ListItem\",\"position\":2,\"name\":\"Renovierungsarbeiten\"}]},{\"@type\":\"WebSite\",\"@id\":\"https:\/\/fml.com.pl\/de\/#website\",\"url\":\"https:\/\/fml.com.pl\/de\/\",\"name\":\"Fabryka Maszyn Le\u017cajsk\",\"description\":\"\",\"potentialAction\":[{\"@type\":\"SearchAction\",\"target\":{\"@type\":\"EntryPoint\",\"urlTemplate\":\"https:\/\/fml.com.pl\/de\/?s={search_term_string}\"},\"query-input\":{\"@type\":\"PropertyValueSpecification\",\"valueRequired\":true,\"valueName\":\"search_term_string\"}}],\"inLanguage\":\"pl-PL\"}]}<\/script>\n<!-- \/ Yoast SEO plugin. -->","yoast_head_json":{"title":"Renovierungsarbeiten - Fabryka Maszyn Le\u017cajsk","robots":{"index":"index","follow":"follow","max-snippet":"max-snippet:-1","max-image-preview":"max-image-preview:large","max-video-preview":"max-video-preview:-1"},"canonical":"https:\/\/fml.com.pl\/de\/angebot\/renovierungsarbeiten\/","og_locale":"pl_PL","og_type":"article","og_title":"Renovierungsarbeiten - Fabryka Maszyn Le\u017cajsk","og_description":"Sowohl Betonmischer als auch Elektrostapler sind durch ihren Einsatz einem Verschlei\u00df unterworfen. Um den Erwartungen unserer Kunden gerecht zu werden, m\u00f6chten wir unsere Dienstleistungen im Bereich der General\u00fcberholung anbieten, f\u00fcr die wir eine Garantie \u00fcbernehmen. Wir bieten Ihnen die M\u00f6glichkeit...","og_url":"https:\/\/fml.com.pl\/de\/angebot\/renovierungsarbeiten\/","og_site_name":"Fabryka Maszyn Le\u017cajsk","article_modified_time":"2024-07-19T21:19:04+00:00","og_image":[{"width":1280,"height":853,"url":"https:\/\/fml.com.pl\/de\/wp-content\/uploads\/2022\/11\/welding-2819145_1280.jpg","type":"image\/jpeg"}],"twitter_card":"summary_large_image","twitter_misc":{"Szacowany czas czytania":"1 minuta"},"schema":{"@context":"https:\/\/schema.org","@graph":[{"@type":"WebPage","@id":"https:\/\/fml.com.pl\/de\/angebot\/renovierungsarbeiten\/","url":"https:\/\/fml.com.pl\/de\/angebot\/renovierungsarbeiten\/","name":"Renovierungsarbeiten - Fabryka Maszyn Le\u017cajsk","isPartOf":{"@id":"https:\/\/fml.com.pl\/de\/#website"},"primaryImageOfPage":{"@id":"https:\/\/fml.com.pl\/de\/angebot\/renovierungsarbeiten\/#primaryimage"},"image":{"@id":"https:\/\/fml.com.pl\/de\/angebot\/renovierungsarbeiten\/#primaryimage"},"thumbnailUrl":"https:\/\/fml.com.pl\/de\/wp-content\/uploads\/2022\/11\/welding-2819145_1280.jpg","datePublished":"2022-11-16T12:15:47+00:00","dateModified":"2024-07-19T21:19:04+00:00","breadcrumb":{"@id":"https:\/\/fml.com.pl\/de\/angebot\/renovierungsarbeiten\/#breadcrumb"},"inLanguage":"pl-PL","potentialAction":[{"@type":"ReadAction","target":["https:\/\/fml.com.pl\/de\/angebot\/renovierungsarbeiten\/"]}]},{"@type":"ImageObject","inLanguage":"pl-PL","@id":"https:\/\/fml.com.pl\/de\/angebot\/renovierungsarbeiten\/#primaryimage","url":"https:\/\/fml.com.pl\/de\/wp-content\/uploads\/2022\/11\/welding-2819145_1280.jpg","contentUrl":"https:\/\/fml.com.pl\/de\/wp-content\/uploads\/2022\/11\/welding-2819145_1280.jpg","width":1280,"height":853},{"@type":"BreadcrumbList","@id":"https:\/\/fml.com.pl\/de\/angebot\/renovierungsarbeiten\/#breadcrumb","itemListElement":[{"@type":"ListItem","position":1,"name":"Angebot","item":"https:\/\/fml.com.pl\/de\/angebot\/"},{"@type":"ListItem","position":2,"name":"Renovierungsarbeiten"}]},{"@type":"WebSite","@id":"https:\/\/fml.com.pl\/de\/#website","url":"https:\/\/fml.com.pl\/de\/","name":"Fabryka Maszyn Le\u017cajsk","description":"","potentialAction":[{"@type":"SearchAction","target":{"@type":"EntryPoint","urlTemplate":"https:\/\/fml.com.pl\/de\/?s={search_term_string}"},"query-input":{"@type":"PropertyValueSpecification","valueRequired":true,"valueName":"search_term_string"}}],"inLanguage":"pl-PL"}]}},"_links":{"self":[{"href":"https:\/\/fml.com.pl\/de\/wp-json\/wp\/v2\/pages\/916"}],"collection":[{"href":"https:\/\/fml.com.pl\/de\/wp-json\/wp\/v2\/pages"}],"about":[{"href":"https:\/\/fml.com.pl\/de\/wp-json\/wp\/v2\/types\/page"}],"author":[{"embeddable":true,"href":"https:\/\/fml.com.pl\/de\/wp-json\/wp\/v2\/users\/1"}],"replies":[{"embeddable":true,"href":"https:\/\/fml.com.pl\/de\/wp-json\/wp\/v2\/comments?post=916"}],"version-history":[{"count":13,"href":"https:\/\/fml.com.pl\/de\/wp-json\/wp\/v2\/pages\/916\/revisions"}],"predecessor-version":[{"id":3542,"href":"https:\/\/fml.com.pl\/de\/wp-json\/wp\/v2\/pages\/916\/revisions\/3542"}],"up":[{"embeddable":true,"href":"https:\/\/fml.com.pl\/de\/wp-json\/wp\/v2\/pages\/12"}],"wp:featuredmedia":[{"embeddable":true,"href":"https:\/\/fml.com.pl\/de\/wp-json\/wp\/v2\/media\/1331"}],"wp:attachment":[{"href":"https:\/\/fml.com.pl\/de\/wp-json\/wp\/v2\/media?parent=916"}],"curies":[{"name":"wp","href":"https:\/\/api.w.org\/{rel}","templated":true}]}}