{"id":920,"date":"2022-11-16T13:16:21","date_gmt":"2022-11-16T12:16:21","guid":{"rendered":"https:\/\/fml.com.pl\/de\/?page_id=920"},"modified":"2024-09-23T21:49:18","modified_gmt":"2024-09-23T19:49:18","slug":"vermietung","status":"publish","type":"page","link":"https:\/\/fml.com.pl\/de\/angebot\/vermietung\/","title":{"rendered":"VERMIETUNG"},"content":{"rendered":"<ul>\n<li style=\"font-weight: 400;\" aria-level=\"1\"><span style=\"font-weight: 400;\">klar kalkulierte, reale Nutzungskosten des Fahrzeugs<\/span><\/li>\n<li style=\"font-weight: 400;\" aria-level=\"1\"><span style=\"font-weight: 400;\">kontinuierliche Nutzung eines neuen oder fast neuen <\/span>Fahrzeugs mit den neuesten Emissionsstandards<\/li>\n<\/ul>\n<ul>\n<li style=\"font-weight: 400;\" aria-level=\"1\"><span style=\"font-weight: 400;\">Nutzung eines Fahrzeugs, das durch eine vollst\u00f6ndige Herstellergarantie abgedeckt ist<\/span><\/li>\n<li style=\"font-weight: 400;\" aria-level=\"1\"><span style=\"font-weight: 400;\">geringeres Risikopotenzial f\u00fcr Fahrzeugausfallzeiten <\/span>aufgrund von Reparaturen<\/li>\n<\/ul>\n<ul>\n<li style=\"font-weight: 400;\" aria-level=\"1\"><span style=\"font-weight: 400;\">die M\u00f6glichkeit, ein neues Fahrzeug zu erhalten, ohne Leasing- oder Bankverpflichtungeneinzugehen<\/span><\/li>\n<li style=\"font-weight: 400;\" aria-level=\"1\"><span style=\"font-weight: 400;\">feste Raten unabh\u00f6ngig vom Zinssatz<\/span><\/li>\n<li style=\"font-weight: 400;\" aria-level=\"1\"><span style=\"font-weight: 400;\">die M\u00f6glichkeit, <\/span><i><span style=\"font-weight: 400;\">\u00f6a <\/span><\/i><span style=\"font-weight: 400;\">s Fa hrzeug nach 24 Monaten zur\u00fcckzugeben und ein neues Fahrzeug f\u00fcr weitere 24 <\/span><span style=\"font-weight: 400;\">Monate zu erhalten<\/span><\/li>\n<li style=\"font-weight: 400;\" aria-level=\"1\"><span style=\"font-weight: 400;\">die M\u00f6glichkeit, das Fahrzeug nach Ende der Mietzeit <\/span>zu g\u00fcnstigen Konditionen zu kaufen<\/li>\n<\/ul>\n<p><span style=\"font-weight: 400;\">* jedes Angebot wird individuell betrachtet.<\/span><\/p>\n","protected":false},"excerpt":{"rendered":"<p>klar kalkulierte, reale Nutzungskosten des Fahrzeugs kontinuierliche Nutzung eines neuen oder fast neuen Fahrzeugs mit den neuesten Emissionsstandards Nutzung eines Fahrzeugs, das durch eine vollst\u00f6ndige Herstellergarantie abgedeckt ist geringeres Risikopotenzial f\u00fcr Fahrzeugausfallzeiten aufgrund von Reparaturen die M\u00f6glichkeit, ein neues Fahrzeug&#8230;<\/p>\n","protected":false},"author":1,"featured_media":1057,"parent":12,"menu_order":12,"comment_status":"closed","ping_status":"closed","template":"","meta":{"_acf_changed":false,"footnotes":""},"class_list":["post-920","page","type-page","status-publish","has-post-thumbnail","hentry"],"acf":[],"yoast_head":"<!-- This site is optimized with the Yoast SEO plugin v23.4 - https:\/\/yoast.com\/wordpress\/plugins\/seo\/ -->\n<title>VERMIETUNG - Fabryka Maszyn Le\u017cajsk<\/title>\n<meta name=\"robots\" content=\"index, follow, max-snippet:-1, max-image-preview:large, max-video-preview:-1\" \/>\n<link rel=\"canonical\" href=\"https:\/\/fml.com.pl\/de\/angebot\/vermietung\/\" \/>\n<meta property=\"og:locale\" content=\"pl_PL\" \/>\n<meta property=\"og:type\" content=\"article\" \/>\n<meta property=\"og:title\" content=\"VERMIETUNG - Fabryka Maszyn Le\u017cajsk\" \/>\n<meta property=\"og:description\" content=\"klar kalkulierte, reale Nutzungskosten des Fahrzeugs kontinuierliche Nutzung eines neuen oder fast neuen Fahrzeugs mit den neuesten Emissionsstandards Nutzung eines Fahrzeugs, das durch eine vollst\u00f6ndige Herstellergarantie abgedeckt ist geringeres Risikopotenzial f\u00fcr Fahrzeugausfallzeiten aufgrund von Reparaturen die M\u00f6glichkeit, ein neues Fahrzeug...\" \/>\n<meta property=\"og:url\" content=\"https:\/\/fml.com.pl\/de\/angebot\/vermietung\/\" \/>\n<meta property=\"og:site_name\" content=\"Fabryka Maszyn Le\u017cajsk\" \/>\n<meta property=\"article:modified_time\" content=\"2024-09-23T19:49:18+00:00\" \/>\n<meta property=\"og:image\" content=\"https:\/\/fml.com.pl\/de\/wp-content\/uploads\/2022\/11\/WYNAJEM-POJAZDOW.jpg\" \/>\n\t<meta property=\"og:image:width\" content=\"1200\" \/>\n\t<meta property=\"og:image:height\" content=\"800\" \/>\n\t<meta property=\"og:image:type\" content=\"image\/jpeg\" \/>\n<meta name=\"twitter:card\" content=\"summary_large_image\" \/>\n<meta name=\"twitter:label1\" content=\"Szacowany czas czytania\" \/>\n\t<meta name=\"twitter:data1\" content=\"1 minuta\" \/>\n<script type=\"application\/ld+json\" class=\"yoast-schema-graph\">{\"@context\":\"https:\/\/schema.org\",\"@graph\":[{\"@type\":\"WebPage\",\"@id\":\"https:\/\/fml.com.pl\/de\/angebot\/vermietung\/\",\"url\":\"https:\/\/fml.com.pl\/de\/angebot\/vermietung\/\",\"name\":\"VERMIETUNG - Fabryka Maszyn Le\u017cajsk\",\"isPartOf\":{\"@id\":\"https:\/\/fml.com.pl\/de\/#website\"},\"primaryImageOfPage\":{\"@id\":\"https:\/\/fml.com.pl\/de\/angebot\/vermietung\/#primaryimage\"},\"image\":{\"@id\":\"https:\/\/fml.com.pl\/de\/angebot\/vermietung\/#primaryimage\"},\"thumbnailUrl\":\"https:\/\/fml.com.pl\/de\/wp-content\/uploads\/2022\/11\/WYNAJEM-POJAZDOW.jpg\",\"datePublished\":\"2022-11-16T12:16:21+00:00\",\"dateModified\":\"2024-09-23T19:49:18+00:00\",\"breadcrumb\":{\"@id\":\"https:\/\/fml.com.pl\/de\/angebot\/vermietung\/#breadcrumb\"},\"inLanguage\":\"pl-PL\",\"potentialAction\":[{\"@type\":\"ReadAction\",\"target\":[\"https:\/\/fml.com.pl\/de\/angebot\/vermietung\/\"]}]},{\"@type\":\"ImageObject\",\"inLanguage\":\"pl-PL\",\"@id\":\"https:\/\/fml.com.pl\/de\/angebot\/vermietung\/#primaryimage\",\"url\":\"https:\/\/fml.com.pl\/de\/wp-content\/uploads\/2022\/11\/WYNAJEM-POJAZDOW.jpg\",\"contentUrl\":\"https:\/\/fml.com.pl\/de\/wp-content\/uploads\/2022\/11\/WYNAJEM-POJAZDOW.jpg\",\"width\":1200,\"height\":800},{\"@type\":\"BreadcrumbList\",\"@id\":\"https:\/\/fml.com.pl\/de\/angebot\/vermietung\/#breadcrumb\",\"itemListElement\":[{\"@type\":\"ListItem\",\"position\":1,\"name\":\"Angebot\",\"item\":\"https:\/\/fml.com.pl\/de\/angebot\/\"},{\"@type\":\"ListItem\",\"position\":2,\"name\":\"VERMIETUNG\"}]},{\"@type\":\"WebSite\",\"@id\":\"https:\/\/fml.com.pl\/de\/#website\",\"url\":\"https:\/\/fml.com.pl\/de\/\",\"name\":\"Fabryka Maszyn Le\u017cajsk\",\"description\":\"\",\"potentialAction\":[{\"@type\":\"SearchAction\",\"target\":{\"@type\":\"EntryPoint\",\"urlTemplate\":\"https:\/\/fml.com.pl\/de\/?s={search_term_string}\"},\"query-input\":{\"@type\":\"PropertyValueSpecification\",\"valueRequired\":true,\"valueName\":\"search_term_string\"}}],\"inLanguage\":\"pl-PL\"}]}<\/script>\n<!-- \/ Yoast SEO plugin. -->","yoast_head_json":{"title":"VERMIETUNG - Fabryka Maszyn Le\u017cajsk","robots":{"index":"index","follow":"follow","max-snippet":"max-snippet:-1","max-image-preview":"max-image-preview:large","max-video-preview":"max-video-preview:-1"},"canonical":"https:\/\/fml.com.pl\/de\/angebot\/vermietung\/","og_locale":"pl_PL","og_type":"article","og_title":"VERMIETUNG - Fabryka Maszyn Le\u017cajsk","og_description":"klar kalkulierte, reale Nutzungskosten des Fahrzeugs kontinuierliche Nutzung eines neuen oder fast neuen Fahrzeugs mit den neuesten Emissionsstandards Nutzung eines Fahrzeugs, das durch eine vollst\u00f6ndige Herstellergarantie abgedeckt ist geringeres Risikopotenzial f\u00fcr Fahrzeugausfallzeiten aufgrund von Reparaturen die M\u00f6glichkeit, ein neues Fahrzeug...","og_url":"https:\/\/fml.com.pl\/de\/angebot\/vermietung\/","og_site_name":"Fabryka Maszyn Le\u017cajsk","article_modified_time":"2024-09-23T19:49:18+00:00","og_image":[{"width":1200,"height":800,"url":"https:\/\/fml.com.pl\/de\/wp-content\/uploads\/2022\/11\/WYNAJEM-POJAZDOW.jpg","type":"image\/jpeg"}],"twitter_card":"summary_large_image","twitter_misc":{"Szacowany czas czytania":"1 minuta"},"schema":{"@context":"https:\/\/schema.org","@graph":[{"@type":"WebPage","@id":"https:\/\/fml.com.pl\/de\/angebot\/vermietung\/","url":"https:\/\/fml.com.pl\/de\/angebot\/vermietung\/","name":"VERMIETUNG - Fabryka Maszyn Le\u017cajsk","isPartOf":{"@id":"https:\/\/fml.com.pl\/de\/#website"},"primaryImageOfPage":{"@id":"https:\/\/fml.com.pl\/de\/angebot\/vermietung\/#primaryimage"},"image":{"@id":"https:\/\/fml.com.pl\/de\/angebot\/vermietung\/#primaryimage"},"thumbnailUrl":"https:\/\/fml.com.pl\/de\/wp-content\/uploads\/2022\/11\/WYNAJEM-POJAZDOW.jpg","datePublished":"2022-11-16T12:16:21+00:00","dateModified":"2024-09-23T19:49:18+00:00","breadcrumb":{"@id":"https:\/\/fml.com.pl\/de\/angebot\/vermietung\/#breadcrumb"},"inLanguage":"pl-PL","potentialAction":[{"@type":"ReadAction","target":["https:\/\/fml.com.pl\/de\/angebot\/vermietung\/"]}]},{"@type":"ImageObject","inLanguage":"pl-PL","@id":"https:\/\/fml.com.pl\/de\/angebot\/vermietung\/#primaryimage","url":"https:\/\/fml.com.pl\/de\/wp-content\/uploads\/2022\/11\/WYNAJEM-POJAZDOW.jpg","contentUrl":"https:\/\/fml.com.pl\/de\/wp-content\/uploads\/2022\/11\/WYNAJEM-POJAZDOW.jpg","width":1200,"height":800},{"@type":"BreadcrumbList","@id":"https:\/\/fml.com.pl\/de\/angebot\/vermietung\/#breadcrumb","itemListElement":[{"@type":"ListItem","position":1,"name":"Angebot","item":"https:\/\/fml.com.pl\/de\/angebot\/"},{"@type":"ListItem","position":2,"name":"VERMIETUNG"}]},{"@type":"WebSite","@id":"https:\/\/fml.com.pl\/de\/#website","url":"https:\/\/fml.com.pl\/de\/","name":"Fabryka Maszyn Le\u017cajsk","description":"","potentialAction":[{"@type":"SearchAction","target":{"@type":"EntryPoint","urlTemplate":"https:\/\/fml.com.pl\/de\/?s={search_term_string}"},"query-input":{"@type":"PropertyValueSpecification","valueRequired":true,"valueName":"search_term_string"}}],"inLanguage":"pl-PL"}]}},"_links":{"self":[{"href":"https:\/\/fml.com.pl\/de\/wp-json\/wp\/v2\/pages\/920"}],"collection":[{"href":"https:\/\/fml.com.pl\/de\/wp-json\/wp\/v2\/pages"}],"about":[{"href":"https:\/\/fml.com.pl\/de\/wp-json\/wp\/v2\/types\/page"}],"author":[{"embeddable":true,"href":"https:\/\/fml.com.pl\/de\/wp-json\/wp\/v2\/users\/1"}],"replies":[{"embeddable":true,"href":"https:\/\/fml.com.pl\/de\/wp-json\/wp\/v2\/comments?post=920"}],"version-history":[{"count":40,"href":"https:\/\/fml.com.pl\/de\/wp-json\/wp\/v2\/pages\/920\/revisions"}],"predecessor-version":[{"id":3672,"href":"https:\/\/fml.com.pl\/de\/wp-json\/wp\/v2\/pages\/920\/revisions\/3672"}],"up":[{"embeddable":true,"href":"https:\/\/fml.com.pl\/de\/wp-json\/wp\/v2\/pages\/12"}],"wp:featuredmedia":[{"embeddable":true,"href":"https:\/\/fml.com.pl\/de\/wp-json\/wp\/v2\/media\/1057"}],"wp:attachment":[{"href":"https:\/\/fml.com.pl\/de\/wp-json\/wp\/v2\/media?parent=920"}],"curies":[{"name":"wp","href":"https:\/\/api.w.org\/{rel}","templated":true}]}}