{"id":12,"date":"2021-07-10T13:08:37","date_gmt":"2021-07-10T11:08:37","guid":{"rendered":"https:\/\/fml.com.pl\/ua\/?page_id=12"},"modified":"2024-04-29T11:48:52","modified_gmt":"2024-04-29T09:48:52","slug":"nasha-propozitsia","status":"publish","type":"page","link":"https:\/\/fml.com.pl\/ua\/nasha-propozitsia\/","title":{"rendered":"\u041d\u0430\u0448\u0430 \u043f\u0440\u043e\u043f\u043e\u0437\u0438\u0446\u0456\u044f"},"content":{"rendered":"<p><img loading=\"lazy\" decoding=\"async\" class=\"alignnone size-full wp-image-188\" src=\"https:\/\/fml.com.pl\/ua\/wp-content\/uploads\/2021\/08\/oferta-fabyka-maszyn.jpg\" alt=\"oferta-fabyka-maszyn\" width=\"1526\" height=\"1013\" srcset=\"https:\/\/fml.com.pl\/ua\/wp-content\/uploads\/2021\/08\/oferta-fabyka-maszyn.jpg 1526w, https:\/\/fml.com.pl\/ua\/wp-content\/uploads\/2021\/08\/oferta-fabyka-maszyn-300x199.jpg 300w, https:\/\/fml.com.pl\/ua\/wp-content\/uploads\/2021\/08\/oferta-fabyka-maszyn-1024x680.jpg 1024w, https:\/\/fml.com.pl\/ua\/wp-content\/uploads\/2021\/08\/oferta-fabyka-maszyn-768x510.jpg 768w\" sizes=\"(max-width: 1526px) 100vw, 1526px\" \/><\/p>\n<p>\u0423 \u043d\u0430\u0448\u0456\u0439 \u043f\u0440\u043e\u043f\u043e\u0437\u0438\u0446\u0456\u0457 \u043f\u0440\u0435\u0434\u0441\u0442\u0430\u0432\u043b\u0435\u043d\u0456 <strong>\u0431\u0435\u0442\u043e\u043d\u043e\u0437\u043c\u0456\u0448\u0443\u0432\u0430\u0447\u0456<\/strong> \u043e\u0431\u2019\u0454\u043c\u043e\u043c 4-12 \u043c3 \u0437\u0456 \u0441\u0442\u0430\u043b\u0456 S355, Strenx \u0456 Hardox, \u0430 \u0442\u0430\u043a\u043e\u0436 \u0430\u043a\u0443\u043c\u0443\u043b\u044f\u0442\u043e\u0440\u043d\u0456 \u043f\u043b\u0430\u0442\u0444\u043e\u0440\u043c\u043d\u0456 \u0432\u0456\u0437\u043a\u0438 \u0434\u043b\u044f \u0448\u0438\u0440\u043e\u043a\u043e\u0433\u043e \u0437\u0430\u0441\u0442\u043e\u0441\u0443\u0432\u0430\u043d\u043d\u044f \u0442\u0430 \u0441\u0442\u0430\u0446\u0456\u043e\u043d\u0430\u0440\u043d\u0456 \u0437\u043c\u0456\u0448\u0443\u0432\u0430\u0447\u0456 \u0434\u043b\u044f \u0437\u043c\u0456\u0448\u0443\u0432\u0430\u043d\u043d\u044f \u0441\u0438\u043f\u0443\u0447\u0438\u0445, \u0441\u0443\u0445\u0438\u0445 \u0430\u0431\u043e \u043d\u0430\u043f\u0456\u0432\u0440\u0456\u0434\u043a\u0438\u0445 \u043c\u0430\u0442\u0435\u0440\u0456\u0430\u043b\u0456\u0432. \u041a\u0440\u0456\u043c \u0442\u043e\u0433\u043e, \u043c\u0438 \u0432\u0438\u0433\u043e\u0442\u043e\u0432\u043b\u044f\u0454\u043c\u043e \u0437\u043c\u0456\u0448\u0443\u0432\u0430\u0447\u0456 \u0432\u0441\u0456\u0445 \u0442\u0438\u043f\u0456\u0432 \u0437\u0430 \u0456\u043d\u0434\u0438\u0432\u0456\u0434\u0443\u0430\u043b\u044c\u043d\u0438\u043c \u0437\u0430\u043c\u043e\u0432\u043b\u0435\u043d\u043d\u044f\u043c \u0437\u0430\u043c\u043e\u0432\u043d\u0438\u043a\u0430. \u041f\u0440\u043e\u0432\u043e\u0434\u0438\u043c\u043e \u043a\u0430\u043f\u0456\u0442\u0430\u043b\u044c\u043d\u0438\u0439 \u0440<strong>\u0435\u043c\u043e\u043d\u0442 \u0431\u0435\u0442\u043e\u043d\u043e\u0437\u043c\u0456\u0448\u0443\u0432\u0430\u0447\u0456\u0432 \u0442\u0430 \u0430\u043a\u0443\u043c\u0443\u043b\u044f\u0442\u043e\u0440\u043d\u0438\u0445 \u0430\u0432\u0442\u043e\u043c\u043e\u0431\u0456\u043b\u0456\u0432<\/strong>. \u0422\u0430\u043a\u043e\u0436 \u0432\u0438\u0433\u043e\u0442\u043e\u0432\u043b\u044f\u0454\u043c\u043e \u043a\u0443\u0437\u043e\u0432\u0438 \u0434\u043b\u044f \u0443\u0441\u0442\u0430\u043d\u043e\u0432\u043a\u0438 \u0432 <strong>\u0437\u043c\u0456\u043d\u043d\u0443 \u0441\u0438\u0441\u0442\u0435\u043c\u0443 \u0437 \u0441\u0430\u043c\u043e\u0441\u043a\u0438\u0434\u043e\u043c.<\/strong><\/p>\n","protected":false},"excerpt":{"rendered":"<p>\u0428\u0438\u0440\u043e\u043a\u0438\u0439 \u0430\u0441\u043e\u0440\u0442\u0438\u043c\u0435\u043d\u0442 \u043f\u0440\u043e\u0434\u0443\u043a\u0446\u0456\u0457<\/p>\n","protected":false},"author":1,"featured_media":0,"parent":0,"menu_order":0,"comment_status":"closed","ping_status":"closed","template":"oferta.php","meta":{"_acf_changed":false,"footnotes":""},"acf":[],"yoast_head":"<!-- This site is optimized with the Yoast SEO plugin v22.0 - https:\/\/yoast.com\/wordpress\/plugins\/seo\/ -->\n<title>\u041d\u0430\u0448\u0430 \u043f\u0440\u043e\u043f\u043e\u0437\u0438\u0446\u0456\u044f - Fabryka Maszyn Le\u017cajsk<\/title>\n<meta name=\"description\" content=\"Nasza oferta: Betonomieszarki, w\u00f3zki akumulatorowe, remonty w\u00f3zk\u00f3w akumulatorowych i betonomieszarek. Skontaktuj si\u0119 z nami.\" \/>\n<meta name=\"robots\" content=\"index, follow, max-snippet:-1, max-image-preview:large, max-video-preview:-1\" \/>\n<link rel=\"canonical\" href=\"https:\/\/fml.com.pl\/ua\/nasha-propozitsia\/\" \/>\n<meta property=\"og:locale\" content=\"pl_PL\" \/>\n<meta property=\"og:type\" content=\"article\" \/>\n<meta property=\"og:title\" content=\"\u041d\u0430\u0448\u0430 \u043f\u0440\u043e\u043f\u043e\u0437\u0438\u0446\u0456\u044f - Fabryka Maszyn Le\u017cajsk\" \/>\n<meta property=\"og:description\" content=\"Nasza oferta: Betonomieszarki, w\u00f3zki akumulatorowe, remonty w\u00f3zk\u00f3w akumulatorowych i betonomieszarek. Skontaktuj si\u0119 z nami.\" \/>\n<meta property=\"og:url\" content=\"https:\/\/fml.com.pl\/ua\/nasha-propozitsia\/\" \/>\n<meta property=\"og:site_name\" content=\"Fabryka Maszyn Le\u017cajsk\" \/>\n<meta property=\"article:modified_time\" content=\"2024-04-29T09:48:52+00:00\" \/>\n<meta property=\"og:image\" content=\"https:\/\/fml.com.pl\/ua\/wp-content\/uploads\/2021\/08\/oferta-fabyka-maszyn.jpg\" \/>\n<meta name=\"twitter:card\" content=\"summary_large_image\" \/>\n<meta name=\"twitter:label1\" content=\"Szacowany czas czytania\" \/>\n\t<meta name=\"twitter:data1\" content=\"1 minuta\" \/>\n<script type=\"application\/ld+json\" class=\"yoast-schema-graph\">{\"@context\":\"https:\/\/schema.org\",\"@graph\":[{\"@type\":\"WebPage\",\"@id\":\"https:\/\/fml.com.pl\/ua\/nasha-propozitsia\/\",\"url\":\"https:\/\/fml.com.pl\/ua\/nasha-propozitsia\/\",\"name\":\"\u041d\u0430\u0448\u0430 \u043f\u0440\u043e\u043f\u043e\u0437\u0438\u0446\u0456\u044f - Fabryka Maszyn Le\u017cajsk\",\"isPartOf\":{\"@id\":\"https:\/\/fml.com.pl\/ua\/#website\"},\"datePublished\":\"2021-07-10T11:08:37+00:00\",\"dateModified\":\"2024-04-29T09:48:52+00:00\",\"description\":\"Nasza oferta: Betonomieszarki, w\u00f3zki akumulatorowe, remonty w\u00f3zk\u00f3w akumulatorowych i betonomieszarek. Skontaktuj si\u0119 z nami.\",\"breadcrumb\":{\"@id\":\"https:\/\/fml.com.pl\/ua\/nasha-propozitsia\/#breadcrumb\"},\"inLanguage\":\"pl-PL\",\"potentialAction\":[{\"@type\":\"ReadAction\",\"target\":[\"https:\/\/fml.com.pl\/ua\/nasha-propozitsia\/\"]}]},{\"@type\":\"BreadcrumbList\",\"@id\":\"https:\/\/fml.com.pl\/ua\/nasha-propozitsia\/#breadcrumb\",\"itemListElement\":[{\"@type\":\"ListItem\",\"position\":1,\"name\":\"\u0413\u043e\u043b\u043e\u0432\u043d\u0430\",\"item\":\"https:\/\/fml.com.pl\/ua\/\"},{\"@type\":\"ListItem\",\"position\":2,\"name\":\"\u041d\u0430\u0448\u0430 \u043f\u0440\u043e\u043f\u043e\u0437\u0438\u0446\u0456\u044f\"}]},{\"@type\":\"WebSite\",\"@id\":\"https:\/\/fml.com.pl\/ua\/#website\",\"url\":\"https:\/\/fml.com.pl\/ua\/\",\"name\":\"Fabryka Maszyn Le\u017cajsk\",\"description\":\"\",\"potentialAction\":[{\"@type\":\"SearchAction\",\"target\":{\"@type\":\"EntryPoint\",\"urlTemplate\":\"https:\/\/fml.com.pl\/ua\/?s={search_term_string}\"},\"query-input\":\"required name=search_term_string\"}],\"inLanguage\":\"pl-PL\"}]}<\/script>\n<!-- \/ Yoast SEO plugin. -->","yoast_head_json":{"title":"\u041d\u0430\u0448\u0430 \u043f\u0440\u043e\u043f\u043e\u0437\u0438\u0446\u0456\u044f - Fabryka Maszyn Le\u017cajsk","description":"Nasza oferta: Betonomieszarki, w\u00f3zki akumulatorowe, remonty w\u00f3zk\u00f3w akumulatorowych i betonomieszarek. Skontaktuj si\u0119 z nami.","robots":{"index":"index","follow":"follow","max-snippet":"max-snippet:-1","max-image-preview":"max-image-preview:large","max-video-preview":"max-video-preview:-1"},"canonical":"https:\/\/fml.com.pl\/ua\/nasha-propozitsia\/","og_locale":"pl_PL","og_type":"article","og_title":"\u041d\u0430\u0448\u0430 \u043f\u0440\u043e\u043f\u043e\u0437\u0438\u0446\u0456\u044f - Fabryka Maszyn Le\u017cajsk","og_description":"Nasza oferta: Betonomieszarki, w\u00f3zki akumulatorowe, remonty w\u00f3zk\u00f3w akumulatorowych i betonomieszarek. Skontaktuj si\u0119 z nami.","og_url":"https:\/\/fml.com.pl\/ua\/nasha-propozitsia\/","og_site_name":"Fabryka Maszyn Le\u017cajsk","article_modified_time":"2024-04-29T09:48:52+00:00","og_image":[{"url":"https:\/\/fml.com.pl\/ua\/wp-content\/uploads\/2021\/08\/oferta-fabyka-maszyn.jpg"}],"twitter_card":"summary_large_image","twitter_misc":{"Szacowany czas czytania":"1 minuta"},"schema":{"@context":"https:\/\/schema.org","@graph":[{"@type":"WebPage","@id":"https:\/\/fml.com.pl\/ua\/nasha-propozitsia\/","url":"https:\/\/fml.com.pl\/ua\/nasha-propozitsia\/","name":"\u041d\u0430\u0448\u0430 \u043f\u0440\u043e\u043f\u043e\u0437\u0438\u0446\u0456\u044f - Fabryka Maszyn Le\u017cajsk","isPartOf":{"@id":"https:\/\/fml.com.pl\/ua\/#website"},"datePublished":"2021-07-10T11:08:37+00:00","dateModified":"2024-04-29T09:48:52+00:00","description":"Nasza oferta: Betonomieszarki, w\u00f3zki akumulatorowe, remonty w\u00f3zk\u00f3w akumulatorowych i betonomieszarek. Skontaktuj si\u0119 z nami.","breadcrumb":{"@id":"https:\/\/fml.com.pl\/ua\/nasha-propozitsia\/#breadcrumb"},"inLanguage":"pl-PL","potentialAction":[{"@type":"ReadAction","target":["https:\/\/fml.com.pl\/ua\/nasha-propozitsia\/"]}]},{"@type":"BreadcrumbList","@id":"https:\/\/fml.com.pl\/ua\/nasha-propozitsia\/#breadcrumb","itemListElement":[{"@type":"ListItem","position":1,"name":"\u0413\u043e\u043b\u043e\u0432\u043d\u0430","item":"https:\/\/fml.com.pl\/ua\/"},{"@type":"ListItem","position":2,"name":"\u041d\u0430\u0448\u0430 \u043f\u0440\u043e\u043f\u043e\u0437\u0438\u0446\u0456\u044f"}]},{"@type":"WebSite","@id":"https:\/\/fml.com.pl\/ua\/#website","url":"https:\/\/fml.com.pl\/ua\/","name":"Fabryka Maszyn Le\u017cajsk","description":"","potentialAction":[{"@type":"SearchAction","target":{"@type":"EntryPoint","urlTemplate":"https:\/\/fml.com.pl\/ua\/?s={search_term_string}"},"query-input":"required name=search_term_string"}],"inLanguage":"pl-PL"}]}},"_links":{"self":[{"href":"https:\/\/fml.com.pl\/ua\/wp-json\/wp\/v2\/pages\/12"}],"collection":[{"href":"https:\/\/fml.com.pl\/ua\/wp-json\/wp\/v2\/pages"}],"about":[{"href":"https:\/\/fml.com.pl\/ua\/wp-json\/wp\/v2\/types\/page"}],"author":[{"embeddable":true,"href":"https:\/\/fml.com.pl\/ua\/wp-json\/wp\/v2\/users\/1"}],"replies":[{"embeddable":true,"href":"https:\/\/fml.com.pl\/ua\/wp-json\/wp\/v2\/comments?post=12"}],"version-history":[{"count":16,"href":"https:\/\/fml.com.pl\/ua\/wp-json\/wp\/v2\/pages\/12\/revisions"}],"predecessor-version":[{"id":3480,"href":"https:\/\/fml.com.pl\/ua\/wp-json\/wp\/v2\/pages\/12\/revisions\/3480"}],"wp:attachment":[{"href":"https:\/\/fml.com.pl\/ua\/wp-json\/wp\/v2\/media?parent=12"}],"curies":[{"name":"wp","href":"https:\/\/api.w.org\/{rel}","templated":true}]}}