{"id":16,"date":"2021-07-10T13:09:00","date_gmt":"2021-07-10T11:09:00","guid":{"rendered":"https:\/\/fml.com.pl\/ua\/?page_id=16"},"modified":"2024-04-16T19:55:17","modified_gmt":"2024-04-16T17:55:17","slug":"kontakt","status":"publish","type":"page","link":"https:\/\/fml.com.pl\/ua\/kontakt\/","title":{"rendered":"\u043a\u043e\u043d\u0442\u0430\u043a\u0442"},"content":{"rendered":"","protected":false},"excerpt":{"rendered":"","protected":false},"author":1,"featured_media":0,"parent":0,"menu_order":0,"comment_status":"closed","ping_status":"closed","template":"contact.php","meta":{"_acf_changed":false,"footnotes":""},"acf":[],"yoast_head":"<!-- This site is optimized with the Yoast SEO plugin v22.0 - https:\/\/yoast.com\/wordpress\/plugins\/seo\/ -->\n<title>\u043a\u043e\u043d\u0442\u0430\u043a\u0442 - Fabryka Maszyn Le\u017cajsk<\/title>\n<meta name=\"description\" content=\"Skontaktuj si\u0119 z nasz\u0105 wykwalifikowan\u0105 za\u0142og\u0105. Mail: sekretariat@fml.com.pl Telefon: +48 607 595 917. Zapraszamy do kontaktu\" \/>\n<meta name=\"robots\" content=\"index, follow, max-snippet:-1, max-image-preview:large, max-video-preview:-1\" \/>\n<link rel=\"canonical\" href=\"https:\/\/fml.com.pl\/ua\/kontakt\/\" \/>\n<meta property=\"og:locale\" content=\"pl_PL\" \/>\n<meta property=\"og:type\" content=\"article\" \/>\n<meta property=\"og:title\" content=\"\u043a\u043e\u043d\u0442\u0430\u043a\u0442 - Fabryka Maszyn Le\u017cajsk\" \/>\n<meta property=\"og:description\" content=\"Skontaktuj si\u0119 z nasz\u0105 wykwalifikowan\u0105 za\u0142og\u0105. Mail: sekretariat@fml.com.pl Telefon: +48 607 595 917. Zapraszamy do kontaktu\" \/>\n<meta property=\"og:url\" content=\"https:\/\/fml.com.pl\/ua\/kontakt\/\" \/>\n<meta property=\"og:site_name\" content=\"Fabryka Maszyn Le\u017cajsk\" \/>\n<meta property=\"article:modified_time\" content=\"2024-04-16T17:55:17+00:00\" \/>\n<meta name=\"twitter:card\" content=\"summary_large_image\" \/>\n<script type=\"application\/ld+json\" class=\"yoast-schema-graph\">{\"@context\":\"https:\/\/schema.org\",\"@graph\":[{\"@type\":\"WebPage\",\"@id\":\"https:\/\/fml.com.pl\/ua\/kontakt\/\",\"url\":\"https:\/\/fml.com.pl\/ua\/kontakt\/\",\"name\":\"\u043a\u043e\u043d\u0442\u0430\u043a\u0442 - Fabryka Maszyn Le\u017cajsk\",\"isPartOf\":{\"@id\":\"https:\/\/fml.com.pl\/ua\/#website\"},\"datePublished\":\"2021-07-10T11:09:00+00:00\",\"dateModified\":\"2024-04-16T17:55:17+00:00\",\"description\":\"Skontaktuj si\u0119 z nasz\u0105 wykwalifikowan\u0105 za\u0142og\u0105. Mail: sekretariat@fml.com.pl Telefon: +48 607 595 917. Zapraszamy do kontaktu\",\"breadcrumb\":{\"@id\":\"https:\/\/fml.com.pl\/ua\/kontakt\/#breadcrumb\"},\"inLanguage\":\"pl-PL\",\"potentialAction\":[{\"@type\":\"ReadAction\",\"target\":[\"https:\/\/fml.com.pl\/ua\/kontakt\/\"]}]},{\"@type\":\"BreadcrumbList\",\"@id\":\"https:\/\/fml.com.pl\/ua\/kontakt\/#breadcrumb\",\"itemListElement\":[{\"@type\":\"ListItem\",\"position\":1,\"name\":\"\u0413\u043e\u043b\u043e\u0432\u043d\u0430\",\"item\":\"https:\/\/fml.com.pl\/ua\/\"},{\"@type\":\"ListItem\",\"position\":2,\"name\":\"\u043a\u043e\u043d\u0442\u0430\u043a\u0442\"}]},{\"@type\":\"WebSite\",\"@id\":\"https:\/\/fml.com.pl\/ua\/#website\",\"url\":\"https:\/\/fml.com.pl\/ua\/\",\"name\":\"Fabryka Maszyn Le\u017cajsk\",\"description\":\"\",\"potentialAction\":[{\"@type\":\"SearchAction\",\"target\":{\"@type\":\"EntryPoint\",\"urlTemplate\":\"https:\/\/fml.com.pl\/ua\/?s={search_term_string}\"},\"query-input\":\"required name=search_term_string\"}],\"inLanguage\":\"pl-PL\"}]}<\/script>\n<!-- \/ Yoast SEO plugin. -->","yoast_head_json":{"title":"\u043a\u043e\u043d\u0442\u0430\u043a\u0442 - Fabryka Maszyn Le\u017cajsk","description":"Skontaktuj si\u0119 z nasz\u0105 wykwalifikowan\u0105 za\u0142og\u0105. Mail: sekretariat@fml.com.pl Telefon: +48 607 595 917. Zapraszamy do kontaktu","robots":{"index":"index","follow":"follow","max-snippet":"max-snippet:-1","max-image-preview":"max-image-preview:large","max-video-preview":"max-video-preview:-1"},"canonical":"https:\/\/fml.com.pl\/ua\/kontakt\/","og_locale":"pl_PL","og_type":"article","og_title":"\u043a\u043e\u043d\u0442\u0430\u043a\u0442 - Fabryka Maszyn Le\u017cajsk","og_description":"Skontaktuj si\u0119 z nasz\u0105 wykwalifikowan\u0105 za\u0142og\u0105. Mail: sekretariat@fml.com.pl Telefon: +48 607 595 917. Zapraszamy do kontaktu","og_url":"https:\/\/fml.com.pl\/ua\/kontakt\/","og_site_name":"Fabryka Maszyn Le\u017cajsk","article_modified_time":"2024-04-16T17:55:17+00:00","twitter_card":"summary_large_image","schema":{"@context":"https:\/\/schema.org","@graph":[{"@type":"WebPage","@id":"https:\/\/fml.com.pl\/ua\/kontakt\/","url":"https:\/\/fml.com.pl\/ua\/kontakt\/","name":"\u043a\u043e\u043d\u0442\u0430\u043a\u0442 - Fabryka Maszyn Le\u017cajsk","isPartOf":{"@id":"https:\/\/fml.com.pl\/ua\/#website"},"datePublished":"2021-07-10T11:09:00+00:00","dateModified":"2024-04-16T17:55:17+00:00","description":"Skontaktuj si\u0119 z nasz\u0105 wykwalifikowan\u0105 za\u0142og\u0105. Mail: sekretariat@fml.com.pl Telefon: +48 607 595 917. Zapraszamy do kontaktu","breadcrumb":{"@id":"https:\/\/fml.com.pl\/ua\/kontakt\/#breadcrumb"},"inLanguage":"pl-PL","potentialAction":[{"@type":"ReadAction","target":["https:\/\/fml.com.pl\/ua\/kontakt\/"]}]},{"@type":"BreadcrumbList","@id":"https:\/\/fml.com.pl\/ua\/kontakt\/#breadcrumb","itemListElement":[{"@type":"ListItem","position":1,"name":"\u0413\u043e\u043b\u043e\u0432\u043d\u0430","item":"https:\/\/fml.com.pl\/ua\/"},{"@type":"ListItem","position":2,"name":"\u043a\u043e\u043d\u0442\u0430\u043a\u0442"}]},{"@type":"WebSite","@id":"https:\/\/fml.com.pl\/ua\/#website","url":"https:\/\/fml.com.pl\/ua\/","name":"Fabryka Maszyn Le\u017cajsk","description":"","potentialAction":[{"@type":"SearchAction","target":{"@type":"EntryPoint","urlTemplate":"https:\/\/fml.com.pl\/ua\/?s={search_term_string}"},"query-input":"required name=search_term_string"}],"inLanguage":"pl-PL"}]}},"_links":{"self":[{"href":"https:\/\/fml.com.pl\/ua\/wp-json\/wp\/v2\/pages\/16"}],"collection":[{"href":"https:\/\/fml.com.pl\/ua\/wp-json\/wp\/v2\/pages"}],"about":[{"href":"https:\/\/fml.com.pl\/ua\/wp-json\/wp\/v2\/types\/page"}],"author":[{"embeddable":true,"href":"https:\/\/fml.com.pl\/ua\/wp-json\/wp\/v2\/users\/1"}],"replies":[{"embeddable":true,"href":"https:\/\/fml.com.pl\/ua\/wp-json\/wp\/v2\/comments?post=16"}],"version-history":[{"count":2,"href":"https:\/\/fml.com.pl\/ua\/wp-json\/wp\/v2\/pages\/16\/revisions"}],"predecessor-version":[{"id":3327,"href":"https:\/\/fml.com.pl\/ua\/wp-json\/wp\/v2\/pages\/16\/revisions\/3327"}],"wp:attachment":[{"href":"https:\/\/fml.com.pl\/ua\/wp-json\/wp\/v2\/media?parent=16"}],"curies":[{"name":"wp","href":"https:\/\/api.w.org\/{rel}","templated":true}]}}