{"id":3235,"date":"2023-08-30T20:51:22","date_gmt":"2023-08-30T18:51:22","guid":{"rendered":"https:\/\/fml.com.pl\/ua\/?page_id=3235"},"modified":"2023-09-01T08:33:14","modified_gmt":"2023-09-01T06:33:14","slug":"rodo","status":"publish","type":"page","link":"https:\/\/fml.com.pl\/ua\/rodo\/","title":{"rendered":"Rodo"},"content":{"rendered":"<p><a href=\"https:\/\/fml.com.pl\/ua\/wp-content\/uploads\/2023\/08\/KI-Dla-kandydatow-do-pracy.pdf\">KI &#8211; Dla kandydat\u00f3w do pracy<\/a><\/p>\n<p><a href=\"https:\/\/fml.com.pl\/ua\/wp-content\/uploads\/2023\/08\/KI-Klienci-dostawcy-podwykonawcy-i-kooperanci.pdf\">KI &#8211; Klienci, dostawcy, podwykonawcy i kooperanci<\/a><\/p>\n<p><a href=\"https:\/\/fml.com.pl\/ua\/wp-content\/uploads\/2023\/08\/KI-Monitoring-Wizyjny.pdf\">KI &#8211; Monitoring Wizyjny<\/a><\/p>\n<p><a href=\"https:\/\/fml.com.pl\/ua\/wp-content\/uploads\/2023\/08\/KI-Pracownicze-Plany-Kapitalowe-PPK.pdf\">KI &#8211; Pracownicze Plany Kapita\u0142owe &#8211; PPK<\/a><\/p>\n<p><a href=\"https:\/\/fml.com.pl\/ua\/wp-content\/uploads\/2023\/08\/KI-Stazysta-praktykant.pdf\">KI &#8211; Sta\u017cysta &#8211; praktykant<\/a><\/p>\n<p><a href=\"https:\/\/fml.com.pl\/ua\/wp-content\/uploads\/2023\/08\/KI-Stosunek-pracy.pdf\">KI &#8211; Stosunek pracy<\/a><\/p>\n<p><a href=\"https:\/\/fml.com.pl\/ua\/wp-content\/uploads\/2023\/08\/KI-Umowa-zlecenie-umowa-o-dzielo.pdf\">KI &#8211; Umowa zlecenie &#8211; umowa o dzie\u0142o<\/a><\/p>\n<p><a href=\"https:\/\/fml.com.pl\/ua\/wp-content\/uploads\/2023\/09\/KI-Zamowienia-publiczne.pdf\">KI &#8211; Zam\u00f3wienia publiczne<\/a><\/p>\n<p><a href=\"https:\/\/fml.com.pl\/ua\/wp-content\/uploads\/2023\/09\/KI-Zamowienia-publiczne-o-wartosci-mniejszej-niz-130.000-zl-netto.pdf\">KI &#8211; Zam\u00f3wienia publiczne o warto\u015bci mniejszej ni\u017c 130.000 z\u0142 netto<\/a><\/p>\n<h3 class=\"h3-kon-content\">Inspektor Ochrony Danych<\/h3>\n<p class=\"h3-kon-content\">Rafa\u0142 \u017belazo<br \/>\n<a href=\"mailto:rodosygnal@rz.rzeszow.pl\" target=\"_blank\" rel=\"noopener\"><span class=\"il\">rodosygnal@rz.rzeszow.pl<\/span><\/a><\/p>\n","protected":false},"excerpt":{"rendered":"<p>KI &#8211; Dla kandydat\u00f3w do pracy KI &#8211; Klienci, dostawcy, podwykonawcy i kooperanci KI &#8211; Monitoring Wizyjny KI &#8211; Pracownicze Plany Kapita\u0142owe &#8211; PPK KI &#8211; Sta\u017cysta &#8211; praktykant KI &#8211; Stosunek pracy KI &#8211; Umowa zlecenie &#8211; umowa o&#8230;<\/p>\n","protected":false},"author":1,"featured_media":0,"parent":0,"menu_order":0,"comment_status":"closed","ping_status":"closed","template":"","meta":{"_acf_changed":false,"footnotes":""},"acf":[],"yoast_head":"<!-- This site is optimized with the Yoast SEO plugin v22.0 - https:\/\/yoast.com\/wordpress\/plugins\/seo\/ -->\n<title>Rodo - Fabryka Maszyn Le\u017cajsk<\/title>\n<meta name=\"robots\" content=\"index, follow, max-snippet:-1, max-image-preview:large, max-video-preview:-1\" \/>\n<link rel=\"canonical\" href=\"https:\/\/fml.com.pl\/ua\/rodo\/\" \/>\n<meta property=\"og:locale\" content=\"pl_PL\" \/>\n<meta property=\"og:type\" content=\"article\" \/>\n<meta property=\"og:title\" content=\"Rodo - Fabryka Maszyn Le\u017cajsk\" \/>\n<meta property=\"og:description\" content=\"KI &#8211; Dla kandydat\u00f3w do pracy KI &#8211; Klienci, dostawcy, podwykonawcy i kooperanci KI &#8211; Monitoring Wizyjny KI &#8211; Pracownicze Plany Kapita\u0142owe &#8211; PPK KI &#8211; Sta\u017cysta &#8211; praktykant KI &#8211; Stosunek pracy KI &#8211; Umowa zlecenie &#8211; umowa o...\" \/>\n<meta property=\"og:url\" content=\"https:\/\/fml.com.pl\/ua\/rodo\/\" \/>\n<meta property=\"og:site_name\" content=\"Fabryka Maszyn Le\u017cajsk\" \/>\n<meta property=\"article:modified_time\" content=\"2023-09-01T06:33:14+00:00\" \/>\n<meta name=\"twitter:card\" content=\"summary_large_image\" \/>\n<meta name=\"twitter:label1\" content=\"Szacowany czas czytania\" \/>\n\t<meta name=\"twitter:data1\" content=\"1 minuta\" \/>\n<script type=\"application\/ld+json\" class=\"yoast-schema-graph\">{\"@context\":\"https:\/\/schema.org\",\"@graph\":[{\"@type\":\"WebPage\",\"@id\":\"https:\/\/fml.com.pl\/ua\/rodo\/\",\"url\":\"https:\/\/fml.com.pl\/ua\/rodo\/\",\"name\":\"Rodo - Fabryka Maszyn Le\u017cajsk\",\"isPartOf\":{\"@id\":\"https:\/\/fml.com.pl\/ua\/#website\"},\"datePublished\":\"2023-08-30T18:51:22+00:00\",\"dateModified\":\"2023-09-01T06:33:14+00:00\",\"breadcrumb\":{\"@id\":\"https:\/\/fml.com.pl\/ua\/rodo\/#breadcrumb\"},\"inLanguage\":\"pl-PL\",\"potentialAction\":[{\"@type\":\"ReadAction\",\"target\":[\"https:\/\/fml.com.pl\/ua\/rodo\/\"]}]},{\"@type\":\"BreadcrumbList\",\"@id\":\"https:\/\/fml.com.pl\/ua\/rodo\/#breadcrumb\",\"itemListElement\":[{\"@type\":\"ListItem\",\"position\":1,\"name\":\"\u0413\u043e\u043b\u043e\u0432\u043d\u0430\",\"item\":\"https:\/\/fml.com.pl\/ua\/\"},{\"@type\":\"ListItem\",\"position\":2,\"name\":\"Rodo\"}]},{\"@type\":\"WebSite\",\"@id\":\"https:\/\/fml.com.pl\/ua\/#website\",\"url\":\"https:\/\/fml.com.pl\/ua\/\",\"name\":\"Fabryka Maszyn Le\u017cajsk\",\"description\":\"\",\"potentialAction\":[{\"@type\":\"SearchAction\",\"target\":{\"@type\":\"EntryPoint\",\"urlTemplate\":\"https:\/\/fml.com.pl\/ua\/?s={search_term_string}\"},\"query-input\":\"required name=search_term_string\"}],\"inLanguage\":\"pl-PL\"}]}<\/script>\n<!-- \/ Yoast SEO plugin. -->","yoast_head_json":{"title":"Rodo - Fabryka Maszyn Le\u017cajsk","robots":{"index":"index","follow":"follow","max-snippet":"max-snippet:-1","max-image-preview":"max-image-preview:large","max-video-preview":"max-video-preview:-1"},"canonical":"https:\/\/fml.com.pl\/ua\/rodo\/","og_locale":"pl_PL","og_type":"article","og_title":"Rodo - Fabryka Maszyn Le\u017cajsk","og_description":"KI &#8211; Dla kandydat\u00f3w do pracy KI &#8211; Klienci, dostawcy, podwykonawcy i kooperanci KI &#8211; Monitoring Wizyjny KI &#8211; Pracownicze Plany Kapita\u0142owe &#8211; PPK KI &#8211; Sta\u017cysta &#8211; praktykant KI &#8211; Stosunek pracy KI &#8211; Umowa zlecenie &#8211; umowa o...","og_url":"https:\/\/fml.com.pl\/ua\/rodo\/","og_site_name":"Fabryka Maszyn Le\u017cajsk","article_modified_time":"2023-09-01T06:33:14+00:00","twitter_card":"summary_large_image","twitter_misc":{"Szacowany czas czytania":"1 minuta"},"schema":{"@context":"https:\/\/schema.org","@graph":[{"@type":"WebPage","@id":"https:\/\/fml.com.pl\/ua\/rodo\/","url":"https:\/\/fml.com.pl\/ua\/rodo\/","name":"Rodo - Fabryka Maszyn Le\u017cajsk","isPartOf":{"@id":"https:\/\/fml.com.pl\/ua\/#website"},"datePublished":"2023-08-30T18:51:22+00:00","dateModified":"2023-09-01T06:33:14+00:00","breadcrumb":{"@id":"https:\/\/fml.com.pl\/ua\/rodo\/#breadcrumb"},"inLanguage":"pl-PL","potentialAction":[{"@type":"ReadAction","target":["https:\/\/fml.com.pl\/ua\/rodo\/"]}]},{"@type":"BreadcrumbList","@id":"https:\/\/fml.com.pl\/ua\/rodo\/#breadcrumb","itemListElement":[{"@type":"ListItem","position":1,"name":"\u0413\u043e\u043b\u043e\u0432\u043d\u0430","item":"https:\/\/fml.com.pl\/ua\/"},{"@type":"ListItem","position":2,"name":"Rodo"}]},{"@type":"WebSite","@id":"https:\/\/fml.com.pl\/ua\/#website","url":"https:\/\/fml.com.pl\/ua\/","name":"Fabryka Maszyn Le\u017cajsk","description":"","potentialAction":[{"@type":"SearchAction","target":{"@type":"EntryPoint","urlTemplate":"https:\/\/fml.com.pl\/ua\/?s={search_term_string}"},"query-input":"required name=search_term_string"}],"inLanguage":"pl-PL"}]}},"_links":{"self":[{"href":"https:\/\/fml.com.pl\/ua\/wp-json\/wp\/v2\/pages\/3235"}],"collection":[{"href":"https:\/\/fml.com.pl\/ua\/wp-json\/wp\/v2\/pages"}],"about":[{"href":"https:\/\/fml.com.pl\/ua\/wp-json\/wp\/v2\/types\/page"}],"author":[{"embeddable":true,"href":"https:\/\/fml.com.pl\/ua\/wp-json\/wp\/v2\/users\/1"}],"replies":[{"embeddable":true,"href":"https:\/\/fml.com.pl\/ua\/wp-json\/wp\/v2\/comments?post=3235"}],"version-history":[{"count":4,"href":"https:\/\/fml.com.pl\/ua\/wp-json\/wp\/v2\/pages\/3235\/revisions"}],"predecessor-version":[{"id":3250,"href":"https:\/\/fml.com.pl\/ua\/wp-json\/wp\/v2\/pages\/3235\/revisions\/3250"}],"wp:attachment":[{"href":"https:\/\/fml.com.pl\/ua\/wp-json\/wp\/v2\/media?parent=3235"}],"curies":[{"name":"wp","href":"https:\/\/api.w.org\/{rel}","templated":true}]}}