{"id":36,"date":"2021-07-12T09:43:33","date_gmt":"2021-07-12T07:43:33","guid":{"rendered":"https:\/\/fml.com.pl\/ua\/?page_id=36"},"modified":"2024-11-29T18:36:04","modified_gmt":"2024-11-29T17:36:04","slug":"avtobetonozmshuvach","status":"publish","type":"page","link":"https:\/\/fml.com.pl\/ua\/nasha-propozitsia\/avtobetonozmshuvach\/","title":{"rendered":"\u0410\u0432\u0442\u043e\u0431\u0435\u0442\u043e\u043d\u043e\u0437\u043c\u0456\u0448\u0443\u0432\u0430\u0447\u0456"},"content":{"rendered":"<p><iframe loading=\"lazy\" width=\"100%\" height=\"550\" src=\"https:\/\/www.youtube.com\/embed\/5G2ClVRIC3E?si=zitnkzNPH9S2Otxd\" title=\"YouTube video player\" frameborder=\"0\" allow=\"accelerometer; autoplay; clipboard-write; encrypted-media; gyroscope; picture-in-picture; web-share\" referrerpolicy=\"strict-origin-when-cross-origin\" allowfullscreen><\/iframe><\/p>\n<p style=\"text-align: left;\">\u041f\u0456\u0434\u043f\u0440\u0438\u0454\u043c\u0441\u0442\u0432\u043e &#8222;Fabryka Maszyn Le\u017cajsk&#8221; \u0432\u0438\u0440\u043e\u0431\u043b\u044f\u0454 \u0433\u0456\u0434\u0440\u0430\u0432\u043b\u0456\u0447\u043d\u0456 \u0430\u0432\u0442\u043e\u0431\u0435\u0442\u043e\u043d\u043e\u0437\u043c\u0456\u0448\u0443\u0432\u0430\u0447\u0456 \u0437 \u043e\u0431&#8217;\u0454\u043c\u043e\u043c \u0431\u0430\u0440\u0430\u0431\u0430\u043d\u0430 \u0432\u0456\u0434<strong> 4 \u043c\u00b3 \u0434\u043e 12 \u043c\u00b3.<\/strong> \u0411\u0435\u0442\u043e\u043d\u043e\u0437\u043c\u0456\u0448\u0443\u0432\u0430\u0447\u0456 FML \u0432\u0456\u0434\u0440\u0456\u0437\u043d\u044f\u044e\u0442\u044c\u0441\u044f \u0432\u0438\u0441\u043e\u043a\u043e\u044e \u043f\u0440\u043e\u0434\u0443\u043a\u0442\u0438\u0432\u043d\u0456\u0441\u0442\u044e, \u0444\u0443\u043d\u043a\u0446\u0456\u043e\u043d\u0430\u043b\u044c\u043d\u0456\u0441\u0442\u044e \u0442\u0430 \u043c\u0456\u0446\u043d\u0456\u0441\u0442\u044e \u0432\u0441\u0456\u0454\u0457 \u043a\u043e\u043d\u0441\u0442\u0440\u0443\u043a\u0446\u0456\u0457, \u043f\u0440\u0438\u0441\u0442\u043e\u0441\u043e\u0432\u0430\u043d\u043e\u0457 \u0434\u043e \u043f\u043e\u043b\u044c\u0441\u044c\u043a\u0438\u0445 \u0434\u043e\u0440\u043e\u0436\u043d\u0456\u0445 \u0443\u043c\u043e\u0432. \u0426\u0435 \u0432\u0441\u0435 \u0437\u0430\u0432\u0434\u044f\u043a\u0438 \u0437\u0430\u0441\u0442\u043e\u0441\u0443\u0432\u0430\u043d\u043d\u044e \u0432\u043b\u0430\u0441\u043d\u0438\u0445 \u043a\u043e\u043d\u0441\u0442\u0440\u0443\u043a\u0442\u0438\u0432\u043d\u0438\u0445 \u0442\u0430 \u0442\u0435\u0445\u043d\u043e\u043b\u043e\u0433\u0456\u0447\u043d\u0438\u0445 \u0440\u0456\u0448\u0435\u043d\u044c, \u043f\u0456\u0434\u0442\u0440\u0438\u043c\u0430\u043d\u0438\u0445 \u0434\u043e\u0432\u0433\u043e\u043b\u0456\u0442\u043d\u0456\u043c \u0434\u043e\u0441\u0432\u0456\u0434\u043e\u043c \u0443 \u0432\u0438\u0440\u043e\u0431\u043d\u0438\u0446\u0442\u0432\u0456 \u0431\u0435\u0442\u043e\u043d\u043e\u0437\u043c\u0456\u0448\u0443\u0432\u0430\u0447\u0456\u0432, \u043f\u0440\u0438\u0437\u043d\u0430\u0447\u0435\u043d\u0438\u0445 \u0434\u043b\u044f \u0440\u043e\u0431\u043e\u0442\u0438 \u0432 \u0441\u043a\u043b\u0430\u0434\u043d\u0438\u0445 \u0443\u043c\u043e\u0432\u0430\u0445.<br \/>\n\u0417\u043c\u0456\u0448\u0443\u0432\u0430\u0447\u0456 \u043c\u043e\u043d\u0442\u0443\u0432\u0430\u043d\u0456 \u043d\u0430 \u0448\u0430\u0441\u0456 \u0432\u0430\u043d\u0442\u0430\u0436\u0456\u0432\u043e\u043a \u0442\u0430 \u043d\u0430 \u043d\u0430\u043f\u0456\u0432\u043f\u0440\u0438\u0447\u0435\u043f\u0456.<br \/>\n\u041c\u0438 \u043f\u0440\u043e\u043f\u043e\u043d\u0443\u0454\u043c\u043e \u043e\u0431\u043b\u0430\u0434\u043d\u0430\u043d\u043d\u044f \u0434\u043b\u044f \u0431\u0435\u0442\u043e\u043d\u043e\u0437\u043c\u0456\u0448\u0443\u0432\u0430\u0447\u0456\u0432 \u0432 \u043a\u0443\u0437\u043e\u0432\u0456:<\/p>\n<div class=\"woocommerce-product-details__short-description\">\n<p><strong>\u041c\u0438 \u043f\u0440\u043e\u043f\u043e\u043d\u0443\u0454\u043c\u043e \u043e\u0431\u043b\u0430\u0434\u043d\u0430\u043d\u043d\u044f \u0434\u043b\u044f \u0431\u0435\u0442\u043e\u043d\u043e\u0437\u043c\u0456\u0448\u0443\u0432\u0430\u0447\u0456\u0432 \u0432 \u043a\u0443\u0437\u043e\u0432\u0456:<\/strong><\/p>\n<ul>\n<li>DAF<\/li>\n<li>Iveco<\/li>\n<li>MAN<\/li>\n<li>Mercedes<\/li>\n<li>Renault<\/li>\n<li>Scania<\/li>\n<li>Volvo<\/li>\n<\/ul>\n<\/div>\n","protected":false},"excerpt":{"rendered":"<p>\u0411\u0435\u0442\u043e\u043d\u043e\u0437\u043c\u0456\u0448\u0443\u0432\u0430\u0447\u0456 FML \u0432\u0456\u0434\u0440\u0456\u0437\u043d\u044f\u044e\u0442\u044c\u0441\u044f \u0437\u0431\u0456\u043b\u044c\u0448\u0435\u043d\u0438\u043c \u0442\u0435\u0440\u043c\u0456\u043d\u043e\u043c \u0441\u043b\u0443\u0436\u0431\u0438 \u0456 \u0434\u043e\u0432\u0433\u043e\u0432\u0456\u0447\u043d\u0456\u0441\u0442\u044e \u0432\u0441\u0456\u0454\u0457 \u043a\u043e\u043d\u0441\u0442\u0440\u0443\u043a\u0446\u0456\u0457, \u0430\u0434\u0430\u043f\u0442\u043e\u0432\u0430\u043d\u0456 \u0434\u043e \u0440\u0456\u0437\u043d\u0438\u0445 \u0434\u043e\u0440\u043e\u0436\u043d\u0456\u0445 \u0443\u043c\u043e\u0432.<\/p>\n","protected":false},"author":1,"featured_media":1050,"parent":12,"menu_order":1,"comment_status":"closed","ping_status":"closed","template":"oferta-betonomieszarki.php","meta":{"_acf_changed":false,"footnotes":""},"acf":[],"yoast_head":"<!-- This site is optimized with the Yoast SEO plugin v22.0 - https:\/\/yoast.com\/wordpress\/plugins\/seo\/ -->\n<title>\u0410\u0432\u0442\u043e\u0431\u0435\u0442\u043e\u043d\u043e\u0437\u043c\u0456\u0448\u0443\u0432\u0430\u0447\u0456 - Fabryka Maszyn Le\u017cajsk<\/title>\n<meta name=\"description\" content=\"Przedsi\u0119biorstwo Fabryka Maszyn Le\u017cajsk produkuje hydrauliczne betonomieszarki samochodowe o pojemno\u015bci mieszalnika od 4m3 do 12m3.\" \/>\n<meta name=\"robots\" content=\"index, follow, max-snippet:-1, max-image-preview:large, max-video-preview:-1\" \/>\n<link rel=\"canonical\" href=\"https:\/\/fml.com.pl\/ua\/nasha-propozitsia\/avtobetonozmshuvach\/\" \/>\n<meta property=\"og:locale\" content=\"pl_PL\" \/>\n<meta property=\"og:type\" content=\"article\" \/>\n<meta property=\"og:title\" content=\"\u0410\u0432\u0442\u043e\u0431\u0435\u0442\u043e\u043d\u043e\u0437\u043c\u0456\u0448\u0443\u0432\u0430\u0447\u0456 - Fabryka Maszyn Le\u017cajsk\" \/>\n<meta property=\"og:description\" content=\"Przedsi\u0119biorstwo Fabryka Maszyn Le\u017cajsk produkuje hydrauliczne betonomieszarki samochodowe o pojemno\u015bci mieszalnika od 4m3 do 12m3.\" \/>\n<meta property=\"og:url\" content=\"https:\/\/fml.com.pl\/ua\/nasha-propozitsia\/avtobetonozmshuvach\/\" \/>\n<meta property=\"og:site_name\" content=\"Fabryka Maszyn Le\u017cajsk\" \/>\n<meta property=\"article:modified_time\" content=\"2024-11-29T17:36:04+00:00\" \/>\n<meta property=\"og:image\" content=\"https:\/\/fml.com.pl\/ua\/wp-content\/uploads\/2022\/11\/BETONOMIESZARKI-1024x685.png\" \/>\n\t<meta property=\"og:image:width\" content=\"1024\" \/>\n\t<meta property=\"og:image:height\" content=\"685\" \/>\n\t<meta property=\"og:image:type\" content=\"image\/png\" \/>\n<meta name=\"twitter:card\" content=\"summary_large_image\" \/>\n<meta name=\"twitter:label1\" content=\"Szacowany czas czytania\" \/>\n\t<meta name=\"twitter:data1\" content=\"1 minuta\" \/>\n<script type=\"application\/ld+json\" class=\"yoast-schema-graph\">{\"@context\":\"https:\/\/schema.org\",\"@graph\":[{\"@type\":\"WebPage\",\"@id\":\"https:\/\/fml.com.pl\/ua\/nasha-propozitsia\/avtobetonozmshuvach\/\",\"url\":\"https:\/\/fml.com.pl\/ua\/nasha-propozitsia\/avtobetonozmshuvach\/\",\"name\":\"\u0410\u0432\u0442\u043e\u0431\u0435\u0442\u043e\u043d\u043e\u0437\u043c\u0456\u0448\u0443\u0432\u0430\u0447\u0456 - Fabryka Maszyn Le\u017cajsk\",\"isPartOf\":{\"@id\":\"https:\/\/fml.com.pl\/ua\/#website\"},\"datePublished\":\"2021-07-12T07:43:33+00:00\",\"dateModified\":\"2024-11-29T17:36:04+00:00\",\"description\":\"Przedsi\u0119biorstwo Fabryka Maszyn Le\u017cajsk produkuje hydrauliczne betonomieszarki samochodowe o pojemno\u015bci mieszalnika od 4m3 do 12m3.\",\"breadcrumb\":{\"@id\":\"https:\/\/fml.com.pl\/ua\/nasha-propozitsia\/avtobetonozmshuvach\/#breadcrumb\"},\"inLanguage\":\"pl-PL\",\"potentialAction\":[{\"@type\":\"ReadAction\",\"target\":[\"https:\/\/fml.com.pl\/ua\/nasha-propozitsia\/avtobetonozmshuvach\/\"]}]},{\"@type\":\"BreadcrumbList\",\"@id\":\"https:\/\/fml.com.pl\/ua\/nasha-propozitsia\/avtobetonozmshuvach\/#breadcrumb\",\"itemListElement\":[{\"@type\":\"ListItem\",\"position\":1,\"name\":\"\u0413\u043e\u043b\u043e\u0432\u043d\u0430\",\"item\":\"https:\/\/fml.com.pl\/ua\/\"},{\"@type\":\"ListItem\",\"position\":2,\"name\":\"\u041d\u0430\u0448\u0430 \u043f\u0440\u043e\u043f\u043e\u0437\u0438\u0446\u0456\u044f\",\"item\":\"https:\/\/fml.com.pl\/ua\/nasha-propozitsia\/\"},{\"@type\":\"ListItem\",\"position\":3,\"name\":\"\u0410\u0432\u0442\u043e\u0431\u0435\u0442\u043e\u043d\u043e\u0437\u043c\u0456\u0448\u0443\u0432\u0430\u0447\u0456\"}]},{\"@type\":\"WebSite\",\"@id\":\"https:\/\/fml.com.pl\/ua\/#website\",\"url\":\"https:\/\/fml.com.pl\/ua\/\",\"name\":\"Fabryka Maszyn Le\u017cajsk\",\"description\":\"\",\"potentialAction\":[{\"@type\":\"SearchAction\",\"target\":{\"@type\":\"EntryPoint\",\"urlTemplate\":\"https:\/\/fml.com.pl\/ua\/?s={search_term_string}\"},\"query-input\":\"required name=search_term_string\"}],\"inLanguage\":\"pl-PL\"}]}<\/script>\n<!-- \/ Yoast SEO plugin. -->","yoast_head_json":{"title":"\u0410\u0432\u0442\u043e\u0431\u0435\u0442\u043e\u043d\u043e\u0437\u043c\u0456\u0448\u0443\u0432\u0430\u0447\u0456 - Fabryka Maszyn Le\u017cajsk","description":"Przedsi\u0119biorstwo Fabryka Maszyn Le\u017cajsk produkuje hydrauliczne betonomieszarki samochodowe o pojemno\u015bci mieszalnika od 4m3 do 12m3.","robots":{"index":"index","follow":"follow","max-snippet":"max-snippet:-1","max-image-preview":"max-image-preview:large","max-video-preview":"max-video-preview:-1"},"canonical":"https:\/\/fml.com.pl\/ua\/nasha-propozitsia\/avtobetonozmshuvach\/","og_locale":"pl_PL","og_type":"article","og_title":"\u0410\u0432\u0442\u043e\u0431\u0435\u0442\u043e\u043d\u043e\u0437\u043c\u0456\u0448\u0443\u0432\u0430\u0447\u0456 - Fabryka Maszyn Le\u017cajsk","og_description":"Przedsi\u0119biorstwo Fabryka Maszyn Le\u017cajsk produkuje hydrauliczne betonomieszarki samochodowe o pojemno\u015bci mieszalnika od 4m3 do 12m3.","og_url":"https:\/\/fml.com.pl\/ua\/nasha-propozitsia\/avtobetonozmshuvach\/","og_site_name":"Fabryka Maszyn Le\u017cajsk","article_modified_time":"2024-11-29T17:36:04+00:00","og_image":[{"width":1024,"height":685,"url":"https:\/\/fml.com.pl\/ua\/wp-content\/uploads\/2022\/11\/BETONOMIESZARKI-1024x685.png","type":"image\/png"}],"twitter_card":"summary_large_image","twitter_misc":{"Szacowany czas czytania":"1 minuta"},"schema":{"@context":"https:\/\/schema.org","@graph":[{"@type":"WebPage","@id":"https:\/\/fml.com.pl\/ua\/nasha-propozitsia\/avtobetonozmshuvach\/","url":"https:\/\/fml.com.pl\/ua\/nasha-propozitsia\/avtobetonozmshuvach\/","name":"\u0410\u0432\u0442\u043e\u0431\u0435\u0442\u043e\u043d\u043e\u0437\u043c\u0456\u0448\u0443\u0432\u0430\u0447\u0456 - Fabryka Maszyn Le\u017cajsk","isPartOf":{"@id":"https:\/\/fml.com.pl\/ua\/#website"},"datePublished":"2021-07-12T07:43:33+00:00","dateModified":"2024-11-29T17:36:04+00:00","description":"Przedsi\u0119biorstwo Fabryka Maszyn Le\u017cajsk produkuje hydrauliczne betonomieszarki samochodowe o pojemno\u015bci mieszalnika od 4m3 do 12m3.","breadcrumb":{"@id":"https:\/\/fml.com.pl\/ua\/nasha-propozitsia\/avtobetonozmshuvach\/#breadcrumb"},"inLanguage":"pl-PL","potentialAction":[{"@type":"ReadAction","target":["https:\/\/fml.com.pl\/ua\/nasha-propozitsia\/avtobetonozmshuvach\/"]}]},{"@type":"BreadcrumbList","@id":"https:\/\/fml.com.pl\/ua\/nasha-propozitsia\/avtobetonozmshuvach\/#breadcrumb","itemListElement":[{"@type":"ListItem","position":1,"name":"\u0413\u043e\u043b\u043e\u0432\u043d\u0430","item":"https:\/\/fml.com.pl\/ua\/"},{"@type":"ListItem","position":2,"name":"\u041d\u0430\u0448\u0430 \u043f\u0440\u043e\u043f\u043e\u0437\u0438\u0446\u0456\u044f","item":"https:\/\/fml.com.pl\/ua\/nasha-propozitsia\/"},{"@type":"ListItem","position":3,"name":"\u0410\u0432\u0442\u043e\u0431\u0435\u0442\u043e\u043d\u043e\u0437\u043c\u0456\u0448\u0443\u0432\u0430\u0447\u0456"}]},{"@type":"WebSite","@id":"https:\/\/fml.com.pl\/ua\/#website","url":"https:\/\/fml.com.pl\/ua\/","name":"Fabryka Maszyn Le\u017cajsk","description":"","potentialAction":[{"@type":"SearchAction","target":{"@type":"EntryPoint","urlTemplate":"https:\/\/fml.com.pl\/ua\/?s={search_term_string}"},"query-input":"required name=search_term_string"}],"inLanguage":"pl-PL"}]}},"_links":{"self":[{"href":"https:\/\/fml.com.pl\/ua\/wp-json\/wp\/v2\/pages\/36"}],"collection":[{"href":"https:\/\/fml.com.pl\/ua\/wp-json\/wp\/v2\/pages"}],"about":[{"href":"https:\/\/fml.com.pl\/ua\/wp-json\/wp\/v2\/types\/page"}],"author":[{"embeddable":true,"href":"https:\/\/fml.com.pl\/ua\/wp-json\/wp\/v2\/users\/1"}],"replies":[{"embeddable":true,"href":"https:\/\/fml.com.pl\/ua\/wp-json\/wp\/v2\/comments?post=36"}],"version-history":[{"count":22,"href":"https:\/\/fml.com.pl\/ua\/wp-json\/wp\/v2\/pages\/36\/revisions"}],"predecessor-version":[{"id":3553,"href":"https:\/\/fml.com.pl\/ua\/wp-json\/wp\/v2\/pages\/36\/revisions\/3553"}],"up":[{"embeddable":true,"href":"https:\/\/fml.com.pl\/ua\/wp-json\/wp\/v2\/pages\/12"}],"wp:featuredmedia":[{"embeddable":true,"href":"https:\/\/fml.com.pl\/ua\/wp-json\/wp\/v2\/media\/1050"}],"wp:attachment":[{"href":"https:\/\/fml.com.pl\/ua\/wp-json\/wp\/v2\/media?parent=36"}],"curies":[{"name":"wp","href":"https:\/\/api.w.org\/{rel}","templated":true}]}}