{"id":73,"date":"2021-07-12T22:14:16","date_gmt":"2021-07-12T20:14:16","guid":{"rendered":"https:\/\/fml.com.pl\/ua\/?page_id=73"},"modified":"2021-08-11T21:08:45","modified_gmt":"2021-08-11T19:08:45","slug":"polityka-prywatnosci","status":"publish","type":"page","link":"https:\/\/fml.com.pl\/ua\/polityka-prywatnosci\/","title":{"rendered":"Polityka prywatno\u015bci"},"content":{"rendered":"<p>PRZEDSI\u0118BIORSTWO FABRYKA MASZYN LE\u017bAJSK sp\u00f3\u0142ka z ograniczon\u0105 odpowiedzialno\u015bci\u0105 szanuje prawo do prywatno\u015bci i gwarantuje U\u017cytkownikom swoich us\u0142ug prawa w zakresie udost\u0119pniania informacji, kt\u00f3re Ich dotycz\u0105. Dok\u0142adamy wszelkich stara\u0144, aby informacje pozostawa\u0142y prywatne, a dane osobowe naszych U\u017cytkownik\u00f3w by\u0142y przetwarzane zgodnie z obowi\u0105zuj\u0105cymi  przepisami prawa polskiego i Unii Europejskiej, w szczeg\u00f3lno\u015bci RODO &#8211; Rozporz\u0105dzeniem Parlamentu Europejskiego i Rady (UE) nr 2016\/679 z dnia 27 kwietnia 2016 r. w sprawie ochrony os\u00f3b fizycznych w zwi\u0105zku z przetwarzaniem danych osobowych i w sprawie swobodnego przep\u0142ywu takich danych oraz uchylenia dyrektywy 95\/46\/WE (og\u00f3lne rozporz\u0105dzenie o ochronie danych).<\/p>\n<p>Publikujemy niniejsz\u0105 Polityk\u0119 Prywatno\u015bci celem wyja\u015bnienia zasad oraz sposob\u00f3w gromadzenia, przetwarzania i wykorzystywania informacji o U\u017cytkownikach naszego Serwisu internetowego <a href=\"https:\/\/fml.com.pl\/ua\/\">https:\/\/fml.com.pl\/ua\/<\/a><\/p>\n<p><strong>I<\/strong><\/p>\n<p>Administratorem Danych  jest Przedsi\u0119biorstwo Fabryka Maszyn Le\u017cajsk sp. z o.o. z siedzib\u0105 w Le\u017cajsku przy ul. Hutniczej 1, wpisana do rejestru przedsi\u0119biorc\u00f3w prowadzonego przez S\u0105d Rejonowy w Rzeszowie, XII Wydzia\u0142 Gospodarczy Krajowego Rejestru S\u0105dowego pod nr 0000433287.<\/p>\n<p>W sprawach przetwarzania danych osobowych oraz realizacj\u0105 praw zwi\u0105zanych z przetwarzaniem, Administrator prowadzi kontaktowy adres mail:. sekretariat@fml.com.pl\/ua<\/p>\n<p><strong>II<\/strong><\/p>\n<p>W naszym Serwisie internetowym zbieramy dane w postaci imienia, nazwiska, nazwy firmy, adresu mail i numeru telefonu, wy\u0142\u0105cznie w celu udzielenia odpowiedzi na pytanie zadane w formularzu kontaktowym.<\/p>\n<p>&nbsp;<\/p>\n<p>Podczas Twojej aktywno\u015bci w Serwisie internetowym zbierane s\u0105 nast\u0119puj\u0105ce dane: czas wizyty, historia przegl\u0105dania naszej strony, informacje o urz\u0105dzeniu ko\u0144cowym i przegl\u0105darce. Dane te zbieramy wy\u0142\u0105cznie w celu lepszego dopasowania naszego serwisu www, do potrzeb Klient\u00f3w.<\/p>\n<p><strong>III<\/strong><\/p>\n<p>Dok\u0142adamy wszelkich stara\u0144, aby nasze us\u0142ugi \u015bwiadczy\u0107 w spos\u00f3b, kt\u00f3ry chroni informacje przed przypadkowym lub celowym zniszczeniem lub utrat\u0105. Nasze bazy danych zabezpieczone s\u0105 przed dost\u0119pem os\u00f3b nieuprawnionych<\/p>\n<p><strong>IV<\/strong><\/p>\n<p>Twoje dane b\u0119d\u0105 przechowywane\/przetwarzane do czasu istnienia podstawy do ich przetwarzania tj.:<\/p>\n<ul>\n<li>w przypadku udzielenia zgody na ich przetwarzanie\/przechowywanie, do momentu jej cofni\u0119cia lub ograniczenia;<\/li>\n<li>w przypadku, gdy dane dotycz\u0105 zawartej umowy, to przez czas jej wykonywania i do momentu up\u0142ywu przedawnienia roszcze\u0144 wynikaj\u0105cych z tej umowy;<\/li>\n<li>w celach podatkowych i sprawozdawczo\u015bci rachunkowej w zakresie i przez czas zgodny z obowi\u0105zuj\u0105cymi przepisami;<\/li>\n<li>w przypadku, gdy podstaw\u0105 przetwarzania danych jest uzasadniony interes administratora, do czasu zg\u0142oszenia skutecznego sprzeciwu.<\/li>\n<\/ul>\n<p><strong>V<\/strong><\/p>\n<p>Ka\u017cdej osobie przys\u0142uguj\u0105 nast\u0119puj\u0105ce prawa w zwi\u0105zku z przetwarzaniem danych osobowych:<\/p>\n<ul>\n<li>prawo do dost\u0119pu do danych, uzyskania kopii danych,<\/li>\n<li>prawo do \u017c\u0105dania sprostowania danych,<\/li>\n<li>prawo do przenoszenia danych,<\/li>\n<li>prawo do usuni\u0119cia danych,<\/li>\n<li>prawo do ograniczenia przetwarzania danych.<\/li>\n<li>prawo do cofni\u0119cia zgody,<\/li>\n<li>prawo do z\u0142o\u017cenia sprzeciwu wobec przetwarzania swoich danych osobowych,<\/li>\n<li>prawo wniesienia skargi do organu nadzorczego ochrony danych osobowych,<\/li>\n<\/ul>\n<p>Prawa te realizowane s\u0105 za po\u015brednictwem adresu mail wskazanego w punkcie I<\/p>\n<p><strong>VI<\/strong><\/p>\n<p>Dane osobowe mog\u0105 by\u0107 udost\u0119pniane w minimalnym, niezb\u0119dnym dla realizacji us\u0142ug i wymog\u00f3w prawnych zakresie, <strong>podmiotom przetwarzaj\u0105cym dane w imieniu Administratora<\/strong><strong>, <\/strong><strong>mi\u0119dzy<\/strong> innymi: dostawcom us\u0142ug informatycznych i kontrahentom realizuj\u0105cym us\u0142ugi na rzecz Administratora na podstawie zawartych um\u00f3w. Zapewniamy przy tym, \u017ce takie podmioty przetwarzaj\u0105 dane osobowe na podstawie specjalnej umowy z administratorem z zachowaniem poufno\u015bci i bezpiecze\u0144stwa danych.<\/p>\n<p>Twoje dane mog\u0105 by\u0107 r\u00f3wnie\u017c udost\u0119pniane podmiotom uprawnionym do ich uzyskania na podstawie obowi\u0105zuj\u0105cego prawa np. organom \u015bcigania, a tak\u017ce instytucjom zajmuj\u0105cym si\u0119 windykacj\u0105 nale\u017cno\u015bci w zakresie dozwolonym przez przepisy prawa.<\/p>\n<p><strong>VII<\/strong><\/p>\n<p>Dane nie b\u0119d\u0105 przekazywane do pa\u0144stwa trzeciego poza Europejski Obszar Gospodarczy (EOG).<\/p>\n<p><strong>VIII<\/strong><\/p>\n<ul>\n<li>W zakresie nieuregulowanym niniejsz\u0105 Polityk\u0105 Prywatno\u015bci obowi\u0105zuj\u0105 przepisy z zakresu ochrony danych osobowych;<\/li>\n<li>Niniejsza Polityka Prywatno\u015bci obowi\u0105zuje od dnia 1 sierpnia 2018 r.<\/li>\n<\/ul>\n","protected":false},"excerpt":{"rendered":"<p>PRZEDSI\u0118BIORSTWO FABRYKA MASZYN LE\u017bAJSK sp\u00f3\u0142ka z ograniczon\u0105 odpowiedzialno\u015bci\u0105 szanuje prawo do prywatno\u015bci i gwarantuje U\u017cytkownikom swoich us\u0142ug prawa w zakresie udost\u0119pniania informacji, kt\u00f3re Ich dotycz\u0105. Dok\u0142adamy wszelkich stara\u0144, aby informacje pozostawa\u0142y prywatne, a dane osobowe naszych U\u017cytkownik\u00f3w by\u0142y przetwarzane zgodnie&#8230;<\/p>\n","protected":false},"author":1,"featured_media":0,"parent":0,"menu_order":0,"comment_status":"closed","ping_status":"closed","template":"polityka-prywatnosci.php","meta":{"_acf_changed":false,"footnotes":""},"acf":[],"yoast_head":"<!-- This site is optimized with the Yoast SEO plugin v22.0 - https:\/\/yoast.com\/wordpress\/plugins\/seo\/ -->\n<title>Polityka prywatno\u015bci - Fabryka Maszyn Le\u017cajsk<\/title>\n<meta name=\"robots\" content=\"index, follow, max-snippet:-1, max-image-preview:large, max-video-preview:-1\" \/>\n<link rel=\"canonical\" href=\"https:\/\/fml.com.pl\/ua\/polityka-prywatnosci\/\" \/>\n<meta property=\"og:locale\" content=\"pl_PL\" \/>\n<meta property=\"og:type\" content=\"article\" \/>\n<meta property=\"og:title\" content=\"Polityka prywatno\u015bci - Fabryka Maszyn Le\u017cajsk\" \/>\n<meta property=\"og:description\" content=\"PRZEDSI\u0118BIORSTWO FABRYKA MASZYN LE\u017bAJSK sp\u00f3\u0142ka z ograniczon\u0105 odpowiedzialno\u015bci\u0105 szanuje prawo do prywatno\u015bci i gwarantuje U\u017cytkownikom swoich us\u0142ug prawa w zakresie udost\u0119pniania informacji, kt\u00f3re Ich dotycz\u0105. Dok\u0142adamy wszelkich stara\u0144, aby informacje pozostawa\u0142y prywatne, a dane osobowe naszych U\u017cytkownik\u00f3w by\u0142y przetwarzane zgodnie...\" \/>\n<meta property=\"og:url\" content=\"https:\/\/fml.com.pl\/ua\/polityka-prywatnosci\/\" \/>\n<meta property=\"og:site_name\" content=\"Fabryka Maszyn Le\u017cajsk\" \/>\n<meta property=\"article:modified_time\" content=\"2021-08-11T19:08:45+00:00\" \/>\n<meta name=\"twitter:card\" content=\"summary_large_image\" \/>\n<meta name=\"twitter:label1\" content=\"Szacowany czas czytania\" \/>\n\t<meta name=\"twitter:data1\" content=\"3 minuty\" \/>\n<script type=\"application\/ld+json\" class=\"yoast-schema-graph\">{\"@context\":\"https:\/\/schema.org\",\"@graph\":[{\"@type\":\"WebPage\",\"@id\":\"https:\/\/fml.com.pl\/ua\/polityka-prywatnosci\/\",\"url\":\"https:\/\/fml.com.pl\/ua\/polityka-prywatnosci\/\",\"name\":\"Polityka prywatno\u015bci - Fabryka Maszyn Le\u017cajsk\",\"isPartOf\":{\"@id\":\"https:\/\/fml.com.pl\/ua\/#website\"},\"datePublished\":\"2021-07-12T20:14:16+00:00\",\"dateModified\":\"2021-08-11T19:08:45+00:00\",\"breadcrumb\":{\"@id\":\"https:\/\/fml.com.pl\/ua\/polityka-prywatnosci\/#breadcrumb\"},\"inLanguage\":\"pl-PL\",\"potentialAction\":[{\"@type\":\"ReadAction\",\"target\":[\"https:\/\/fml.com.pl\/ua\/polityka-prywatnosci\/\"]}]},{\"@type\":\"BreadcrumbList\",\"@id\":\"https:\/\/fml.com.pl\/ua\/polityka-prywatnosci\/#breadcrumb\",\"itemListElement\":[{\"@type\":\"ListItem\",\"position\":1,\"name\":\"\u0413\u043e\u043b\u043e\u0432\u043d\u0430\",\"item\":\"https:\/\/fml.com.pl\/ua\/\"},{\"@type\":\"ListItem\",\"position\":2,\"name\":\"Polityka prywatno\u015bci\"}]},{\"@type\":\"WebSite\",\"@id\":\"https:\/\/fml.com.pl\/ua\/#website\",\"url\":\"https:\/\/fml.com.pl\/ua\/\",\"name\":\"Fabryka Maszyn Le\u017cajsk\",\"description\":\"\",\"potentialAction\":[{\"@type\":\"SearchAction\",\"target\":{\"@type\":\"EntryPoint\",\"urlTemplate\":\"https:\/\/fml.com.pl\/ua\/?s={search_term_string}\"},\"query-input\":\"required name=search_term_string\"}],\"inLanguage\":\"pl-PL\"}]}<\/script>\n<!-- \/ Yoast SEO plugin. -->","yoast_head_json":{"title":"Polityka prywatno\u015bci - Fabryka Maszyn Le\u017cajsk","robots":{"index":"index","follow":"follow","max-snippet":"max-snippet:-1","max-image-preview":"max-image-preview:large","max-video-preview":"max-video-preview:-1"},"canonical":"https:\/\/fml.com.pl\/ua\/polityka-prywatnosci\/","og_locale":"pl_PL","og_type":"article","og_title":"Polityka prywatno\u015bci - Fabryka Maszyn Le\u017cajsk","og_description":"PRZEDSI\u0118BIORSTWO FABRYKA MASZYN LE\u017bAJSK sp\u00f3\u0142ka z ograniczon\u0105 odpowiedzialno\u015bci\u0105 szanuje prawo do prywatno\u015bci i gwarantuje U\u017cytkownikom swoich us\u0142ug prawa w zakresie udost\u0119pniania informacji, kt\u00f3re Ich dotycz\u0105. Dok\u0142adamy wszelkich stara\u0144, aby informacje pozostawa\u0142y prywatne, a dane osobowe naszych U\u017cytkownik\u00f3w by\u0142y przetwarzane zgodnie...","og_url":"https:\/\/fml.com.pl\/ua\/polityka-prywatnosci\/","og_site_name":"Fabryka Maszyn Le\u017cajsk","article_modified_time":"2021-08-11T19:08:45+00:00","twitter_card":"summary_large_image","twitter_misc":{"Szacowany czas czytania":"3 minuty"},"schema":{"@context":"https:\/\/schema.org","@graph":[{"@type":"WebPage","@id":"https:\/\/fml.com.pl\/ua\/polityka-prywatnosci\/","url":"https:\/\/fml.com.pl\/ua\/polityka-prywatnosci\/","name":"Polityka prywatno\u015bci - Fabryka Maszyn Le\u017cajsk","isPartOf":{"@id":"https:\/\/fml.com.pl\/ua\/#website"},"datePublished":"2021-07-12T20:14:16+00:00","dateModified":"2021-08-11T19:08:45+00:00","breadcrumb":{"@id":"https:\/\/fml.com.pl\/ua\/polityka-prywatnosci\/#breadcrumb"},"inLanguage":"pl-PL","potentialAction":[{"@type":"ReadAction","target":["https:\/\/fml.com.pl\/ua\/polityka-prywatnosci\/"]}]},{"@type":"BreadcrumbList","@id":"https:\/\/fml.com.pl\/ua\/polityka-prywatnosci\/#breadcrumb","itemListElement":[{"@type":"ListItem","position":1,"name":"\u0413\u043e\u043b\u043e\u0432\u043d\u0430","item":"https:\/\/fml.com.pl\/ua\/"},{"@type":"ListItem","position":2,"name":"Polityka prywatno\u015bci"}]},{"@type":"WebSite","@id":"https:\/\/fml.com.pl\/ua\/#website","url":"https:\/\/fml.com.pl\/ua\/","name":"Fabryka Maszyn Le\u017cajsk","description":"","potentialAction":[{"@type":"SearchAction","target":{"@type":"EntryPoint","urlTemplate":"https:\/\/fml.com.pl\/ua\/?s={search_term_string}"},"query-input":"required name=search_term_string"}],"inLanguage":"pl-PL"}]}},"_links":{"self":[{"href":"https:\/\/fml.com.pl\/ua\/wp-json\/wp\/v2\/pages\/73"}],"collection":[{"href":"https:\/\/fml.com.pl\/ua\/wp-json\/wp\/v2\/pages"}],"about":[{"href":"https:\/\/fml.com.pl\/ua\/wp-json\/wp\/v2\/types\/page"}],"author":[{"embeddable":true,"href":"https:\/\/fml.com.pl\/ua\/wp-json\/wp\/v2\/users\/1"}],"replies":[{"embeddable":true,"href":"https:\/\/fml.com.pl\/ua\/wp-json\/wp\/v2\/comments?post=73"}],"version-history":[{"count":3,"href":"https:\/\/fml.com.pl\/ua\/wp-json\/wp\/v2\/pages\/73\/revisions"}],"predecessor-version":[{"id":552,"href":"https:\/\/fml.com.pl\/ua\/wp-json\/wp\/v2\/pages\/73\/revisions\/552"}],"wp:attachment":[{"href":"https:\/\/fml.com.pl\/ua\/wp-json\/wp\/v2\/media?parent=73"}],"curies":[{"name":"wp","href":"https:\/\/api.w.org\/{rel}","templated":true}]}}