{"id":920,"date":"2022-11-16T13:16:21","date_gmt":"2022-11-16T12:16:21","guid":{"rendered":"https:\/\/fml.com.pl\/ua\/?page_id=920"},"modified":"2024-04-16T19:56:32","modified_gmt":"2024-04-16T17:56:32","slug":"orenda-transportnikh-zasobv","status":"publish","type":"page","link":"https:\/\/fml.com.pl\/ua\/nasha-propozitsia\/orenda-transportnikh-zasobv\/","title":{"rendered":"\u041e\u0440\u0435\u043d\u0434\u0430 \u0442\u0440\u0430\u043d\u0441\u043f\u043e\u0440\u0442\u043d\u0438\u0445 \u0437\u0430\u0441\u043e\u0431\u0456\u0432"},"content":{"rendered":"<h3><img loading=\"lazy\" decoding=\"async\" class=\"size-large wp-image-2045 alignleft\" src=\"https:\/\/fml.com.pl\/ua\/wp-content\/uploads\/2023\/01\/Untitled-2-1024x338.png\" alt=\"\" width=\"1024\" height=\"338\" srcset=\"https:\/\/fml.com.pl\/ua\/wp-content\/uploads\/2023\/01\/Untitled-2-1024x338.png 1024w, https:\/\/fml.com.pl\/ua\/wp-content\/uploads\/2023\/01\/Untitled-2-300x99.png 300w, https:\/\/fml.com.pl\/ua\/wp-content\/uploads\/2023\/01\/Untitled-2-768x253.png 768w, https:\/\/fml.com.pl\/ua\/wp-content\/uploads\/2023\/01\/Untitled-2-1536x507.png 1536w, https:\/\/fml.com.pl\/ua\/wp-content\/uploads\/2023\/01\/Untitled-2-2048x675.png 2048w\" sizes=\"(max-width: 1024px) 100vw, 1024px\" \/><\/h3>\n<h3><\/h3>\n<p>&nbsp;<\/p>\n<h3><\/h3>\n<h3><\/h3>\n<h3><\/h3>\n<h3><\/h3>\n<h3><\/h3>\n<h3><\/h3>\n<h3 style=\"text-align: center;\"><strong>Proponowana* opcja wynajmu <\/strong><strong>fabrycznie <\/strong><strong>nowej <\/strong><\/h3>\n<h2 style=\"text-align: center;\"><strong>BETONOMIESZARKI FML 9m<sup>3<\/sup> lub 10m<sup>3<\/sup> <\/strong><strong>n<\/strong><strong>a podwoziu MAN TGS 35.430 8&#215;4 lub MB 3540 8&#215;4<\/strong><\/h2>\n<p style=\"text-align: left;\"><strong>PODSTAWOWE PARAMETRY PROGRAMU:<\/strong><\/p>\n<ul>\n<li>okres wynajmu: <strong>24 miesi\u0105ce<\/strong><\/li>\n<li>czynsz miesi\u0119czny: <strong>2500 EURO NETTO<\/strong><\/li>\n<li>zwrotna kaucja: <strong>5000 EURO<\/strong><\/li>\n<li><strong>gwarancja 12-miesi\u0119czna<\/strong> na podwozie i zabudow\u0119 ( mo\u017cliwo\u015b\u0107 przed\u0142u\u017cenia gwarancji do 24 miesi\u0119cy za dodatkow\u0105 op\u0142at\u0105)<\/li>\n<li>mo\u017cliwo\u015b\u0107 lakierowania betonomieszarki w<strong> barwach najemcy<\/strong> za dodatkow\u0105 op\u0142at\u0105<\/li>\n<li>ubezpieczenie OC oraz AC p\u0142atne przez najemc\u0119 ok.<strong> 200 EURO NETTO\/MIESI\u0104C<\/strong><\/li>\n<li>podatek drogowy <strong>p\u0142atny przez najemc\u0119<\/strong><\/li>\n<li>kwota wykupu betonomieszarki po 24 miesi\u0105cach: <strong>kwota do uzgodnienia<\/strong><\/li>\n<li>mo\u017cliwo\u015b\u0107 <strong>wcze\u015bniejszego wykupu<\/strong> betonomieszarki<\/li>\n<\/ul>\n<p style=\"text-align: left;\"><strong>ZALETY PROGRAMU DLA PA\u0143STWA FIRMY:<\/strong><\/p>\n<ul>\n<li>jasno skalkulowane<strong> rzeczywiste koszty u\u017cytkowania<\/strong> pojazdu<\/li>\n<li>ci\u0105g\u0142e u\u017cytkowanie nowego lub prawie nowego pojazdu z najnowszymi normami emisji spalin<\/li>\n<li>u\u017cytkowanie pojazdu obj\u0119tego <strong>pe\u0142n\u0105 gwarancj\u0105 producenta<\/strong><\/li>\n<li>mniejszy potencja\u0142 ryzyka zwi\u0105zanego z przestojami pojazdu z powodu napraw<\/li>\n<li>mo\u017cliwo\u015b\u0107 pozyskania nowego pojazdu bez zaci\u0105gania zobowi\u0105za\u0144 leasingowych lub bankowych<\/li>\n<li>sta\u0142a rata wynajmu niezale\u017cna od poziomu st\u00f3p procentowych<\/li>\n<li>mo\u017cliwo\u015b\u0107 oddania pojazdu po 24 miesi\u0105cach i pozyskania nowego pojazdu na kolejne 24 miesi\u0105ce<\/li>\n<li>mo\u017cliwo\u015b\u0107 wykupu pojazdu na korzystnych warunkach po zako\u0144czeniu wynajmu<\/li>\n<\/ul>\n<p>*ka\u017cda oferta rozpatrywana jest indywidualnie.<\/p>\n","protected":false},"excerpt":{"rendered":"<p>&nbsp; Proponowana* opcja wynajmu fabrycznie nowej BETONOMIESZARKI FML 9m3 lub 10m3 na podwoziu MAN TGS 35.430 8&#215;4 lub MB 3540 8&#215;4 PODSTAWOWE PARAMETRY PROGRAMU: okres wynajmu: 24 miesi\u0105ce czynsz miesi\u0119czny: 2500 EURO NETTO zwrotna kaucja: 5000 EURO gwarancja 12-miesi\u0119czna na&#8230;<\/p>\n","protected":false},"author":1,"featured_media":1057,"parent":12,"menu_order":12,"comment_status":"closed","ping_status":"closed","template":"","meta":{"_acf_changed":false,"footnotes":""},"acf":[],"yoast_head":"<!-- This site is optimized with the Yoast SEO plugin v22.0 - https:\/\/yoast.com\/wordpress\/plugins\/seo\/ -->\n<title>\u041e\u0440\u0435\u043d\u0434\u0430 \u0442\u0440\u0430\u043d\u0441\u043f\u043e\u0440\u0442\u043d\u0438\u0445 \u0437\u0430\u0441\u043e\u0431\u0456\u0432 - Fabryka Maszyn Le\u017cajsk<\/title>\n<meta name=\"robots\" content=\"index, follow, max-snippet:-1, max-image-preview:large, max-video-preview:-1\" \/>\n<link rel=\"canonical\" href=\"https:\/\/fml.com.pl\/ua\/nasha-propozitsia\/orenda-transportnikh-zasobv\/\" \/>\n<meta property=\"og:locale\" content=\"pl_PL\" \/>\n<meta property=\"og:type\" content=\"article\" \/>\n<meta property=\"og:title\" content=\"\u041e\u0440\u0435\u043d\u0434\u0430 \u0442\u0440\u0430\u043d\u0441\u043f\u043e\u0440\u0442\u043d\u0438\u0445 \u0437\u0430\u0441\u043e\u0431\u0456\u0432 - Fabryka Maszyn Le\u017cajsk\" \/>\n<meta property=\"og:description\" content=\"&nbsp; Proponowana* opcja wynajmu fabrycznie nowej BETONOMIESZARKI FML 9m3 lub 10m3 na podwoziu MAN TGS 35.430 8&#215;4 lub MB 3540 8&#215;4 PODSTAWOWE PARAMETRY PROGRAMU: okres wynajmu: 24 miesi\u0105ce czynsz miesi\u0119czny: 2500 EURO NETTO zwrotna kaucja: 5000 EURO gwarancja 12-miesi\u0119czna na...\" \/>\n<meta property=\"og:url\" content=\"https:\/\/fml.com.pl\/ua\/nasha-propozitsia\/orenda-transportnikh-zasobv\/\" \/>\n<meta property=\"og:site_name\" content=\"Fabryka Maszyn Le\u017cajsk\" \/>\n<meta property=\"article:modified_time\" content=\"2024-04-16T17:56:32+00:00\" \/>\n<meta property=\"og:image\" content=\"https:\/\/fml.com.pl\/ua\/wp-content\/uploads\/2022\/11\/WYNAJEM-POJAZDOW.jpg\" \/>\n\t<meta property=\"og:image:width\" content=\"1200\" \/>\n\t<meta property=\"og:image:height\" content=\"800\" \/>\n\t<meta property=\"og:image:type\" content=\"image\/jpeg\" \/>\n<meta name=\"twitter:card\" content=\"summary_large_image\" \/>\n<meta name=\"twitter:label1\" content=\"Szacowany czas czytania\" \/>\n\t<meta name=\"twitter:data1\" content=\"2 minuty\" \/>\n<script type=\"application\/ld+json\" class=\"yoast-schema-graph\">{\"@context\":\"https:\/\/schema.org\",\"@graph\":[{\"@type\":\"WebPage\",\"@id\":\"https:\/\/fml.com.pl\/ua\/nasha-propozitsia\/orenda-transportnikh-zasobv\/\",\"url\":\"https:\/\/fml.com.pl\/ua\/nasha-propozitsia\/orenda-transportnikh-zasobv\/\",\"name\":\"\u041e\u0440\u0435\u043d\u0434\u0430 \u0442\u0440\u0430\u043d\u0441\u043f\u043e\u0440\u0442\u043d\u0438\u0445 \u0437\u0430\u0441\u043e\u0431\u0456\u0432 - Fabryka Maszyn Le\u017cajsk\",\"isPartOf\":{\"@id\":\"https:\/\/fml.com.pl\/ua\/#website\"},\"datePublished\":\"2022-11-16T12:16:21+00:00\",\"dateModified\":\"2024-04-16T17:56:32+00:00\",\"breadcrumb\":{\"@id\":\"https:\/\/fml.com.pl\/ua\/nasha-propozitsia\/orenda-transportnikh-zasobv\/#breadcrumb\"},\"inLanguage\":\"pl-PL\",\"potentialAction\":[{\"@type\":\"ReadAction\",\"target\":[\"https:\/\/fml.com.pl\/ua\/nasha-propozitsia\/orenda-transportnikh-zasobv\/\"]}]},{\"@type\":\"BreadcrumbList\",\"@id\":\"https:\/\/fml.com.pl\/ua\/nasha-propozitsia\/orenda-transportnikh-zasobv\/#breadcrumb\",\"itemListElement\":[{\"@type\":\"ListItem\",\"position\":1,\"name\":\"\u0413\u043e\u043b\u043e\u0432\u043d\u0430\",\"item\":\"https:\/\/fml.com.pl\/ua\/\"},{\"@type\":\"ListItem\",\"position\":2,\"name\":\"\u041d\u0430\u0448\u0430 \u043f\u0440\u043e\u043f\u043e\u0437\u0438\u0446\u0456\u044f\",\"item\":\"https:\/\/fml.com.pl\/ua\/nasha-propozitsia\/\"},{\"@type\":\"ListItem\",\"position\":3,\"name\":\"\u041e\u0440\u0435\u043d\u0434\u0430 \u0442\u0440\u0430\u043d\u0441\u043f\u043e\u0440\u0442\u043d\u0438\u0445 \u0437\u0430\u0441\u043e\u0431\u0456\u0432\"}]},{\"@type\":\"WebSite\",\"@id\":\"https:\/\/fml.com.pl\/ua\/#website\",\"url\":\"https:\/\/fml.com.pl\/ua\/\",\"name\":\"Fabryka Maszyn Le\u017cajsk\",\"description\":\"\",\"potentialAction\":[{\"@type\":\"SearchAction\",\"target\":{\"@type\":\"EntryPoint\",\"urlTemplate\":\"https:\/\/fml.com.pl\/ua\/?s={search_term_string}\"},\"query-input\":\"required name=search_term_string\"}],\"inLanguage\":\"pl-PL\"}]}<\/script>\n<!-- \/ Yoast SEO plugin. -->","yoast_head_json":{"title":"\u041e\u0440\u0435\u043d\u0434\u0430 \u0442\u0440\u0430\u043d\u0441\u043f\u043e\u0440\u0442\u043d\u0438\u0445 \u0437\u0430\u0441\u043e\u0431\u0456\u0432 - Fabryka Maszyn Le\u017cajsk","robots":{"index":"index","follow":"follow","max-snippet":"max-snippet:-1","max-image-preview":"max-image-preview:large","max-video-preview":"max-video-preview:-1"},"canonical":"https:\/\/fml.com.pl\/ua\/nasha-propozitsia\/orenda-transportnikh-zasobv\/","og_locale":"pl_PL","og_type":"article","og_title":"\u041e\u0440\u0435\u043d\u0434\u0430 \u0442\u0440\u0430\u043d\u0441\u043f\u043e\u0440\u0442\u043d\u0438\u0445 \u0437\u0430\u0441\u043e\u0431\u0456\u0432 - Fabryka Maszyn Le\u017cajsk","og_description":"&nbsp; Proponowana* opcja wynajmu fabrycznie nowej BETONOMIESZARKI FML 9m3 lub 10m3 na podwoziu MAN TGS 35.430 8&#215;4 lub MB 3540 8&#215;4 PODSTAWOWE PARAMETRY PROGRAMU: okres wynajmu: 24 miesi\u0105ce czynsz miesi\u0119czny: 2500 EURO NETTO zwrotna kaucja: 5000 EURO gwarancja 12-miesi\u0119czna na...","og_url":"https:\/\/fml.com.pl\/ua\/nasha-propozitsia\/orenda-transportnikh-zasobv\/","og_site_name":"Fabryka Maszyn Le\u017cajsk","article_modified_time":"2024-04-16T17:56:32+00:00","og_image":[{"width":1200,"height":800,"url":"https:\/\/fml.com.pl\/ua\/wp-content\/uploads\/2022\/11\/WYNAJEM-POJAZDOW.jpg","type":"image\/jpeg"}],"twitter_card":"summary_large_image","twitter_misc":{"Szacowany czas czytania":"2 minuty"},"schema":{"@context":"https:\/\/schema.org","@graph":[{"@type":"WebPage","@id":"https:\/\/fml.com.pl\/ua\/nasha-propozitsia\/orenda-transportnikh-zasobv\/","url":"https:\/\/fml.com.pl\/ua\/nasha-propozitsia\/orenda-transportnikh-zasobv\/","name":"\u041e\u0440\u0435\u043d\u0434\u0430 \u0442\u0440\u0430\u043d\u0441\u043f\u043e\u0440\u0442\u043d\u0438\u0445 \u0437\u0430\u0441\u043e\u0431\u0456\u0432 - Fabryka Maszyn Le\u017cajsk","isPartOf":{"@id":"https:\/\/fml.com.pl\/ua\/#website"},"datePublished":"2022-11-16T12:16:21+00:00","dateModified":"2024-04-16T17:56:32+00:00","breadcrumb":{"@id":"https:\/\/fml.com.pl\/ua\/nasha-propozitsia\/orenda-transportnikh-zasobv\/#breadcrumb"},"inLanguage":"pl-PL","potentialAction":[{"@type":"ReadAction","target":["https:\/\/fml.com.pl\/ua\/nasha-propozitsia\/orenda-transportnikh-zasobv\/"]}]},{"@type":"BreadcrumbList","@id":"https:\/\/fml.com.pl\/ua\/nasha-propozitsia\/orenda-transportnikh-zasobv\/#breadcrumb","itemListElement":[{"@type":"ListItem","position":1,"name":"\u0413\u043e\u043b\u043e\u0432\u043d\u0430","item":"https:\/\/fml.com.pl\/ua\/"},{"@type":"ListItem","position":2,"name":"\u041d\u0430\u0448\u0430 \u043f\u0440\u043e\u043f\u043e\u0437\u0438\u0446\u0456\u044f","item":"https:\/\/fml.com.pl\/ua\/nasha-propozitsia\/"},{"@type":"ListItem","position":3,"name":"\u041e\u0440\u0435\u043d\u0434\u0430 \u0442\u0440\u0430\u043d\u0441\u043f\u043e\u0440\u0442\u043d\u0438\u0445 \u0437\u0430\u0441\u043e\u0431\u0456\u0432"}]},{"@type":"WebSite","@id":"https:\/\/fml.com.pl\/ua\/#website","url":"https:\/\/fml.com.pl\/ua\/","name":"Fabryka Maszyn Le\u017cajsk","description":"","potentialAction":[{"@type":"SearchAction","target":{"@type":"EntryPoint","urlTemplate":"https:\/\/fml.com.pl\/ua\/?s={search_term_string}"},"query-input":"required name=search_term_string"}],"inLanguage":"pl-PL"}]}},"_links":{"self":[{"href":"https:\/\/fml.com.pl\/ua\/wp-json\/wp\/v2\/pages\/920"}],"collection":[{"href":"https:\/\/fml.com.pl\/ua\/wp-json\/wp\/v2\/pages"}],"about":[{"href":"https:\/\/fml.com.pl\/ua\/wp-json\/wp\/v2\/types\/page"}],"author":[{"embeddable":true,"href":"https:\/\/fml.com.pl\/ua\/wp-json\/wp\/v2\/users\/1"}],"replies":[{"embeddable":true,"href":"https:\/\/fml.com.pl\/ua\/wp-json\/wp\/v2\/comments?post=920"}],"version-history":[{"count":36,"href":"https:\/\/fml.com.pl\/ua\/wp-json\/wp\/v2\/pages\/920\/revisions"}],"predecessor-version":[{"id":3323,"href":"https:\/\/fml.com.pl\/ua\/wp-json\/wp\/v2\/pages\/920\/revisions\/3323"}],"up":[{"embeddable":true,"href":"https:\/\/fml.com.pl\/ua\/wp-json\/wp\/v2\/pages\/12"}],"wp:featuredmedia":[{"embeddable":true,"href":"https:\/\/fml.com.pl\/ua\/wp-json\/wp\/v2\/media\/1057"}],"wp:attachment":[{"href":"https:\/\/fml.com.pl\/ua\/wp-json\/wp\/v2\/media?parent=920"}],"curies":[{"name":"wp","href":"https:\/\/api.w.org\/{rel}","templated":true}]}}